{"id":1116,"date":"2016-03-08T15:15:56","date_gmt":"2016-03-08T14:15:56","guid":{"rendered":"http:\/\/www.caregeneva.com\/sitemap\/?lang=en"},"modified":"2016-03-14T11:27:25","modified_gmt":"2016-03-14T10:27:25","slug":"sitemap","status":"publish","type":"page","link":"https:\/\/www.caregeneva.com\/en\/sitemap\/","title":{"rendered":"Sitemap"},"content":{"rendered":"<ul><li><a href=\"https:\/\/www.caregeneva.com\/en\/appointment\/\">Appointment<\/a><\/li>\n<li><a href=\"https:\/\/www.caregeneva.com\/en\/bariatric-surgery\/\">Bariatric Surgery<\/a><\/li>\n<li><a href=\"https:\/\/www.caregeneva.com\/en\/body\/\">Body<\/a><\/li>\n<li><a href=\"https:\/\/www.caregeneva.com\/en\/botulinum-toxin\/\">Botulinum toxin<\/a><\/li>\n<li><a href=\"https:\/\/www.caregeneva.com\/en\/breast-enlargement\/\">Breast augmentation<\/a><\/li>\n<li><a href=\"https:\/\/www.caregeneva.com\/en\/breast-lipofilling\/\">Breast Lipofilling<\/a><\/li>\n<li><a href=\"https:\/\/www.caregeneva.com\/en\/breast-reduction\/\">Breast Reduction<\/a><\/li>\n<li><a href=\"https:\/\/www.caregeneva.com\/en\/co2-fractional-laser\/\">CO2 Fractional Laser<\/a><\/li>\n<li><a href=\"https:\/\/www.caregeneva.com\/en\/complications-in-plastic-surgery\/\">Complications in Plastic Surgery<\/a><\/li>\n<li><a href=\"https:\/\/www.caregeneva.com\/en\/geneva-plastic-surgery-aesthetic-medicine-contact\/\">Contact<\/a><\/li>\n<li><a href=\"https:\/\/www.caregeneva.com\/en\/dr-alizadeh-international-expert-in-hyaluronic-acid-injection\/\">Dr Navid ALIZADEH, international expert injection hyaluronic acid<\/a><\/li>\n<li><a href=\"https:\/\/www.caregeneva.com\/en\/ear-surgery\/\">Ear Surgery<\/a><\/li>\n<li><a href=\"https:\/\/www.caregeneva.com\/en\/eyelid-surgery\/\">Eyelid Surgery<\/a><\/li>\n<li><a href=\"https:\/\/www.caregeneva.com\/en\/facelift\/\">Facelift<\/a><\/li>\n<li><a href=\"https:\/\/www.caregeneva.com\/en\/fat-transfer-buttock\/\">Fat transfer buttock Geneva<\/a><\/li>\n<li><a href=\"https:\/\/www.caregeneva.com\/en\/feedbacks\/\">Feedbacks<\/a><\/li>\n<li><a href=\"https:\/\/www.caregeneva.com\/en\/gynecomastia\/\">Gynecomastia<\/a><\/li>\n<li><a href=\"https:\/\/www.caregeneva.com\/en\/hipaa-privacy-policy\/\">HIPAA Privacy Policy<\/a><\/li>\n<li><a href=\"https:\/\/www.caregeneva.com\/en\/homepage\/\">Home<\/a><\/li>\n<li><a href=\"https:\/\/www.caregeneva.com\/en\/surgeons\/\">How to choose a surgeon<\/a><\/li>\n<li><a href=\"https:\/\/www.caregeneva.com\/en\/hyaluronic-acid-injection\/\">Hyaluronic acid injection fillers<\/a><\/li>\n<li><a href=\"https:\/\/www.caregeneva.com\/en\/macrolane\/\">Hyaluronic acid injection for buttock augmentation<\/a><\/li>\n<li><a href=\"https:\/\/www.caregeneva.com\/en\/lips-filler\/\">Hyaluronic acid lip filler<\/a><\/li>\n<li><a href=\"https:\/\/www.caregeneva.com\/en\/hydrafacial\/\">Hydrafacial<\/a><\/li>\n<li><a href=\"https:\/\/www.caregeneva.com\/en\/hyperhidrosis-botulinium-toxin\/\">Hyperhidrosis with botulinium toxin<\/a><\/li>\n<li><a href=\"https:\/\/www.caregeneva.com\/en\/links\/\">Links<\/a><\/li>\n<li><a href=\"https:\/\/www.caregeneva.com\/en\/lipofilling-face-geneva\/\">Lipofilling<\/a><\/li>\n<li><a href=\"https:\/\/www.caregeneva.com\/en\/liposuction\/\">Liposuction<\/a><\/li>\n<li><a href=\"https:\/\/www.caregeneva.com\/en\/mastopexy\/\">Masopexy or breast lift<\/a><\/li>\n<li><a href=\"https:\/\/www.caregeneva.com\/en\/meet-dr-navid-alizadeh\/\">Meet Dr Navid ALIZADEH<\/a><\/li>\n<li><a href=\"https:\/\/www.caregeneva.com\/en\/microneedling\/\">Microneedling<\/a><\/li>\n<li><a href=\"https:\/\/www.caregeneva.com\/en\/new-polynucleotide-anti-age-treatment-in-geneva\/\">New anti-age treatment with polynucleotides<\/a><\/li>\n<li><a href=\"https:\/\/www.caregeneva.com\/en\/news\/\">News<\/a><\/li>\n<li><a href=\"https:\/\/www.caregeneva.com\/en\/nose-job\/\">Nose Surgery<\/a><\/li>\n<li><a href=\"https:\/\/www.caregeneva.com\/en\/peels\/\">Peels<\/a><\/li>\n<li><a href=\"https:\/\/www.caregeneva.com\/en\/prices\/\">Prices<\/a><\/li>\n<li><a href=\"https:\/\/www.caregeneva.com\/en\/profhilo\/\">Profhilo<\/a><\/li>\n<li><a href=\"https:\/\/www.caregeneva.com\/en\/prp-platelet-rich-plasma\/\">PRP (platelet-rich plasma)<\/a><\/li>\n<li><a href=\"https:\/\/www.caregeneva.com\/en\/renuvion-innovation-for-the-treatment-of-sagging-skin-without-surgery\/\">Renuvion: Innovation for the treatment of sagging skin without surgery<\/a><\/li>\n<li><a href=\"https:\/\/www.caregeneva.com\/en\/changing-breast-implants\/\">Replacing breast implants<\/a><\/li>\n<li><a href=\"https:\/\/www.caregeneva.com\/en\/sitemap\/\">Sitemap<\/a><\/li>\n<li><a href=\"https:\/\/www.caregeneva.com\/en\/teaching-activity\/\">Teaching Activity<\/a><\/li>\n<li><a href=\"https:\/\/www.caregeneva.com\/en\/non-surgical-eye-treatment\/\">Tear through treatment with hyaluronic acid<\/a><\/li>\n<li><a href=\"https:\/\/www.caregeneva.com\/en\/terms-of-use\/\">Terms of Use<\/a><\/li>\n<li><a href=\"https:\/\/www.caregeneva.com\/en\/traitement-complications-injection-acide-hyaluronique\/\">Traitement des complications des Injections d\u2019acide hyaluronique<\/a><\/li>\n<li><a href=\"https:\/\/www.caregeneva.com\/en\/tummy-tuck\/\">Tummy Tuck<\/a><\/li>\n<li><a href=\"https:\/\/www.caregeneva.com\/en\/ulthera\/\">Ulthera and Ultherapy<\/a><\/li>\n<\/ul>\n","protected":false},"excerpt":{"rendered":"","protected":false},"author":4,"featured_media":0,"parent":0,"menu_order":0,"comment_status":"closed","ping_status":"closed","template":"","meta":{"footnotes":""},"class_list":["post-1116","page","type-page","status-publish","hentry"],"yoast_head":"<!-- This site is optimized with the Yoast SEO Premium plugin v24.4 (Yoast SEO v24.4) - https:\/\/yoast.com\/wordpress\/plugins\/seo\/ -->\n<title>Sitemap | Care Geneva Aesthetics<\/title>\n<meta name=\"robots\" content=\"noindex, follow\" \/>\n<meta property=\"og:locale\" content=\"en_US\" \/>\n<meta property=\"og:type\" content=\"article\" \/>\n<meta property=\"og:title\" content=\"Sitemap\" \/>\n<meta property=\"og:url\" content=\"https:\/\/www.caregeneva.com\/en\/sitemap\/\" \/>\n<meta property=\"og:site_name\" content=\"Care Geneva Aesthetics\" \/>\n<meta property=\"article:modified_time\" content=\"2016-03-14T10:27:25+00:00\" \/>\n<meta name=\"twitter:card\" content=\"summary_large_image\" \/>\n<script type=\"application\/ld+json\" class=\"yoast-schema-graph\">{\"@context\":\"https:\/\/schema.org\",\"@graph\":[{\"@type\":\"WebPage\",\"@id\":\"https:\/\/www.caregeneva.com\/en\/sitemap\/\",\"url\":\"https:\/\/www.caregeneva.com\/en\/sitemap\/\",\"name\":\"Sitemap | Care Geneva Aesthetics\",\"isPartOf\":{\"@id\":\"https:\/\/www.caregeneva.com\/en\/#website\"},\"datePublished\":\"2016-03-08T14:15:56+00:00\",\"dateModified\":\"2016-03-14T10:27:25+00:00\",\"breadcrumb\":{\"@id\":\"https:\/\/www.caregeneva.com\/en\/sitemap\/#breadcrumb\"},\"inLanguage\":\"en-US\",\"potentialAction\":[{\"@type\":\"ReadAction\",\"target\":[\"https:\/\/www.caregeneva.com\/en\/sitemap\/\"]}]},{\"@type\":\"BreadcrumbList\",\"@id\":\"https:\/\/www.caregeneva.com\/en\/sitemap\/#breadcrumb\",\"itemListElement\":[{\"@type\":\"ListItem\",\"position\":1,\"name\":\"Accueil\",\"item\":\"https:\/\/www.caregeneva.com\/en\/\"},{\"@type\":\"ListItem\",\"position\":2,\"name\":\"Sitemap\"}]},{\"@type\":\"WebSite\",\"@id\":\"https:\/\/www.caregeneva.com\/en\/#website\",\"url\":\"https:\/\/www.caregeneva.com\/en\/\",\"name\":\"Care Geneva Aesthetics\",\"description\":\"Clinique de chirurgie plastique et de m\u00e9decine esth\u00e9tique \u00e0 Gen\u00e8ve qui offre des traitements avec un r\u00e9sultat naturel et durable dans le temps, en s&#039;appuyant sur des techniques s\u00fbres et \u00e0 la pointe de la recherche scientifique\",\"potentialAction\":[{\"@type\":\"SearchAction\",\"target\":{\"@type\":\"EntryPoint\",\"urlTemplate\":\"https:\/\/www.caregeneva.com\/en\/?s={search_term_string}\"},\"query-input\":{\"@type\":\"PropertyValueSpecification\",\"valueRequired\":true,\"valueName\":\"search_term_string\"}}],\"inLanguage\":\"en-US\"}]}<\/script>\n<!-- \/ Yoast SEO Premium plugin. -->","yoast_head_json":{"title":"Sitemap | Care Geneva Aesthetics","robots":{"index":"noindex","follow":"follow"},"og_locale":"en_US","og_type":"article","og_title":"Sitemap","og_url":"https:\/\/www.caregeneva.com\/en\/sitemap\/","og_site_name":"Care Geneva Aesthetics","article_modified_time":"2016-03-14T10:27:25+00:00","twitter_card":"summary_large_image","schema":{"@context":"https:\/\/schema.org","@graph":[{"@type":"WebPage","@id":"https:\/\/www.caregeneva.com\/en\/sitemap\/","url":"https:\/\/www.caregeneva.com\/en\/sitemap\/","name":"Sitemap | Care Geneva Aesthetics","isPartOf":{"@id":"https:\/\/www.caregeneva.com\/en\/#website"},"datePublished":"2016-03-08T14:15:56+00:00","dateModified":"2016-03-14T10:27:25+00:00","breadcrumb":{"@id":"https:\/\/www.caregeneva.com\/en\/sitemap\/#breadcrumb"},"inLanguage":"en-US","potentialAction":[{"@type":"ReadAction","target":["https:\/\/www.caregeneva.com\/en\/sitemap\/"]}]},{"@type":"BreadcrumbList","@id":"https:\/\/www.caregeneva.com\/en\/sitemap\/#breadcrumb","itemListElement":[{"@type":"ListItem","position":1,"name":"Accueil","item":"https:\/\/www.caregeneva.com\/en\/"},{"@type":"ListItem","position":2,"name":"Sitemap"}]},{"@type":"WebSite","@id":"https:\/\/www.caregeneva.com\/en\/#website","url":"https:\/\/www.caregeneva.com\/en\/","name":"Care Geneva Aesthetics","description":"Clinique de chirurgie plastique et de m\u00e9decine esth\u00e9tique \u00e0 Gen\u00e8ve qui offre des traitements avec un r\u00e9sultat naturel et durable dans le temps, en s&#039;appuyant sur des techniques s\u00fbres et \u00e0 la pointe de la recherche scientifique","potentialAction":[{"@type":"SearchAction","target":{"@type":"EntryPoint","urlTemplate":"https:\/\/www.caregeneva.com\/en\/?s={search_term_string}"},"query-input":{"@type":"PropertyValueSpecification","valueRequired":true,"valueName":"search_term_string"}}],"inLanguage":"en-US"}]}},"_links":{"self":[{"href":"https:\/\/www.caregeneva.com\/en\/wp-json\/wp\/v2\/pages\/1116","targetHints":{"allow":["GET"]}}],"collection":[{"href":"https:\/\/www.caregeneva.com\/en\/wp-json\/wp\/v2\/pages"}],"about":[{"href":"https:\/\/www.caregeneva.com\/en\/wp-json\/wp\/v2\/types\/page"}],"author":[{"embeddable":true,"href":"https:\/\/www.caregeneva.com\/en\/wp-json\/wp\/v2\/users\/4"}],"replies":[{"embeddable":true,"href":"https:\/\/www.caregeneva.com\/en\/wp-json\/wp\/v2\/comments?post=1116"}],"version-history":[{"count":0,"href":"https:\/\/www.caregeneva.com\/en\/wp-json\/wp\/v2\/pages\/1116\/revisions"}],"wp:attachment":[{"href":"https:\/\/www.caregeneva.com\/en\/wp-json\/wp\/v2\/media?parent=1116"}],"curies":[{"name":"wp","href":"https:\/\/api.w.org\/{rel}","templated":true}]}}