{"id":2599,"date":"2017-10-05T15:12:56","date_gmt":"2017-10-05T14:12:56","guid":{"rendered":"https:\/\/www.caregeneva.com\/geneva-aesthetic-medicine\/prp-platelet-rich-plasma\/"},"modified":"2022-04-25T10:30:41","modified_gmt":"2022-04-25T09:30:41","slug":"prp-platelet-rich-plasma","status":"publish","type":"page","link":"https:\/\/www.caregeneva.com\/en\/prp-platelet-rich-plasma\/","title":{"rendered":"PRP (platelet-rich plasma)"},"content":{"rendered":"<section class=\"av_textblock_section \"  itemscope=\"itemscope\" itemtype=\"https:\/\/schema.org\/CreativeWork\" ><div class='avia_textblock  '   itemprop=\"text\" ><h2>PRP &#8211; platelet-rich plasma<\/h2>\n<p>PRP is a technique used in many medical specialties. In cosmetic surgery, we use it to rehydrate the skin, treat dark circles and furrows. PRP platelet-rich plasma can be combined with other techniques. It is also an interesting alternative to injecting fillers, especially <a href=\"https:\/\/www.caregeneva.com\/medecine-esthetique-de-geneve\/injection-dacide-hyaluronique-injection-de-fillers\/\">hyaluronic acid<\/a>.<\/p>\n<p>In our practice, we use platelet-rich plasma in particular to give a boost of radiance or to <a href=\"https:\/\/www.caregeneva.com\/en\/geneva-aesthetic-medicine\/non-surgical-eye-treatment\/\">treat dark circles with discoloration<\/a>.<\/p>\n<p>This involves collecting approximately 10ml of your own blood. The latter is then treated to obtain a citrine liquid called plasma, without red blood cells, but rich in platelets. As with mesotherapy, we perform an intradermal injection of plasma obtained from the entire area to be treated. The results are visible very quickly with little\/no side reaction.<\/p>\n<h3>Video to explain the technic<\/h3>\n<div class='avia-iframe-wrap'><iframe loading=\"lazy\" title=\"RegenLab PRP Kit preparation for Aesthetic Procedures\" width=\"1500\" height=\"844\" src=\"https:\/\/www.youtube.com\/embed\/S3sJkP3q1h4?feature=oembed\" frameborder=\"0\" allow=\"accelerometer; autoplay; clipboard-write; encrypted-media; gyroscope; picture-in-picture; web-share\" referrerpolicy=\"strict-origin-when-cross-origin\" allowfullscreen><\/iframe><\/div>\n<h3>Learn more about PRP &#8211; platelet-rich plasma<\/h3>\n<p>In general, we offer 2-3 sessions for optimal treatment. Then, a maintenance session is repeated every 3-6 months in order to maintain the results.<\/p>\n<p>Moreover, PRP can be used for the face, but also for the neck and d\u00e9collet\u00e9.<\/p>\n<p>Finally, PRP is used in case of hair loss. the protocol is the same. That is to say 3 sessions then a maintenance session every 3-6 months as needed.<\/p>\n<p>The price of the session is 600.- chf for the face or the hair. We offer packages for 3 sessions.<\/p>\n<p>Side effects are rare. The redness in the injected areas disappears quickly. infections are very seldom.<\/p>\n<\/div><\/section>\n","protected":false},"excerpt":{"rendered":"","protected":false},"author":4,"featured_media":0,"parent":0,"menu_order":0,"comment_status":"closed","ping_status":"closed","template":"","meta":{"footnotes":""},"class_list":["post-2599","page","type-page","status-publish","hentry"],"yoast_head":"<!-- This site is optimized with the Yoast SEO Premium plugin v24.4 (Yoast SEO v24.4) - https:\/\/yoast.com\/wordpress\/plugins\/seo\/ -->\n<title>PRP - platelet-rich plasma, your own cells for face and hair treatment<\/title>\n<meta name=\"description\" content=\"PRP (platelet-rich plasma) office based rejuvenation and beautification and hair restoration with your own cells, without down-time\" \/>\n<meta name=\"robots\" content=\"index, follow, max-snippet:-1, max-image-preview:large, max-video-preview:-1\" \/>\n<link rel=\"canonical\" href=\"https:\/\/www.caregeneva.com\/en\/prp-platelet-rich-plasma\/\" \/>\n<meta property=\"og:locale\" content=\"en_US\" \/>\n<meta property=\"og:type\" content=\"article\" \/>\n<meta property=\"og:title\" content=\"PRP (platelet-rich plasma)\" \/>\n<meta property=\"og:description\" content=\"PRP (platelet-rich plasma) office based rejuvenation and beautification and hair restoration with your own cells, without down-time\" \/>\n<meta property=\"og:url\" content=\"https:\/\/www.caregeneva.com\/en\/prp-platelet-rich-plasma\/\" \/>\n<meta property=\"og:site_name\" content=\"Care Geneva Aesthetics\" \/>\n<meta property=\"article:modified_time\" content=\"2022-04-25T09:30:41+00:00\" \/>\n<meta name=\"twitter:card\" content=\"summary_large_image\" \/>\n<meta name=\"twitter:label1\" content=\"Est. reading time\" \/>\n\t<meta name=\"twitter:data1\" content=\"2 minutes\" \/>\n<script type=\"application\/ld+json\" class=\"yoast-schema-graph\">{\"@context\":\"https:\/\/schema.org\",\"@graph\":[{\"@type\":\"WebPage\",\"@id\":\"https:\/\/www.caregeneva.com\/en\/prp-platelet-rich-plasma\/\",\"url\":\"https:\/\/www.caregeneva.com\/en\/prp-platelet-rich-plasma\/\",\"name\":\"PRP - platelet-rich plasma, your own cells for face and hair treatment\",\"isPartOf\":{\"@id\":\"https:\/\/www.caregeneva.com\/en\/#website\"},\"datePublished\":\"2017-10-05T14:12:56+00:00\",\"dateModified\":\"2022-04-25T09:30:41+00:00\",\"description\":\"PRP (platelet-rich plasma) office based rejuvenation and beautification and hair restoration with your own cells, without down-time\",\"breadcrumb\":{\"@id\":\"https:\/\/www.caregeneva.com\/en\/prp-platelet-rich-plasma\/#breadcrumb\"},\"inLanguage\":\"en-US\",\"potentialAction\":[{\"@type\":\"ReadAction\",\"target\":[\"https:\/\/www.caregeneva.com\/en\/prp-platelet-rich-plasma\/\"]}]},{\"@type\":\"BreadcrumbList\",\"@id\":\"https:\/\/www.caregeneva.com\/en\/prp-platelet-rich-plasma\/#breadcrumb\",\"itemListElement\":[{\"@type\":\"ListItem\",\"position\":1,\"name\":\"Accueil\",\"item\":\"https:\/\/www.caregeneva.com\/en\/\"},{\"@type\":\"ListItem\",\"position\":2,\"name\":\"PRP (platelet-rich plasma)\"}]},{\"@type\":\"WebSite\",\"@id\":\"https:\/\/www.caregeneva.com\/en\/#website\",\"url\":\"https:\/\/www.caregeneva.com\/en\/\",\"name\":\"Care Geneva Aesthetics\",\"description\":\"Clinique de chirurgie plastique et de m\u00e9decine esth\u00e9tique \u00e0 Gen\u00e8ve qui offre des traitements avec un r\u00e9sultat naturel et durable dans le temps, en s&#039;appuyant sur des techniques s\u00fbres et \u00e0 la pointe de la recherche scientifique\",\"potentialAction\":[{\"@type\":\"SearchAction\",\"target\":{\"@type\":\"EntryPoint\",\"urlTemplate\":\"https:\/\/www.caregeneva.com\/en\/?s={search_term_string}\"},\"query-input\":{\"@type\":\"PropertyValueSpecification\",\"valueRequired\":true,\"valueName\":\"search_term_string\"}}],\"inLanguage\":\"en-US\"}]}<\/script>\n<!-- \/ Yoast SEO Premium plugin. -->","yoast_head_json":{"title":"PRP - platelet-rich plasma, your own cells for face and hair treatment","description":"PRP (platelet-rich plasma) office based rejuvenation and beautification and hair restoration with your own cells, without down-time","robots":{"index":"index","follow":"follow","max-snippet":"max-snippet:-1","max-image-preview":"max-image-preview:large","max-video-preview":"max-video-preview:-1"},"canonical":"https:\/\/www.caregeneva.com\/en\/prp-platelet-rich-plasma\/","og_locale":"en_US","og_type":"article","og_title":"PRP (platelet-rich plasma)","og_description":"PRP (platelet-rich plasma) office based rejuvenation and beautification and hair restoration with your own cells, without down-time","og_url":"https:\/\/www.caregeneva.com\/en\/prp-platelet-rich-plasma\/","og_site_name":"Care Geneva Aesthetics","article_modified_time":"2022-04-25T09:30:41+00:00","twitter_card":"summary_large_image","twitter_misc":{"Est. reading time":"2 minutes"},"schema":{"@context":"https:\/\/schema.org","@graph":[{"@type":"WebPage","@id":"https:\/\/www.caregeneva.com\/en\/prp-platelet-rich-plasma\/","url":"https:\/\/www.caregeneva.com\/en\/prp-platelet-rich-plasma\/","name":"PRP - platelet-rich plasma, your own cells for face and hair treatment","isPartOf":{"@id":"https:\/\/www.caregeneva.com\/en\/#website"},"datePublished":"2017-10-05T14:12:56+00:00","dateModified":"2022-04-25T09:30:41+00:00","description":"PRP (platelet-rich plasma) office based rejuvenation and beautification and hair restoration with your own cells, without down-time","breadcrumb":{"@id":"https:\/\/www.caregeneva.com\/en\/prp-platelet-rich-plasma\/#breadcrumb"},"inLanguage":"en-US","potentialAction":[{"@type":"ReadAction","target":["https:\/\/www.caregeneva.com\/en\/prp-platelet-rich-plasma\/"]}]},{"@type":"BreadcrumbList","@id":"https:\/\/www.caregeneva.com\/en\/prp-platelet-rich-plasma\/#breadcrumb","itemListElement":[{"@type":"ListItem","position":1,"name":"Accueil","item":"https:\/\/www.caregeneva.com\/en\/"},{"@type":"ListItem","position":2,"name":"PRP (platelet-rich plasma)"}]},{"@type":"WebSite","@id":"https:\/\/www.caregeneva.com\/en\/#website","url":"https:\/\/www.caregeneva.com\/en\/","name":"Care Geneva Aesthetics","description":"Clinique de chirurgie plastique et de m\u00e9decine esth\u00e9tique \u00e0 Gen\u00e8ve qui offre des traitements avec un r\u00e9sultat naturel et durable dans le temps, en s&#039;appuyant sur des techniques s\u00fbres et \u00e0 la pointe de la recherche scientifique","potentialAction":[{"@type":"SearchAction","target":{"@type":"EntryPoint","urlTemplate":"https:\/\/www.caregeneva.com\/en\/?s={search_term_string}"},"query-input":{"@type":"PropertyValueSpecification","valueRequired":true,"valueName":"search_term_string"}}],"inLanguage":"en-US"}]}},"_links":{"self":[{"href":"https:\/\/www.caregeneva.com\/en\/wp-json\/wp\/v2\/pages\/2599","targetHints":{"allow":["GET"]}}],"collection":[{"href":"https:\/\/www.caregeneva.com\/en\/wp-json\/wp\/v2\/pages"}],"about":[{"href":"https:\/\/www.caregeneva.com\/en\/wp-json\/wp\/v2\/types\/page"}],"author":[{"embeddable":true,"href":"https:\/\/www.caregeneva.com\/en\/wp-json\/wp\/v2\/users\/4"}],"replies":[{"embeddable":true,"href":"https:\/\/www.caregeneva.com\/en\/wp-json\/wp\/v2\/comments?post=2599"}],"version-history":[{"count":0,"href":"https:\/\/www.caregeneva.com\/en\/wp-json\/wp\/v2\/pages\/2599\/revisions"}],"wp:attachment":[{"href":"https:\/\/www.caregeneva.com\/en\/wp-json\/wp\/v2\/media?parent=2599"}],"curies":[{"name":"wp","href":"https:\/\/api.w.org\/{rel}","templated":true}]}}