{"id":4183,"date":"2020-04-05T17:09:18","date_gmt":"2020-04-05T16:09:18","guid":{"rendered":"https:\/\/www.caregeneva.com\/?page_id=4183"},"modified":"2025-02-10T12:07:35","modified_gmt":"2025-02-10T11:07:35","slug":"gynecomastia","status":"publish","type":"page","link":"https:\/\/www.caregeneva.com\/en\/gynecomastia\/","title":{"rendered":"Gynecomastia"},"content":{"rendered":"<div class=\"flex_column av_one_full  flex_column_div av-zero-column-padding first  avia-builder-el-0  avia-builder-el-no-sibling  \" style='border-radius:0px; '><section class=\"av_textblock_section \"  itemscope=\"itemscope\" itemtype=\"https:\/\/schema.org\/CreativeWork\" ><div class='avia_textblock  '   itemprop=\"text\" ><h2>Gynecomastia<\/h2>\n<p>Gynecomastia is the presence of tissue excess on the chest area in male. In case of presence of mammary gland, the daignosis is true gynecomastia. And in case of the presence of fatty tissue, the diagosis is pseudo-gynecomastia.<\/p>\n<p>The diagnosis of gynecomastia in Geneva is made by a clinical examination. It is completed by an ultrasound which highlights the presence of the mammary gland. A hormonal assessment with dosage of blood prolactin makes it possible to rule out hormonal disorders which are exceptional.<\/p>\n<p>The treatment of gynecomastia is always surgical. However, in adolescents, it is preferred to wait until the end of growth. Because the majority of cases, we can hope for an involution of the mammary gland.<\/p>\n<h3>Learn more<\/h3>\n<p>An algorithm makes it possible to choose, according to the type of gynecomastia, the most adopted technique. The most used techniques are glandular excision by an incision around the areola. This technique can be supplemented by <a href=\"https:\/\/www.caregeneva.com\/en\/geneva-body-procedures__trashed\/liposuction\/\">liposuction<\/a> to extract the excess fat that accompanies certain gynecomastia and to improve the aesthetic result. In the case of pseudo-gynecomastia, liposuction alone is generally sufficient, because there is no mammary gland.<\/p>\n<p>In some severe cases, in addition to the presence of gland and excess of fat, there is also an excess of skin with tissue ptosis. If the excess skin is moderate and the skin is elastic, liposuction alone allows the skin to retract.<\/p>\n<p>Sometimes, due to greater skin excess, liposuction can be combined with a <a href=\"https:\/\/www.caregeneva.com\/en\/geneva-body-procedures__trashed\/renuvion-innovation-for-the-treatment-of-sagging-skin-without-surgery\/\">Renuvion treatment<\/a>. This technique makes it possible to treat more important skin excess.<\/p>\n<p>Finally, in case of severe excess skin, skin excision is mandatory inorder to obtain a good result. This requires a scar all around the areola, or even in some cases, a vertical scar descending from the areola to the pectoral groove.<\/p>\n<\/div><\/section><\/div>\n","protected":false},"excerpt":{"rendered":"","protected":false},"author":4,"featured_media":0,"parent":0,"menu_order":0,"comment_status":"closed","ping_status":"closed","template":"","meta":{"footnotes":""},"class_list":["post-4183","page","type-page","status-publish","hentry"],"yoast_head":"<!-- This site is optimized with the Yoast SEO Premium plugin v24.4 (Yoast SEO v24.4) - https:\/\/yoast.com\/wordpress\/plugins\/seo\/ -->\n<title>Gynecomastia Geneva: explanations and treatments<\/title>\n<meta name=\"description\" content=\"Gynecomastia Geneva is the presence of a mammary gland in men at the level of the chest wall behind the nipple. Here are the treatments.\" \/>\n<meta name=\"robots\" content=\"index, follow, max-snippet:-1, max-image-preview:large, max-video-preview:-1\" \/>\n<link rel=\"canonical\" href=\"https:\/\/www.caregeneva.com\/en\/gynecomastia\/\" \/>\n<meta property=\"og:locale\" content=\"en_US\" \/>\n<meta property=\"og:type\" content=\"article\" \/>\n<meta property=\"og:title\" content=\"Gynecomastia\" \/>\n<meta property=\"og:description\" content=\"Gynecomastia Geneva is the presence of a mammary gland in men at the level of the chest wall behind the nipple. Here are the treatments.\" \/>\n<meta property=\"og:url\" content=\"https:\/\/www.caregeneva.com\/en\/gynecomastia\/\" \/>\n<meta property=\"og:site_name\" content=\"Care Geneva Aesthetics\" \/>\n<meta property=\"article:modified_time\" content=\"2025-02-10T11:07:35+00:00\" \/>\n<meta name=\"twitter:card\" content=\"summary_large_image\" \/>\n<meta name=\"twitter:label1\" content=\"Est. reading time\" \/>\n\t<meta name=\"twitter:data1\" content=\"2 minutes\" \/>\n<script type=\"application\/ld+json\" class=\"yoast-schema-graph\">{\"@context\":\"https:\/\/schema.org\",\"@graph\":[{\"@type\":\"WebPage\",\"@id\":\"https:\/\/www.caregeneva.com\/en\/gynecomastia\/\",\"url\":\"https:\/\/www.caregeneva.com\/en\/gynecomastia\/\",\"name\":\"Gynecomastia Geneva: explanations and treatments\",\"isPartOf\":{\"@id\":\"https:\/\/www.caregeneva.com\/en\/#website\"},\"datePublished\":\"2020-04-05T16:09:18+00:00\",\"dateModified\":\"2025-02-10T11:07:35+00:00\",\"description\":\"Gynecomastia Geneva is the presence of a mammary gland in men at the level of the chest wall behind the nipple. Here are the treatments.\",\"breadcrumb\":{\"@id\":\"https:\/\/www.caregeneva.com\/en\/gynecomastia\/#breadcrumb\"},\"inLanguage\":\"en-US\",\"potentialAction\":[{\"@type\":\"ReadAction\",\"target\":[\"https:\/\/www.caregeneva.com\/en\/gynecomastia\/\"]}]},{\"@type\":\"BreadcrumbList\",\"@id\":\"https:\/\/www.caregeneva.com\/en\/gynecomastia\/#breadcrumb\",\"itemListElement\":[{\"@type\":\"ListItem\",\"position\":1,\"name\":\"Accueil\",\"item\":\"https:\/\/www.caregeneva.com\/en\/\"},{\"@type\":\"ListItem\",\"position\":2,\"name\":\"Gynecomastia\"}]},{\"@type\":\"WebSite\",\"@id\":\"https:\/\/www.caregeneva.com\/en\/#website\",\"url\":\"https:\/\/www.caregeneva.com\/en\/\",\"name\":\"Care Geneva Aesthetics\",\"description\":\"Clinique de chirurgie plastique et de m\u00e9decine esth\u00e9tique \u00e0 Gen\u00e8ve qui offre des traitements avec un r\u00e9sultat naturel et durable dans le temps, en s&#039;appuyant sur des techniques s\u00fbres et \u00e0 la pointe de la recherche scientifique\",\"potentialAction\":[{\"@type\":\"SearchAction\",\"target\":{\"@type\":\"EntryPoint\",\"urlTemplate\":\"https:\/\/www.caregeneva.com\/en\/?s={search_term_string}\"},\"query-input\":{\"@type\":\"PropertyValueSpecification\",\"valueRequired\":true,\"valueName\":\"search_term_string\"}}],\"inLanguage\":\"en-US\"}]}<\/script>\n<!-- \/ Yoast SEO Premium plugin. -->","yoast_head_json":{"title":"Gynecomastia Geneva: explanations and treatments","description":"Gynecomastia Geneva is the presence of a mammary gland in men at the level of the chest wall behind the nipple. Here are the treatments.","robots":{"index":"index","follow":"follow","max-snippet":"max-snippet:-1","max-image-preview":"max-image-preview:large","max-video-preview":"max-video-preview:-1"},"canonical":"https:\/\/www.caregeneva.com\/en\/gynecomastia\/","og_locale":"en_US","og_type":"article","og_title":"Gynecomastia","og_description":"Gynecomastia Geneva is the presence of a mammary gland in men at the level of the chest wall behind the nipple. Here are the treatments.","og_url":"https:\/\/www.caregeneva.com\/en\/gynecomastia\/","og_site_name":"Care Geneva Aesthetics","article_modified_time":"2025-02-10T11:07:35+00:00","twitter_card":"summary_large_image","twitter_misc":{"Est. reading time":"2 minutes"},"schema":{"@context":"https:\/\/schema.org","@graph":[{"@type":"WebPage","@id":"https:\/\/www.caregeneva.com\/en\/gynecomastia\/","url":"https:\/\/www.caregeneva.com\/en\/gynecomastia\/","name":"Gynecomastia Geneva: explanations and treatments","isPartOf":{"@id":"https:\/\/www.caregeneva.com\/en\/#website"},"datePublished":"2020-04-05T16:09:18+00:00","dateModified":"2025-02-10T11:07:35+00:00","description":"Gynecomastia Geneva is the presence of a mammary gland in men at the level of the chest wall behind the nipple. Here are the treatments.","breadcrumb":{"@id":"https:\/\/www.caregeneva.com\/en\/gynecomastia\/#breadcrumb"},"inLanguage":"en-US","potentialAction":[{"@type":"ReadAction","target":["https:\/\/www.caregeneva.com\/en\/gynecomastia\/"]}]},{"@type":"BreadcrumbList","@id":"https:\/\/www.caregeneva.com\/en\/gynecomastia\/#breadcrumb","itemListElement":[{"@type":"ListItem","position":1,"name":"Accueil","item":"https:\/\/www.caregeneva.com\/en\/"},{"@type":"ListItem","position":2,"name":"Gynecomastia"}]},{"@type":"WebSite","@id":"https:\/\/www.caregeneva.com\/en\/#website","url":"https:\/\/www.caregeneva.com\/en\/","name":"Care Geneva Aesthetics","description":"Clinique de chirurgie plastique et de m\u00e9decine esth\u00e9tique \u00e0 Gen\u00e8ve qui offre des traitements avec un r\u00e9sultat naturel et durable dans le temps, en s&#039;appuyant sur des techniques s\u00fbres et \u00e0 la pointe de la recherche scientifique","potentialAction":[{"@type":"SearchAction","target":{"@type":"EntryPoint","urlTemplate":"https:\/\/www.caregeneva.com\/en\/?s={search_term_string}"},"query-input":{"@type":"PropertyValueSpecification","valueRequired":true,"valueName":"search_term_string"}}],"inLanguage":"en-US"}]}},"_links":{"self":[{"href":"https:\/\/www.caregeneva.com\/en\/wp-json\/wp\/v2\/pages\/4183","targetHints":{"allow":["GET"]}}],"collection":[{"href":"https:\/\/www.caregeneva.com\/en\/wp-json\/wp\/v2\/pages"}],"about":[{"href":"https:\/\/www.caregeneva.com\/en\/wp-json\/wp\/v2\/types\/page"}],"author":[{"embeddable":true,"href":"https:\/\/www.caregeneva.com\/en\/wp-json\/wp\/v2\/users\/4"}],"replies":[{"embeddable":true,"href":"https:\/\/www.caregeneva.com\/en\/wp-json\/wp\/v2\/comments?post=4183"}],"version-history":[{"count":2,"href":"https:\/\/www.caregeneva.com\/en\/wp-json\/wp\/v2\/pages\/4183\/revisions"}],"predecessor-version":[{"id":7451,"href":"https:\/\/www.caregeneva.com\/en\/wp-json\/wp\/v2\/pages\/4183\/revisions\/7451"}],"wp:attachment":[{"href":"https:\/\/www.caregeneva.com\/en\/wp-json\/wp\/v2\/media?parent=4183"}],"curies":[{"name":"wp","href":"https:\/\/api.w.org\/{rel}","templated":true}]}}