{"id":511,"date":"2016-03-08T10:12:55","date_gmt":"2016-03-08T09:12:55","guid":{"rendered":"http:\/\/www.caregeneva.com\/?page_id=511&#038;lang=en"},"modified":"2024-12-06T09:12:32","modified_gmt":"2024-12-06T08:12:32","slug":"links","status":"publish","type":"page","link":"https:\/\/www.caregeneva.com\/en\/links\/","title":{"rendered":"Links"},"content":{"rendered":"<h1>Care Geneva Links<\/h1>\n<p>Click on the links below to go directly to the websites of our partners and important site.<\/p>\n<ul>\n<li><a href=\"https:\/\/www.dentiste-geneve-alizadeh.ch\">Dr Omid ALIZADEH, Dentist<\/a><\/li>\n<li><a href=\"https:\/\/plasticsurgery.ch\/en\/\">Swiss Society of Plastic Reconstructive and Aesthetic Surgery (SSCPRE)<\/a><\/li>\n<li><a href=\"https:\/\/amge.ch\">Physician Association of Geneva (AMG)<\/a><\/li>\n<li><a href=\"https:\/\/www.researchgate.net\">Researchgate<\/a><\/li>\n<li><a href=\"http:\/\/www.beaulieu.ch\" target=\"_blank\" rel=\"noopener\">Clinique G\u00e9n\u00e9rale Beaulieu<\/a><\/li>\n<li><a href=\"http:\/\/www.laplaine.ch\" target=\"_blank\" rel=\"noopener\">Clinic de la Plaine<\/a><\/li>\n<\/ul>\n","protected":false},"excerpt":{"rendered":"<p>Care Geneva Links Click on the links below to go directly to the websites of our partners and important site. Dr Omid ALIZADEH, Dentist Swiss Society of Plastic Reconstructive and Aesthetic Surgery (SSCPRE) Physician Association of Geneva (AMG) Researchgate Clinique G\u00e9n\u00e9rale Beaulieu Clinic de la Plaine<\/p>\n","protected":false},"author":4,"featured_media":0,"parent":0,"menu_order":0,"comment_status":"closed","ping_status":"closed","template":"","meta":{"footnotes":""},"class_list":["post-511","page","type-page","status-publish","hentry"],"yoast_head":"<!-- This site is optimized with the Yoast SEO Premium plugin v24.4 (Yoast SEO v24.4) - https:\/\/yoast.com\/wordpress\/plugins\/seo\/ -->\n<title>Links | Care Geneva Aesthetics<\/title>\n<meta name=\"robots\" content=\"noindex, follow\" \/>\n<meta property=\"og:locale\" content=\"en_US\" \/>\n<meta property=\"og:type\" content=\"article\" \/>\n<meta property=\"og:title\" content=\"Links\" \/>\n<meta property=\"og:description\" content=\"Care Geneva Links Click on the links below to go directly to the websites of our partners and important site. Dr Omid ALIZADEH, Dentist Swiss Society of Plastic Reconstructive and Aesthetic Surgery (SSCPRE) Physician Association of Geneva (AMG) Researchgate Clinique G\u00e9n\u00e9rale Beaulieu Clinic de la Plaine\" \/>\n<meta property=\"og:url\" content=\"https:\/\/www.caregeneva.com\/en\/links\/\" \/>\n<meta property=\"og:site_name\" content=\"Care Geneva Aesthetics\" \/>\n<meta property=\"article:modified_time\" content=\"2024-12-06T08:12:32+00:00\" \/>\n<meta name=\"twitter:card\" content=\"summary_large_image\" \/>\n<meta name=\"twitter:label1\" content=\"Est. reading time\" \/>\n\t<meta name=\"twitter:data1\" content=\"1 minute\" \/>\n<script type=\"application\/ld+json\" class=\"yoast-schema-graph\">{\"@context\":\"https:\/\/schema.org\",\"@graph\":[{\"@type\":\"WebPage\",\"@id\":\"https:\/\/www.caregeneva.com\/en\/links\/\",\"url\":\"https:\/\/www.caregeneva.com\/en\/links\/\",\"name\":\"Links | Care Geneva Aesthetics\",\"isPartOf\":{\"@id\":\"https:\/\/www.caregeneva.com\/en\/#website\"},\"datePublished\":\"2016-03-08T09:12:55+00:00\",\"dateModified\":\"2024-12-06T08:12:32+00:00\",\"breadcrumb\":{\"@id\":\"https:\/\/www.caregeneva.com\/en\/links\/#breadcrumb\"},\"inLanguage\":\"en-US\",\"potentialAction\":[{\"@type\":\"ReadAction\",\"target\":[\"https:\/\/www.caregeneva.com\/en\/links\/\"]}]},{\"@type\":\"BreadcrumbList\",\"@id\":\"https:\/\/www.caregeneva.com\/en\/links\/#breadcrumb\",\"itemListElement\":[{\"@type\":\"ListItem\",\"position\":1,\"name\":\"Accueil\",\"item\":\"https:\/\/www.caregeneva.com\/en\/\"},{\"@type\":\"ListItem\",\"position\":2,\"name\":\"Links\"}]},{\"@type\":\"WebSite\",\"@id\":\"https:\/\/www.caregeneva.com\/en\/#website\",\"url\":\"https:\/\/www.caregeneva.com\/en\/\",\"name\":\"Care Geneva Aesthetics\",\"description\":\"Clinique de chirurgie plastique et de m\u00e9decine esth\u00e9tique \u00e0 Gen\u00e8ve qui offre des traitements avec un r\u00e9sultat naturel et durable dans le temps, en s&#039;appuyant sur des techniques s\u00fbres et \u00e0 la pointe de la recherche scientifique\",\"potentialAction\":[{\"@type\":\"SearchAction\",\"target\":{\"@type\":\"EntryPoint\",\"urlTemplate\":\"https:\/\/www.caregeneva.com\/en\/?s={search_term_string}\"},\"query-input\":{\"@type\":\"PropertyValueSpecification\",\"valueRequired\":true,\"valueName\":\"search_term_string\"}}],\"inLanguage\":\"en-US\"}]}<\/script>\n<!-- \/ Yoast SEO Premium plugin. -->","yoast_head_json":{"title":"Links | Care Geneva Aesthetics","robots":{"index":"noindex","follow":"follow"},"og_locale":"en_US","og_type":"article","og_title":"Links","og_description":"Care Geneva Links Click on the links below to go directly to the websites of our partners and important site. Dr Omid ALIZADEH, Dentist Swiss Society of Plastic Reconstructive and Aesthetic Surgery (SSCPRE) Physician Association of Geneva (AMG) Researchgate Clinique G\u00e9n\u00e9rale Beaulieu Clinic de la Plaine","og_url":"https:\/\/www.caregeneva.com\/en\/links\/","og_site_name":"Care Geneva Aesthetics","article_modified_time":"2024-12-06T08:12:32+00:00","twitter_card":"summary_large_image","twitter_misc":{"Est. reading time":"1 minute"},"schema":{"@context":"https:\/\/schema.org","@graph":[{"@type":"WebPage","@id":"https:\/\/www.caregeneva.com\/en\/links\/","url":"https:\/\/www.caregeneva.com\/en\/links\/","name":"Links | Care Geneva Aesthetics","isPartOf":{"@id":"https:\/\/www.caregeneva.com\/en\/#website"},"datePublished":"2016-03-08T09:12:55+00:00","dateModified":"2024-12-06T08:12:32+00:00","breadcrumb":{"@id":"https:\/\/www.caregeneva.com\/en\/links\/#breadcrumb"},"inLanguage":"en-US","potentialAction":[{"@type":"ReadAction","target":["https:\/\/www.caregeneva.com\/en\/links\/"]}]},{"@type":"BreadcrumbList","@id":"https:\/\/www.caregeneva.com\/en\/links\/#breadcrumb","itemListElement":[{"@type":"ListItem","position":1,"name":"Accueil","item":"https:\/\/www.caregeneva.com\/en\/"},{"@type":"ListItem","position":2,"name":"Links"}]},{"@type":"WebSite","@id":"https:\/\/www.caregeneva.com\/en\/#website","url":"https:\/\/www.caregeneva.com\/en\/","name":"Care Geneva Aesthetics","description":"Clinique de chirurgie plastique et de m\u00e9decine esth\u00e9tique \u00e0 Gen\u00e8ve qui offre des traitements avec un r\u00e9sultat naturel et durable dans le temps, en s&#039;appuyant sur des techniques s\u00fbres et \u00e0 la pointe de la recherche scientifique","potentialAction":[{"@type":"SearchAction","target":{"@type":"EntryPoint","urlTemplate":"https:\/\/www.caregeneva.com\/en\/?s={search_term_string}"},"query-input":{"@type":"PropertyValueSpecification","valueRequired":true,"valueName":"search_term_string"}}],"inLanguage":"en-US"}]}},"_links":{"self":[{"href":"https:\/\/www.caregeneva.com\/en\/wp-json\/wp\/v2\/pages\/511","targetHints":{"allow":["GET"]}}],"collection":[{"href":"https:\/\/www.caregeneva.com\/en\/wp-json\/wp\/v2\/pages"}],"about":[{"href":"https:\/\/www.caregeneva.com\/en\/wp-json\/wp\/v2\/types\/page"}],"author":[{"embeddable":true,"href":"https:\/\/www.caregeneva.com\/en\/wp-json\/wp\/v2\/users\/4"}],"replies":[{"embeddable":true,"href":"https:\/\/www.caregeneva.com\/en\/wp-json\/wp\/v2\/comments?post=511"}],"version-history":[{"count":2,"href":"https:\/\/www.caregeneva.com\/en\/wp-json\/wp\/v2\/pages\/511\/revisions"}],"predecessor-version":[{"id":7356,"href":"https:\/\/www.caregeneva.com\/en\/wp-json\/wp\/v2\/pages\/511\/revisions\/7356"}],"wp:attachment":[{"href":"https:\/\/www.caregeneva.com\/en\/wp-json\/wp\/v2\/media?parent=511"}],"curies":[{"name":"wp","href":"https:\/\/api.w.org\/{rel}","templated":true}]}}