{"id":5407,"date":"2022-02-08T17:54:35","date_gmt":"2022-02-08T16:54:35","guid":{"rendered":"https:\/\/www.caregeneva.com\/?page_id=5407"},"modified":"2023-08-15T14:01:04","modified_gmt":"2023-08-15T13:01:04","slug":"profhilo","status":"publish","type":"page","link":"https:\/\/www.caregeneva.com\/en\/profhilo\/","title":{"rendered":"Profhilo"},"content":{"rendered":"<div class=\"flex_column av_one_full  flex_column_div av-zero-column-padding first  avia-builder-el-0  avia-builder-el-no-sibling  \" style='border-radius:0px; '><section class=\"av_textblock_section \"  itemscope=\"itemscope\" itemtype=\"https:\/\/schema.org\/CreativeWork\" ><div class='avia_textblock  '   itemprop=\"text\" ><h2>Profhilo<\/h2>\n<p>Profhilo is a <a href=\"https:\/\/www.ibsaderma.swiss\/fr\/\">non-crosslinked hyaluronic acid injection<\/a> treatment to deeply hydrate and improve the quality of the skin. This is a new treatment in the palette of our <a href=\"https:\/\/www.caregeneva.com\/en\/softlift\/\">hyaluronic acid injection treatments<\/a>.<\/p>\n<p>It can be used on the face, neck. You can also use this product to treat and rejuvenate certain areas of the silhouette that have lost their tonicity, in particular, the knees, the neck and the arms.<\/p>\n<p>The injection sessions are proposed at 3 week intervals, then every 6-12 months a new session. The injection is performed under the skin, which leave no trace after 24 hours The goal is to deeply moisturize the skin, erase small fine lines and give a glow.<\/p>\n<p>Profhilo allows in a few injections to cover the entire surface of the face. From the age of 30 it can reverse the first signs of skin aging. We particularly like using Profhilo on the neck. It is an effective treatment that is highly appreciated by our patients in this indication to treat lines and skin that has lost its tone.<\/p>\n<p>Finally, It can also be associated with <a href=\"https:\/\/www.caregeneva.com\/en\/softlift\/\">other fillers<\/a> and <a href=\"https:\/\/www.caregeneva.com\/en\/botulinum-toxin\/\">botulinum toxin<\/a> for even more holistic results.<\/p>\n<\/div><\/section><\/div>\n","protected":false},"excerpt":{"rendered":"","protected":false},"author":4,"featured_media":0,"parent":0,"menu_order":0,"comment_status":"closed","ping_status":"closed","template":"","meta":{"footnotes":""},"class_list":["post-5407","page","type-page","status-publish","hentry"],"yoast_head":"<!-- This site is optimized with the Yoast SEO Premium plugin v24.4 (Yoast SEO v24.4) - https:\/\/yoast.com\/wordpress\/plugins\/seo\/ -->\n<title>Profhilo<\/title>\n<meta name=\"description\" content=\"The Profhilo is a non-crosslinked hyaluronic acid injection to improve the quality of the skin. It can be used for face and body.\" \/>\n<meta name=\"robots\" content=\"index, follow, max-snippet:-1, max-image-preview:large, max-video-preview:-1\" \/>\n<link rel=\"canonical\" href=\"https:\/\/www.caregeneva.com\/en\/profhilo\/\" \/>\n<meta property=\"og:locale\" content=\"en_US\" \/>\n<meta property=\"og:type\" content=\"article\" \/>\n<meta property=\"og:title\" content=\"Profhilo\" \/>\n<meta property=\"og:description\" content=\"The Profhilo is a non-crosslinked hyaluronic acid injection to improve the quality of the skin. It can be used for face and body.\" \/>\n<meta property=\"og:url\" content=\"https:\/\/www.caregeneva.com\/en\/profhilo\/\" \/>\n<meta property=\"og:site_name\" content=\"Care Geneva Aesthetics\" \/>\n<meta property=\"article:modified_time\" content=\"2023-08-15T13:01:04+00:00\" \/>\n<meta name=\"twitter:card\" content=\"summary_large_image\" \/>\n<meta name=\"twitter:label1\" content=\"Est. reading time\" \/>\n\t<meta name=\"twitter:data1\" content=\"2 minutes\" \/>\n<script type=\"application\/ld+json\" class=\"yoast-schema-graph\">{\"@context\":\"https:\/\/schema.org\",\"@graph\":[{\"@type\":\"WebPage\",\"@id\":\"https:\/\/www.caregeneva.com\/en\/profhilo\/\",\"url\":\"https:\/\/www.caregeneva.com\/en\/profhilo\/\",\"name\":\"Profhilo\",\"isPartOf\":{\"@id\":\"https:\/\/www.caregeneva.com\/en\/#website\"},\"datePublished\":\"2022-02-08T16:54:35+00:00\",\"dateModified\":\"2023-08-15T13:01:04+00:00\",\"description\":\"The Profhilo is a non-crosslinked hyaluronic acid injection to improve the quality of the skin. It can be used for face and body.\",\"breadcrumb\":{\"@id\":\"https:\/\/www.caregeneva.com\/en\/profhilo\/#breadcrumb\"},\"inLanguage\":\"en-US\",\"potentialAction\":[{\"@type\":\"ReadAction\",\"target\":[\"https:\/\/www.caregeneva.com\/en\/profhilo\/\"]}]},{\"@type\":\"BreadcrumbList\",\"@id\":\"https:\/\/www.caregeneva.com\/en\/profhilo\/#breadcrumb\",\"itemListElement\":[{\"@type\":\"ListItem\",\"position\":1,\"name\":\"Accueil\",\"item\":\"https:\/\/www.caregeneva.com\/en\/\"},{\"@type\":\"ListItem\",\"position\":2,\"name\":\"Profhilo\"}]},{\"@type\":\"WebSite\",\"@id\":\"https:\/\/www.caregeneva.com\/en\/#website\",\"url\":\"https:\/\/www.caregeneva.com\/en\/\",\"name\":\"Care Geneva Aesthetics\",\"description\":\"Clinique de chirurgie plastique et de m\u00e9decine esth\u00e9tique \u00e0 Gen\u00e8ve qui offre des traitements avec un r\u00e9sultat naturel et durable dans le temps, en s&#039;appuyant sur des techniques s\u00fbres et \u00e0 la pointe de la recherche scientifique\",\"potentialAction\":[{\"@type\":\"SearchAction\",\"target\":{\"@type\":\"EntryPoint\",\"urlTemplate\":\"https:\/\/www.caregeneva.com\/en\/?s={search_term_string}\"},\"query-input\":{\"@type\":\"PropertyValueSpecification\",\"valueRequired\":true,\"valueName\":\"search_term_string\"}}],\"inLanguage\":\"en-US\"}]}<\/script>\n<!-- \/ Yoast SEO Premium plugin. -->","yoast_head_json":{"title":"Profhilo","description":"The Profhilo is a non-crosslinked hyaluronic acid injection to improve the quality of the skin. It can be used for face and body.","robots":{"index":"index","follow":"follow","max-snippet":"max-snippet:-1","max-image-preview":"max-image-preview:large","max-video-preview":"max-video-preview:-1"},"canonical":"https:\/\/www.caregeneva.com\/en\/profhilo\/","og_locale":"en_US","og_type":"article","og_title":"Profhilo","og_description":"The Profhilo is a non-crosslinked hyaluronic acid injection to improve the quality of the skin. It can be used for face and body.","og_url":"https:\/\/www.caregeneva.com\/en\/profhilo\/","og_site_name":"Care Geneva Aesthetics","article_modified_time":"2023-08-15T13:01:04+00:00","twitter_card":"summary_large_image","twitter_misc":{"Est. reading time":"2 minutes"},"schema":{"@context":"https:\/\/schema.org","@graph":[{"@type":"WebPage","@id":"https:\/\/www.caregeneva.com\/en\/profhilo\/","url":"https:\/\/www.caregeneva.com\/en\/profhilo\/","name":"Profhilo","isPartOf":{"@id":"https:\/\/www.caregeneva.com\/en\/#website"},"datePublished":"2022-02-08T16:54:35+00:00","dateModified":"2023-08-15T13:01:04+00:00","description":"The Profhilo is a non-crosslinked hyaluronic acid injection to improve the quality of the skin. It can be used for face and body.","breadcrumb":{"@id":"https:\/\/www.caregeneva.com\/en\/profhilo\/#breadcrumb"},"inLanguage":"en-US","potentialAction":[{"@type":"ReadAction","target":["https:\/\/www.caregeneva.com\/en\/profhilo\/"]}]},{"@type":"BreadcrumbList","@id":"https:\/\/www.caregeneva.com\/en\/profhilo\/#breadcrumb","itemListElement":[{"@type":"ListItem","position":1,"name":"Accueil","item":"https:\/\/www.caregeneva.com\/en\/"},{"@type":"ListItem","position":2,"name":"Profhilo"}]},{"@type":"WebSite","@id":"https:\/\/www.caregeneva.com\/en\/#website","url":"https:\/\/www.caregeneva.com\/en\/","name":"Care Geneva Aesthetics","description":"Clinique de chirurgie plastique et de m\u00e9decine esth\u00e9tique \u00e0 Gen\u00e8ve qui offre des traitements avec un r\u00e9sultat naturel et durable dans le temps, en s&#039;appuyant sur des techniques s\u00fbres et \u00e0 la pointe de la recherche scientifique","potentialAction":[{"@type":"SearchAction","target":{"@type":"EntryPoint","urlTemplate":"https:\/\/www.caregeneva.com\/en\/?s={search_term_string}"},"query-input":{"@type":"PropertyValueSpecification","valueRequired":true,"valueName":"search_term_string"}}],"inLanguage":"en-US"}]}},"_links":{"self":[{"href":"https:\/\/www.caregeneva.com\/en\/wp-json\/wp\/v2\/pages\/5407","targetHints":{"allow":["GET"]}}],"collection":[{"href":"https:\/\/www.caregeneva.com\/en\/wp-json\/wp\/v2\/pages"}],"about":[{"href":"https:\/\/www.caregeneva.com\/en\/wp-json\/wp\/v2\/types\/page"}],"author":[{"embeddable":true,"href":"https:\/\/www.caregeneva.com\/en\/wp-json\/wp\/v2\/users\/4"}],"replies":[{"embeddable":true,"href":"https:\/\/www.caregeneva.com\/en\/wp-json\/wp\/v2\/comments?post=5407"}],"version-history":[{"count":0,"href":"https:\/\/www.caregeneva.com\/en\/wp-json\/wp\/v2\/pages\/5407\/revisions"}],"wp:attachment":[{"href":"https:\/\/www.caregeneva.com\/en\/wp-json\/wp\/v2\/media?parent=5407"}],"curies":[{"name":"wp","href":"https:\/\/api.w.org\/{rel}","templated":true}]}}