{"id":568,"date":"2016-03-08T11:08:11","date_gmt":"2016-03-08T10:08:11","guid":{"rendered":"http:\/\/www.caregeneva.com\/?page_id=568&#038;lang=en"},"modified":"2024-05-12T07:08:13","modified_gmt":"2024-05-12T06:08:13","slug":"complications-in-plastic-surgery","status":"publish","type":"page","link":"https:\/\/www.caregeneva.com\/en\/complications-in-plastic-surgery\/","title":{"rendered":"Complications in Plastic Surgery"},"content":{"rendered":"<h2>Care Geneva complications in plastic surgery<\/h2>\n<p>All surgery carries risks that you need to know before making a decision over a procedure. During your consultation <a href=\"https:\/\/www.caregeneva.com\/en\/surgeons\/\">the surgeon<\/a> will talk to you and give you a specific document about your treatment with the potential complications in plastic surgery that you should know.<\/p>\n<p>Among these potential complications should be mentioned (this list is not exhaustive):<\/p>\n<ul>\n<li>postoperative pain perCare Geneva Plastic Surgery Complicationssisting<\/li>\n<li>the dyseth\u00e9sies (altered sensitivity Site operated)<\/li>\n<li>Hematoma at the site operated<\/li>\n<li>Infections<\/li>\n<li>Deep vein thrombosis and pulmonary embolism<\/li>\n<li>Pathological skin healing (hypertrophic scar and keloid)<\/li>\n<li>Embolism graisseue<\/li>\n<\/ul>\n<p><a href=\"http:\/\/titan.medhyg.ch\/mh\/formation\/article.php3?sid=20996\" target=\"_blank\" rel=\"noopener\"> Read the article by Dr. Navid ALIZADEH published on this subject<\/a>.<\/p>\n","protected":false},"excerpt":{"rendered":"<p>Care Geneva complications in plastic surgery All surgery carries risks that you need to know before making a decision over a procedure. During your consultation the surgeon will talk to you and give you a specific document about your treatment with the potential complications in plastic surgery that you should know. Among these potential complications [&hellip;]<\/p>\n","protected":false},"author":4,"featured_media":0,"parent":0,"menu_order":0,"comment_status":"closed","ping_status":"closed","template":"","meta":{"footnotes":""},"class_list":["post-568","page","type-page","status-publish","hentry"],"yoast_head":"<!-- This site is optimized with the Yoast SEO Premium plugin v24.4 (Yoast SEO v24.4) - https:\/\/yoast.com\/wordpress\/plugins\/seo\/ -->\n<title>Complications in Plastic Surgery | Aesthetic Surgery Geneva | CareGeneva<\/title>\n<meta name=\"description\" content=\"Complications in plastic surgery. Plastic surgeon specialist, Dr. Navid Alizadeh, talks about possible complications in cosmetic surgery.\" \/>\n<meta name=\"robots\" content=\"noindex, follow\" \/>\n<meta property=\"og:locale\" content=\"en_US\" \/>\n<meta property=\"og:type\" content=\"article\" \/>\n<meta property=\"og:title\" content=\"Complications in Plastic Surgery\" \/>\n<meta property=\"og:description\" content=\"Complications in plastic surgery. Plastic surgeon specialist, Dr. Navid Alizadeh, talks about possible complications in cosmetic surgery.\" \/>\n<meta property=\"og:url\" content=\"https:\/\/www.caregeneva.com\/en\/complications-in-plastic-surgery\/\" \/>\n<meta property=\"og:site_name\" content=\"Care Geneva Aesthetics\" \/>\n<meta property=\"article:modified_time\" content=\"2024-05-12T06:08:13+00:00\" \/>\n<meta name=\"twitter:card\" content=\"summary_large_image\" \/>\n<meta name=\"twitter:label1\" content=\"Est. reading time\" \/>\n\t<meta name=\"twitter:data1\" content=\"1 minute\" \/>\n<script type=\"application\/ld+json\" class=\"yoast-schema-graph\">{\"@context\":\"https:\/\/schema.org\",\"@graph\":[{\"@type\":\"WebPage\",\"@id\":\"https:\/\/www.caregeneva.com\/en\/complications-in-plastic-surgery\/\",\"url\":\"https:\/\/www.caregeneva.com\/en\/complications-in-plastic-surgery\/\",\"name\":\"Complications in Plastic Surgery | Aesthetic Surgery Geneva | CareGeneva\",\"isPartOf\":{\"@id\":\"https:\/\/www.caregeneva.com\/en\/#website\"},\"datePublished\":\"2016-03-08T10:08:11+00:00\",\"dateModified\":\"2024-05-12T06:08:13+00:00\",\"description\":\"Complications in plastic surgery. Plastic surgeon specialist, Dr. Navid Alizadeh, talks about possible complications in cosmetic surgery.\",\"breadcrumb\":{\"@id\":\"https:\/\/www.caregeneva.com\/en\/complications-in-plastic-surgery\/#breadcrumb\"},\"inLanguage\":\"en-US\",\"potentialAction\":[{\"@type\":\"ReadAction\",\"target\":[\"https:\/\/www.caregeneva.com\/en\/complications-in-plastic-surgery\/\"]}]},{\"@type\":\"BreadcrumbList\",\"@id\":\"https:\/\/www.caregeneva.com\/en\/complications-in-plastic-surgery\/#breadcrumb\",\"itemListElement\":[{\"@type\":\"ListItem\",\"position\":1,\"name\":\"Accueil\",\"item\":\"https:\/\/www.caregeneva.com\/en\/\"},{\"@type\":\"ListItem\",\"position\":2,\"name\":\"Complications in Plastic Surgery\"}]},{\"@type\":\"WebSite\",\"@id\":\"https:\/\/www.caregeneva.com\/en\/#website\",\"url\":\"https:\/\/www.caregeneva.com\/en\/\",\"name\":\"Care Geneva Aesthetics\",\"description\":\"Clinique de chirurgie plastique et de m\u00e9decine esth\u00e9tique \u00e0 Gen\u00e8ve qui offre des traitements avec un r\u00e9sultat naturel et durable dans le temps, en s&#039;appuyant sur des techniques s\u00fbres et \u00e0 la pointe de la recherche scientifique\",\"potentialAction\":[{\"@type\":\"SearchAction\",\"target\":{\"@type\":\"EntryPoint\",\"urlTemplate\":\"https:\/\/www.caregeneva.com\/en\/?s={search_term_string}\"},\"query-input\":{\"@type\":\"PropertyValueSpecification\",\"valueRequired\":true,\"valueName\":\"search_term_string\"}}],\"inLanguage\":\"en-US\"}]}<\/script>\n<!-- \/ Yoast SEO Premium plugin. -->","yoast_head_json":{"title":"Complications in Plastic Surgery | Aesthetic Surgery Geneva | CareGeneva","description":"Complications in plastic surgery. Plastic surgeon specialist, Dr. Navid Alizadeh, talks about possible complications in cosmetic surgery.","robots":{"index":"noindex","follow":"follow"},"og_locale":"en_US","og_type":"article","og_title":"Complications in Plastic Surgery","og_description":"Complications in plastic surgery. Plastic surgeon specialist, Dr. Navid Alizadeh, talks about possible complications in cosmetic surgery.","og_url":"https:\/\/www.caregeneva.com\/en\/complications-in-plastic-surgery\/","og_site_name":"Care Geneva Aesthetics","article_modified_time":"2024-05-12T06:08:13+00:00","twitter_card":"summary_large_image","twitter_misc":{"Est. reading time":"1 minute"},"schema":{"@context":"https:\/\/schema.org","@graph":[{"@type":"WebPage","@id":"https:\/\/www.caregeneva.com\/en\/complications-in-plastic-surgery\/","url":"https:\/\/www.caregeneva.com\/en\/complications-in-plastic-surgery\/","name":"Complications in Plastic Surgery | Aesthetic Surgery Geneva | CareGeneva","isPartOf":{"@id":"https:\/\/www.caregeneva.com\/en\/#website"},"datePublished":"2016-03-08T10:08:11+00:00","dateModified":"2024-05-12T06:08:13+00:00","description":"Complications in plastic surgery. Plastic surgeon specialist, Dr. Navid Alizadeh, talks about possible complications in cosmetic surgery.","breadcrumb":{"@id":"https:\/\/www.caregeneva.com\/en\/complications-in-plastic-surgery\/#breadcrumb"},"inLanguage":"en-US","potentialAction":[{"@type":"ReadAction","target":["https:\/\/www.caregeneva.com\/en\/complications-in-plastic-surgery\/"]}]},{"@type":"BreadcrumbList","@id":"https:\/\/www.caregeneva.com\/en\/complications-in-plastic-surgery\/#breadcrumb","itemListElement":[{"@type":"ListItem","position":1,"name":"Accueil","item":"https:\/\/www.caregeneva.com\/en\/"},{"@type":"ListItem","position":2,"name":"Complications in Plastic Surgery"}]},{"@type":"WebSite","@id":"https:\/\/www.caregeneva.com\/en\/#website","url":"https:\/\/www.caregeneva.com\/en\/","name":"Care Geneva Aesthetics","description":"Clinique de chirurgie plastique et de m\u00e9decine esth\u00e9tique \u00e0 Gen\u00e8ve qui offre des traitements avec un r\u00e9sultat naturel et durable dans le temps, en s&#039;appuyant sur des techniques s\u00fbres et \u00e0 la pointe de la recherche scientifique","potentialAction":[{"@type":"SearchAction","target":{"@type":"EntryPoint","urlTemplate":"https:\/\/www.caregeneva.com\/en\/?s={search_term_string}"},"query-input":{"@type":"PropertyValueSpecification","valueRequired":true,"valueName":"search_term_string"}}],"inLanguage":"en-US"}]}},"_links":{"self":[{"href":"https:\/\/www.caregeneva.com\/en\/wp-json\/wp\/v2\/pages\/568","targetHints":{"allow":["GET"]}}],"collection":[{"href":"https:\/\/www.caregeneva.com\/en\/wp-json\/wp\/v2\/pages"}],"about":[{"href":"https:\/\/www.caregeneva.com\/en\/wp-json\/wp\/v2\/types\/page"}],"author":[{"embeddable":true,"href":"https:\/\/www.caregeneva.com\/en\/wp-json\/wp\/v2\/users\/4"}],"replies":[{"embeddable":true,"href":"https:\/\/www.caregeneva.com\/en\/wp-json\/wp\/v2\/comments?post=568"}],"version-history":[{"count":0,"href":"https:\/\/www.caregeneva.com\/en\/wp-json\/wp\/v2\/pages\/568\/revisions"}],"wp:attachment":[{"href":"https:\/\/www.caregeneva.com\/en\/wp-json\/wp\/v2\/media?parent=568"}],"curies":[{"name":"wp","href":"https:\/\/api.w.org\/{rel}","templated":true}]}}