{"id":572,"date":"2016-03-08T11:13:43","date_gmt":"2016-03-08T10:13:43","guid":{"rendered":"http:\/\/www.caregeneva.com\/?page_id=572&#038;lang=en"},"modified":"2022-11-29T09:14:57","modified_gmt":"2022-11-29T08:14:57","slug":"nose-job","status":"publish","type":"page","link":"https:\/\/www.caregeneva.com\/en\/nose-job\/","title":{"rendered":"Nose Surgery"},"content":{"rendered":"<div class=\"flex_column av_one_full  flex_column_div av-zero-column-padding first  avia-builder-el-0  el_before_av_one_full  avia-builder-el-first  \" style='border-radius:0px; '><section class=\"av_textblock_section \"  itemscope=\"itemscope\" itemtype=\"https:\/\/schema.org\/CreativeWork\" ><div class='avia_textblock  '   itemprop=\"text\" ><h1>Rhinoplasty &#8211; improving the aesthetics of the nose<\/h1>\n<p>The purpose of this intervention is to correct nasal disharmonies, whether it consists of a nasal bump or a disfiguring tip; whether congenital, following a trauma, or due to the aging process. The goal is to obtain a nose in harmony with the rest of the face, presenting softer and symmetrical lines. Dr. Navid ALIZADEH is now practicing more and more rhinoplasty thanks to injections of hyaluronic acid. This lighter, less traumatic technique gives excellent results in many cases<\/p>\n<\/div><\/section><\/div>\n<div class=\"flex_column av_one_full  flex_column_div av-zero-column-padding first  avia-builder-el-2  el_after_av_one_full  avia-builder-el-last  column-top-margin\" style='border-radius:0px; '><section class=\"av_textblock_section \"  itemscope=\"itemscope\" itemtype=\"https:\/\/schema.org\/CreativeWork\" ><div class='avia_textblock  '   itemprop=\"text\" ><h2>Find out more about rhinoplasty by injection of hyaluronic acid<\/h2>\n<p>Before the intervention, a careful study of the nasal pyramid and its relationship with the rest of the face will have been made.<\/p>\n<p>Rhinoplasty by injection of hyaluronic acid can be performed on its own or combined, depending on the need, with other complementary procedures on the face, in particular profiloplasty (with correction of the chin).<\/p>\n<p>Indeed, the face must be considered as a whole in order to harmonize it as well as possible. Usually, the procedure is performed with the application of anesthetic lotion. The patient can resume these activities immediately after the injections. The sequences are therefore simple. We will see you again after 2-3 weeks for a check-up and possible touch-ups.<\/p>\n<\/div><\/section><\/div>\n","protected":false},"excerpt":{"rendered":"","protected":false},"author":4,"featured_media":0,"parent":0,"menu_order":0,"comment_status":"closed","ping_status":"closed","template":"","meta":{"footnotes":""},"class_list":["post-572","page","type-page","status-publish","hentry"],"yoast_head":"<!-- This site is optimized with the Yoast SEO Premium plugin v24.4 (Yoast SEO v24.4) - https:\/\/yoast.com\/wordpress\/plugins\/seo\/ -->\n<title>Rhinoplasty without surgery<\/title>\n<meta name=\"description\" content=\"Nose correction without surgery in Geneva. Find out the new methods to treat a nose hump or to improve nose tip.\" \/>\n<meta name=\"robots\" content=\"index, follow, max-snippet:-1, max-image-preview:large, max-video-preview:-1\" \/>\n<link rel=\"canonical\" href=\"https:\/\/www.caregeneva.com\/en\/geneva-face-procedures__trashed\/nose-job\/\" \/>\n<meta property=\"og:locale\" content=\"en_US\" \/>\n<meta property=\"og:type\" content=\"article\" \/>\n<meta property=\"og:title\" content=\"Nose Surgery\" \/>\n<meta property=\"og:description\" content=\"Nose correction without surgery in Geneva. Find out the new methods to treat a nose hump or to improve nose tip.\" \/>\n<meta property=\"og:url\" content=\"https:\/\/www.caregeneva.com\/en\/geneva-face-procedures__trashed\/nose-job\/\" \/>\n<meta property=\"og:site_name\" content=\"Care Geneva Aesthetics\" \/>\n<meta property=\"article:modified_time\" content=\"2022-11-29T08:14:57+00:00\" \/>\n<meta name=\"twitter:card\" content=\"summary_large_image\" \/>\n<meta name=\"twitter:label1\" content=\"Est. reading time\" \/>\n\t<meta name=\"twitter:data1\" content=\"2 minutes\" \/>\n<script type=\"application\/ld+json\" class=\"yoast-schema-graph\">{\"@context\":\"https:\/\/schema.org\",\"@graph\":[{\"@type\":\"WebPage\",\"@id\":\"https:\/\/www.caregeneva.com\/en\/geneva-face-procedures__trashed\/nose-job\/\",\"url\":\"https:\/\/www.caregeneva.com\/en\/geneva-face-procedures__trashed\/nose-job\/\",\"name\":\"Rhinoplasty without surgery\",\"isPartOf\":{\"@id\":\"https:\/\/www.caregeneva.com\/en\/#website\"},\"datePublished\":\"2016-03-08T10:13:43+00:00\",\"dateModified\":\"2022-11-29T08:14:57+00:00\",\"description\":\"Nose correction without surgery in Geneva. Find out the new methods to treat a nose hump or to improve nose tip.\",\"breadcrumb\":{\"@id\":\"https:\/\/www.caregeneva.com\/en\/geneva-face-procedures__trashed\/nose-job\/#breadcrumb\"},\"inLanguage\":\"en-US\",\"potentialAction\":[{\"@type\":\"ReadAction\",\"target\":[\"https:\/\/www.caregeneva.com\/en\/geneva-face-procedures__trashed\/nose-job\/\"]}]},{\"@type\":\"BreadcrumbList\",\"@id\":\"https:\/\/www.caregeneva.com\/en\/geneva-face-procedures__trashed\/nose-job\/#breadcrumb\",\"itemListElement\":[{\"@type\":\"ListItem\",\"position\":1,\"name\":\"Accueil\",\"item\":\"https:\/\/www.caregeneva.com\/en\/\"},{\"@type\":\"ListItem\",\"position\":2,\"name\":\"Nose Surgery\"}]},{\"@type\":\"WebSite\",\"@id\":\"https:\/\/www.caregeneva.com\/en\/#website\",\"url\":\"https:\/\/www.caregeneva.com\/en\/\",\"name\":\"Care Geneva Aesthetics\",\"description\":\"Clinique de chirurgie plastique et de m\u00e9decine esth\u00e9tique \u00e0 Gen\u00e8ve qui offre des traitements avec un r\u00e9sultat naturel et durable dans le temps, en s&#039;appuyant sur des techniques s\u00fbres et \u00e0 la pointe de la recherche scientifique\",\"potentialAction\":[{\"@type\":\"SearchAction\",\"target\":{\"@type\":\"EntryPoint\",\"urlTemplate\":\"https:\/\/www.caregeneva.com\/en\/?s={search_term_string}\"},\"query-input\":{\"@type\":\"PropertyValueSpecification\",\"valueRequired\":true,\"valueName\":\"search_term_string\"}}],\"inLanguage\":\"en-US\"}]}<\/script>\n<!-- \/ Yoast SEO Premium plugin. -->","yoast_head_json":{"title":"Rhinoplasty without surgery","description":"Nose correction without surgery in Geneva. Find out the new methods to treat a nose hump or to improve nose tip.","robots":{"index":"index","follow":"follow","max-snippet":"max-snippet:-1","max-image-preview":"max-image-preview:large","max-video-preview":"max-video-preview:-1"},"canonical":"https:\/\/www.caregeneva.com\/en\/geneva-face-procedures__trashed\/nose-job\/","og_locale":"en_US","og_type":"article","og_title":"Nose Surgery","og_description":"Nose correction without surgery in Geneva. Find out the new methods to treat a nose hump or to improve nose tip.","og_url":"https:\/\/www.caregeneva.com\/en\/geneva-face-procedures__trashed\/nose-job\/","og_site_name":"Care Geneva Aesthetics","article_modified_time":"2022-11-29T08:14:57+00:00","twitter_card":"summary_large_image","twitter_misc":{"Est. reading time":"2 minutes"},"schema":{"@context":"https:\/\/schema.org","@graph":[{"@type":"WebPage","@id":"https:\/\/www.caregeneva.com\/en\/geneva-face-procedures__trashed\/nose-job\/","url":"https:\/\/www.caregeneva.com\/en\/geneva-face-procedures__trashed\/nose-job\/","name":"Rhinoplasty without surgery","isPartOf":{"@id":"https:\/\/www.caregeneva.com\/en\/#website"},"datePublished":"2016-03-08T10:13:43+00:00","dateModified":"2022-11-29T08:14:57+00:00","description":"Nose correction without surgery in Geneva. Find out the new methods to treat a nose hump or to improve nose tip.","breadcrumb":{"@id":"https:\/\/www.caregeneva.com\/en\/geneva-face-procedures__trashed\/nose-job\/#breadcrumb"},"inLanguage":"en-US","potentialAction":[{"@type":"ReadAction","target":["https:\/\/www.caregeneva.com\/en\/geneva-face-procedures__trashed\/nose-job\/"]}]},{"@type":"BreadcrumbList","@id":"https:\/\/www.caregeneva.com\/en\/geneva-face-procedures__trashed\/nose-job\/#breadcrumb","itemListElement":[{"@type":"ListItem","position":1,"name":"Accueil","item":"https:\/\/www.caregeneva.com\/en\/"},{"@type":"ListItem","position":2,"name":"Nose Surgery"}]},{"@type":"WebSite","@id":"https:\/\/www.caregeneva.com\/en\/#website","url":"https:\/\/www.caregeneva.com\/en\/","name":"Care Geneva Aesthetics","description":"Clinique de chirurgie plastique et de m\u00e9decine esth\u00e9tique \u00e0 Gen\u00e8ve qui offre des traitements avec un r\u00e9sultat naturel et durable dans le temps, en s&#039;appuyant sur des techniques s\u00fbres et \u00e0 la pointe de la recherche scientifique","potentialAction":[{"@type":"SearchAction","target":{"@type":"EntryPoint","urlTemplate":"https:\/\/www.caregeneva.com\/en\/?s={search_term_string}"},"query-input":{"@type":"PropertyValueSpecification","valueRequired":true,"valueName":"search_term_string"}}],"inLanguage":"en-US"}]}},"_links":{"self":[{"href":"https:\/\/www.caregeneva.com\/en\/wp-json\/wp\/v2\/pages\/572","targetHints":{"allow":["GET"]}}],"collection":[{"href":"https:\/\/www.caregeneva.com\/en\/wp-json\/wp\/v2\/pages"}],"about":[{"href":"https:\/\/www.caregeneva.com\/en\/wp-json\/wp\/v2\/types\/page"}],"author":[{"embeddable":true,"href":"https:\/\/www.caregeneva.com\/en\/wp-json\/wp\/v2\/users\/4"}],"replies":[{"embeddable":true,"href":"https:\/\/www.caregeneva.com\/en\/wp-json\/wp\/v2\/comments?post=572"}],"version-history":[{"count":0,"href":"https:\/\/www.caregeneva.com\/en\/wp-json\/wp\/v2\/pages\/572\/revisions"}],"wp:attachment":[{"href":"https:\/\/www.caregeneva.com\/en\/wp-json\/wp\/v2\/media?parent=572"}],"curies":[{"name":"wp","href":"https:\/\/api.w.org\/{rel}","templated":true}]}}