{"id":578,"date":"2016-03-08T11:24:57","date_gmt":"2016-03-08T10:24:57","guid":{"rendered":"http:\/\/www.caregeneva.com\/?page_id=578&#038;lang=en"},"modified":"2016-03-08T11:24:57","modified_gmt":"2016-03-08T10:24:57","slug":"teaching-activity","status":"publish","type":"page","link":"https:\/\/www.caregeneva.com\/en\/teaching-activity\/","title":{"rendered":"Teaching Activity"},"content":{"rendered":"<h1>Care Geneva Plastic Surgeon Teaching Activity<\/h1>\n<div style=\"float:left; width:25%; font-weight:bold;\">\nNovember 2003:\n<\/div>\n<div style=\"float:right; width:75%;\">\nManagement of burn patients , for nurses HUG\n<\/div>\n<div style=\"clear:both;\"><\/div>\n<div style=\"float:left; width:25%; font-weight:bold;\">\nMarch 2002:\n<\/div>\n<div style=\"float:right; width:75%;\">\nModern treatment of bedsores<br \/>\n(Congress of bedsores, Geneva)\n<\/div>\n<div style=\"clear:both;\"><\/div>\n<div style=\"float:left; width:25%; font-weight:bold;\">\nJune 1999 and 2001 :\n<\/div>\n<div style=\"float:right; width:75%;\">\nBiomaterials in Plastic Surgery,<br \/>\nPostgraduate course in biomedical engineering ,<br \/>\nEPFL , University of Lausanne and University of Geneva\n<\/div>\n<div style=\"clear:both;\"><\/div>\n<div style=\"float:left; width:25%; font-weight:bold;\">\nApril 2000:\n<\/div>\n<div style=\"float:right; width:75%;\">\nOperative risk in plastic surgery, HUG\n<\/div>\n<div style=\"clear:both;\"> <\/ div><\/p>\n<div style=\"float:left; width:25%; font-weight:bold;\">\nFebruary 2000:\n<\/div>\n<div style=\"float:right; width:75%;\">\nVascular abnormalities skin HUG\n<\/div>\n<div style=\"clear:both;\"><\/div>\n<div style=\"float:left; width:25%; font-weight:bold;\">\nApril 1996:\n<\/div>\n<div style=\"float:right; width:75%;\">\nPeritonitis emergency HUG\n<\/div>\n<div style=\"clear:both;\"><\/div>\n<div style=\"float:left; width:25%; font-weight:bold;\">\nMarch 1992 :\n<\/div>\n<div style=\"float:right; width:75%;\">\nVascular malformations and hemangiomas, HUG\n<\/div>\n<div style=\"clear:both;\"><\/div>\n<div style=\"float:left; width:25%; font-weight:bold;\">\nJuly 1992 :\n<\/div>\n<div style=\"float:right; width:75%;\">\nEtiopathology aortic aneurysms , CMU, Geneva\n<\/div>\n<div style=\"clear:both;\"><\/div>\n","protected":false},"excerpt":{"rendered":"<p>Care Geneva Plastic Surgeon Teaching Activity November 2003: Management of burn patients , for nurses HUG March 2002: Modern treatment of bedsores (Congress of bedsores, Geneva) June 1999 and 2001 : Biomaterials in Plastic Surgery, Postgraduate course in biomedical engineering , EPFL , University of Lausanne and University of Geneva April 2000: Operative risk in [&hellip;]<\/p>\n","protected":false},"author":4,"featured_media":0,"parent":0,"menu_order":0,"comment_status":"closed","ping_status":"closed","template":"","meta":{"footnotes":""},"class_list":["post-578","page","type-page","status-publish","hentry"],"yoast_head":"<!-- This site is optimized with the Yoast SEO Premium plugin v24.4 (Yoast SEO v24.4) - https:\/\/yoast.com\/wordpress\/plugins\/seo\/ -->\n<title>Teaching Activity | Care Geneva Aesthetics<\/title>\n<meta name=\"robots\" content=\"index, follow, max-snippet:-1, max-image-preview:large, max-video-preview:-1\" \/>\n<link rel=\"canonical\" href=\"https:\/\/www.caregeneva.com\/en\/teaching-activity\/\" \/>\n<meta property=\"og:locale\" content=\"en_US\" \/>\n<meta property=\"og:type\" content=\"article\" \/>\n<meta property=\"og:title\" content=\"Teaching Activity\" \/>\n<meta property=\"og:description\" content=\"Care Geneva Plastic Surgeon Teaching Activity November 2003: Management of burn patients , for nurses HUG March 2002: Modern treatment of bedsores (Congress of bedsores, Geneva) June 1999 and 2001 : Biomaterials in Plastic Surgery, Postgraduate course in biomedical engineering , EPFL , University of Lausanne and University of Geneva April 2000: Operative risk in [&hellip;]\" \/>\n<meta property=\"og:url\" content=\"https:\/\/www.caregeneva.com\/en\/teaching-activity\/\" \/>\n<meta property=\"og:site_name\" content=\"Care Geneva Aesthetics\" \/>\n<meta name=\"twitter:card\" content=\"summary_large_image\" \/>\n<script type=\"application\/ld+json\" class=\"yoast-schema-graph\">{\"@context\":\"https:\/\/schema.org\",\"@graph\":[{\"@type\":\"WebPage\",\"@id\":\"https:\/\/www.caregeneva.com\/en\/teaching-activity\/\",\"url\":\"https:\/\/www.caregeneva.com\/en\/teaching-activity\/\",\"name\":\"Teaching Activity | Care Geneva Aesthetics\",\"isPartOf\":{\"@id\":\"https:\/\/www.caregeneva.com\/en\/#website\"},\"datePublished\":\"2016-03-08T10:24:57+00:00\",\"breadcrumb\":{\"@id\":\"https:\/\/www.caregeneva.com\/en\/teaching-activity\/#breadcrumb\"},\"inLanguage\":\"en-US\",\"potentialAction\":[{\"@type\":\"ReadAction\",\"target\":[\"https:\/\/www.caregeneva.com\/en\/teaching-activity\/\"]}]},{\"@type\":\"BreadcrumbList\",\"@id\":\"https:\/\/www.caregeneva.com\/en\/teaching-activity\/#breadcrumb\",\"itemListElement\":[{\"@type\":\"ListItem\",\"position\":1,\"name\":\"Accueil\",\"item\":\"https:\/\/www.caregeneva.com\/en\/\"},{\"@type\":\"ListItem\",\"position\":2,\"name\":\"Teaching Activity\"}]},{\"@type\":\"WebSite\",\"@id\":\"https:\/\/www.caregeneva.com\/en\/#website\",\"url\":\"https:\/\/www.caregeneva.com\/en\/\",\"name\":\"Care Geneva Aesthetics\",\"description\":\"Clinique de chirurgie plastique et de m\u00e9decine esth\u00e9tique \u00e0 Gen\u00e8ve qui offre des traitements avec un r\u00e9sultat naturel et durable dans le temps, en s&#039;appuyant sur des techniques s\u00fbres et \u00e0 la pointe de la recherche scientifique\",\"potentialAction\":[{\"@type\":\"SearchAction\",\"target\":{\"@type\":\"EntryPoint\",\"urlTemplate\":\"https:\/\/www.caregeneva.com\/en\/?s={search_term_string}\"},\"query-input\":{\"@type\":\"PropertyValueSpecification\",\"valueRequired\":true,\"valueName\":\"search_term_string\"}}],\"inLanguage\":\"en-US\"}]}<\/script>\n<!-- \/ Yoast SEO Premium plugin. -->","yoast_head_json":{"title":"Teaching Activity | Care Geneva Aesthetics","robots":{"index":"index","follow":"follow","max-snippet":"max-snippet:-1","max-image-preview":"max-image-preview:large","max-video-preview":"max-video-preview:-1"},"canonical":"https:\/\/www.caregeneva.com\/en\/teaching-activity\/","og_locale":"en_US","og_type":"article","og_title":"Teaching Activity","og_description":"Care Geneva Plastic Surgeon Teaching Activity November 2003: Management of burn patients , for nurses HUG March 2002: Modern treatment of bedsores (Congress of bedsores, Geneva) June 1999 and 2001 : Biomaterials in Plastic Surgery, Postgraduate course in biomedical engineering , EPFL , University of Lausanne and University of Geneva April 2000: Operative risk in [&hellip;]","og_url":"https:\/\/www.caregeneva.com\/en\/teaching-activity\/","og_site_name":"Care Geneva Aesthetics","twitter_card":"summary_large_image","schema":{"@context":"https:\/\/schema.org","@graph":[{"@type":"WebPage","@id":"https:\/\/www.caregeneva.com\/en\/teaching-activity\/","url":"https:\/\/www.caregeneva.com\/en\/teaching-activity\/","name":"Teaching Activity | Care Geneva Aesthetics","isPartOf":{"@id":"https:\/\/www.caregeneva.com\/en\/#website"},"datePublished":"2016-03-08T10:24:57+00:00","breadcrumb":{"@id":"https:\/\/www.caregeneva.com\/en\/teaching-activity\/#breadcrumb"},"inLanguage":"en-US","potentialAction":[{"@type":"ReadAction","target":["https:\/\/www.caregeneva.com\/en\/teaching-activity\/"]}]},{"@type":"BreadcrumbList","@id":"https:\/\/www.caregeneva.com\/en\/teaching-activity\/#breadcrumb","itemListElement":[{"@type":"ListItem","position":1,"name":"Accueil","item":"https:\/\/www.caregeneva.com\/en\/"},{"@type":"ListItem","position":2,"name":"Teaching Activity"}]},{"@type":"WebSite","@id":"https:\/\/www.caregeneva.com\/en\/#website","url":"https:\/\/www.caregeneva.com\/en\/","name":"Care Geneva Aesthetics","description":"Clinique de chirurgie plastique et de m\u00e9decine esth\u00e9tique \u00e0 Gen\u00e8ve qui offre des traitements avec un r\u00e9sultat naturel et durable dans le temps, en s&#039;appuyant sur des techniques s\u00fbres et \u00e0 la pointe de la recherche scientifique","potentialAction":[{"@type":"SearchAction","target":{"@type":"EntryPoint","urlTemplate":"https:\/\/www.caregeneva.com\/en\/?s={search_term_string}"},"query-input":{"@type":"PropertyValueSpecification","valueRequired":true,"valueName":"search_term_string"}}],"inLanguage":"en-US"}]}},"_links":{"self":[{"href":"https:\/\/www.caregeneva.com\/en\/wp-json\/wp\/v2\/pages\/578","targetHints":{"allow":["GET"]}}],"collection":[{"href":"https:\/\/www.caregeneva.com\/en\/wp-json\/wp\/v2\/pages"}],"about":[{"href":"https:\/\/www.caregeneva.com\/en\/wp-json\/wp\/v2\/types\/page"}],"author":[{"embeddable":true,"href":"https:\/\/www.caregeneva.com\/en\/wp-json\/wp\/v2\/users\/4"}],"replies":[{"embeddable":true,"href":"https:\/\/www.caregeneva.com\/en\/wp-json\/wp\/v2\/comments?post=578"}],"version-history":[{"count":0,"href":"https:\/\/www.caregeneva.com\/en\/wp-json\/wp\/v2\/pages\/578\/revisions"}],"wp:attachment":[{"href":"https:\/\/www.caregeneva.com\/en\/wp-json\/wp\/v2\/media?parent=578"}],"curies":[{"name":"wp","href":"https:\/\/api.w.org\/{rel}","templated":true}]}}