{"id":6057,"date":"2023-08-23T17:47:58","date_gmt":"2023-08-23T16:47:58","guid":{"rendered":"https:\/\/www.caregeneva.com\/?page_id=6057"},"modified":"2023-08-25T09:20:48","modified_gmt":"2023-08-25T08:20:48","slug":"hydrafacial","status":"publish","type":"page","link":"https:\/\/www.caregeneva.com\/en\/hydrafacial\/","title":{"rendered":"Hydrafacial"},"content":{"rendered":"<div class=\"flex_column av_one_half  flex_column_div av-zero-column-padding first  avia-builder-el-0  el_before_av_one_half  avia-builder-el-first  \" style='border-radius:0px; '><section class=\"av_textblock_section \"  itemscope=\"itemscope\" itemtype=\"https:\/\/schema.org\/CreativeWork\" ><div class='avia_textblock  '   itemprop=\"text\" ><h2>Hydrafacial<\/h2>\n<p>It is one of the most effective treatments, without surgery, without injections and without pain, to deeply cleanse and moisturize the skin and restore radiance. <a href=\"https:\/\/hydrafacial.co.uk\/\">Hydrafacial<\/a> is a treatment that also helps to reduce pigment spots.<\/p>\n<p>In addition, thanks to different boosters, we can offer more targeted care for the lips and eyelids, always with efficiency and gentleness. A feeling of immediate well-being, skin that breathes results.<\/p>\n<h3><\/h3>\n<h3>Hydrafacial is a 3-step treatment:<\/h3>\n<p>It offers endless customization possibilities according to your skin&#8217;s needs.<\/p>\n<ul>\n<li>To clean: Deep cleans and exfoliates with a gentle peel to reveal a new layer of skin.<\/li>\n<\/ul>\n<ul>\n<li>Extract: Removes impurities from pores with gentle, painless suction.<\/li>\n<\/ul>\n<ul>\n<li>Hydrate: Saturates the skin&#8217;s surface with intense moisturizing and nourishing actives.<\/li>\n<\/ul>\n<h3>Hydrafacial technology<\/h3>\n<p>Hydrafacial\u00ae is the only treatment using patented technology to cleanse, exfoliate, remove impurities and dead cells while filling the skin with essential nutrients such as antioxidants, peptides and hyaluronic acid and also moisturizing.<\/p>\n<h3>The ultimate hydration experience!<\/h3>\n<p>Hydrafacial\u00ae cleanses, exfoliates, purifies and nourishes the face, neck, d\u00e9collet\u00e9, back, shoulders and arms including hands, elbows and knees with an effective blend of antioxidants and provides intense hydration. Unlike<a href=\"https:\/\/www.caregeneva.com\/en\/peels\/\"> peels<\/a>, there is no down-time.<\/p>\n<h3>For who?<\/h3>\n<p>Hydrafacial\u00ae meets all skin care needs.<br \/>\n&#8211; Wrinkles and fine lines<br \/>\n&#8211; Elasticity and firmness<br \/>\n&#8211; Unified complexion and vitality<br \/>\n&#8211; Skin texture<br \/>\n&#8211; Brown stains<br \/>\n&#8211; Oily and congested skin<br \/>\n&#8211; Pores<\/p>\n<h3>The stages of care:<\/h3>\n<p>&#8211; Scrub<br \/>\n&#8211; Glysal prep acid peel 7.5%<br \/>\n&#8211; Deep cleaning<br \/>\n&#8211; Hydration and Vortexinfusion\u2122 with Antiox+\u2122<\/p>\n<p>Hydrafacial\u00ae serums contain nourishing ingredients for an instant radiant glow.<\/p>\n<p>The results are immediate.<\/p>\n<h3>What are the active substances:<\/h3>\n<p><strong>Glycolic Acid:<\/strong> is used to stimulate cell renewal. This alpha hydroxy acid (AHA) helps improve skin texture by reducing fine lines and wrinkles, as well as reducing age spots.<\/p>\n<p><strong>Salicylic Acid:<\/strong> ideal for blemish-prone skin. Salicylic acid, a beta hydroxy (BHA), helps unclog pores, reduce inflammation and prevent breakouts.<\/p>\n<p><strong>Antioxidant Solution:<\/strong> Rich in antioxidants that help protect skin against damage caused by free radicals and environmental aggressors. This can help slow premature aging of the skin and maintain its natural glow.<\/p>\n<p><strong>Growth Peptid<\/strong>e: Growth Peptide is used to stimulate the production of collagen and elastin in the skin, thereby promoting firmness and elasticity. This can help reduce the appearance of wrinkles and firm the skin.<\/p>\n<p><strong>Hyaluronic Acid:<\/strong> provides deep hydration to the skin. This ingredient locks in moisture, leaving skin feeling soft, supple and plumped. It can also help reduce the appearance of fine lines associated with dehydration.<\/p>\n<p><strong>LED Lights:<\/strong> This treatment uses specific LED lights to target specific skin concerns. Blue LEDs can help treat acne, while red LEDs can stimulate collagen production and improve skin texture.<\/p>\n<p><strong>SPF Protection:<\/strong> Treatment often ends with the application of SPF sunscreen to protect freshly treated skin from harmful UV rays. This helps maintain results and prevent future damage.<\/p>\n<p>It is important to note that care may vary depending on the specific needs of each individual and the protocol followed by the healthcare professional. During your HydraFacial\u00ae consultation, the practitioner will determine which blisters and steps are best suited to your skin type and concerns.<\/p>\n<p><a href=\"https:\/\/www.caregeneva.com\/en\/appointment-with-dr-navid-alizadeh-at-care-geneva-aesthetics\/\">Make an appointmen<\/a>t for more explanation and discover a Hydrafacial treatment.<\/p>\n<\/div><\/section><\/div>\n<div class=\"flex_column av_one_half  flex_column_div av-zero-column-padding   avia-builder-el-2  el_after_av_one_half  avia-builder-el-last  \" style='border-radius:0px; '><p><div  class='avia-image-container  av-styling-    avia-builder-el-3  el_before_av_hr  avia-builder-el-first  avia-align-center '  itemprop=\"image\" itemscope=\"itemscope\" itemtype=\"https:\/\/schema.org\/ImageObject\"  ><div class='avia-image-container-inner'><div class='avia-image-overlay-wrap'><img decoding=\"async\" class='wp-image-5938 avia-img-lazy-loading-not-5938 avia_image' src=\"https:\/\/www.caregeneva.com\/wp-content\/uploads\/2023\/08\/client.jpg\" alt='Hydrafacial' title='client' height=\"570\" width=\"535\"  itemprop=\"thumbnailUrl\" srcset=\"https:\/\/www.caregeneva.com\/wp-content\/uploads\/2023\/08\/client.jpg 535w, https:\/\/www.caregeneva.com\/wp-content\/uploads\/2023\/08\/client-282x300.jpg 282w\" sizes=\"(max-width: 535px) 100vw, 535px\" \/><\/div><\/div><\/div><br \/>\n<div   class='hr hr-default   avia-builder-el-4  el_after_av_image  el_before_av_textblock '><span class='hr-inner ' ><span class='hr-inner-style'><\/span><\/span><\/div><br \/>\n<section class=\"av_textblock_section \"  itemscope=\"itemscope\" itemtype=\"https:\/\/schema.org\/CreativeWork\" ><div class='avia_textblock  '   itemprop=\"text\" ><h3>Favorite treatment of Jennifer LOPEZ<\/h3>\n<\/div><\/section><br \/>\n<div  class='avia-video avia-video-16-9   av-lazyload-immediate  av-lazyload-video-embed  '   itemprop=\"video\" itemtype=\"https:\/\/schema.org\/VideoObject\"  data-original_url='https:\/\/vimeo.com\/754429649' ><script type='text\/html' class='av-video-tmpl'><div class='avia-iframe-wrap'><iframe loading=\"lazy\" title=\"JLO BEAUTY\u00ae Delivered by Hydrafacial\u2122\" src=\"https:\/\/player.vimeo.com\/video\/754429649?dnt=1&amp;app_id=122963&autoplay=0&loop=0&controls=1&muted=0\" width=\"1500\" height=\"844\" frameborder=\"0\" allow=\"autoplay; fullscreen; picture-in-picture; clipboard-write; encrypted-media\"><\/iframe><\/div><\/script><div class='av-click-to-play-overlay'><div class=\"avia_playpause_icon\"><\/div><\/div><\/div><\/p><\/div>\n","protected":false},"excerpt":{"rendered":"","protected":false},"author":4,"featured_media":0,"parent":0,"menu_order":0,"comment_status":"closed","ping_status":"closed","template":"","meta":{"footnotes":""},"class_list":["post-6057","page","type-page","status-publish","hentry"],"yoast_head":"<!-- This site is optimized with the Yoast SEO Premium plugin v24.4 (Yoast SEO v24.4) - https:\/\/yoast.com\/wordpress\/plugins\/seo\/ -->\n<title>Hydrafacial | Care Geneva Aesthetics<\/title>\n<meta name=\"description\" content=\"one of most effective treatments without surgery\/pain to deeply cleanse and moisturize the skin and restore radiance; immediate effect.\" \/>\n<meta name=\"robots\" content=\"index, follow, max-snippet:-1, max-image-preview:large, max-video-preview:-1\" \/>\n<link rel=\"canonical\" href=\"https:\/\/www.caregeneva.com\/en\/hydrafacial\/\" \/>\n<meta property=\"og:locale\" content=\"en_US\" \/>\n<meta property=\"og:type\" content=\"article\" \/>\n<meta property=\"og:title\" content=\"Hydrafacial\" \/>\n<meta property=\"og:description\" content=\"one of most effective treatments without surgery\/pain to deeply cleanse and moisturize the skin and restore radiance; immediate effect.\" \/>\n<meta property=\"og:url\" content=\"https:\/\/www.caregeneva.com\/en\/hydrafacial\/\" \/>\n<meta property=\"og:site_name\" content=\"Care Geneva Aesthetics\" \/>\n<meta property=\"article:modified_time\" content=\"2023-08-25T08:20:48+00:00\" \/>\n<meta name=\"twitter:card\" content=\"summary_large_image\" \/>\n<meta name=\"twitter:label1\" content=\"Est. reading time\" \/>\n\t<meta name=\"twitter:data1\" content=\"4 minutes\" \/>\n<script type=\"application\/ld+json\" class=\"yoast-schema-graph\">{\"@context\":\"https:\/\/schema.org\",\"@graph\":[{\"@type\":\"WebPage\",\"@id\":\"https:\/\/www.caregeneva.com\/en\/hydrafacial\/\",\"url\":\"https:\/\/www.caregeneva.com\/en\/hydrafacial\/\",\"name\":\"Hydrafacial | Care Geneva Aesthetics\",\"isPartOf\":{\"@id\":\"https:\/\/www.caregeneva.com\/en\/#website\"},\"datePublished\":\"2023-08-23T16:47:58+00:00\",\"dateModified\":\"2023-08-25T08:20:48+00:00\",\"description\":\"one of most effective treatments without surgery\/pain to deeply cleanse and moisturize the skin and restore radiance; immediate effect.\",\"breadcrumb\":{\"@id\":\"https:\/\/www.caregeneva.com\/en\/hydrafacial\/#breadcrumb\"},\"inLanguage\":\"en-US\",\"potentialAction\":[{\"@type\":\"ReadAction\",\"target\":[\"https:\/\/www.caregeneva.com\/en\/hydrafacial\/\"]}]},{\"@type\":\"BreadcrumbList\",\"@id\":\"https:\/\/www.caregeneva.com\/en\/hydrafacial\/#breadcrumb\",\"itemListElement\":[{\"@type\":\"ListItem\",\"position\":1,\"name\":\"Accueil\",\"item\":\"https:\/\/www.caregeneva.com\/en\/\"},{\"@type\":\"ListItem\",\"position\":2,\"name\":\"Hydrafacial\"}]},{\"@type\":\"WebSite\",\"@id\":\"https:\/\/www.caregeneva.com\/en\/#website\",\"url\":\"https:\/\/www.caregeneva.com\/en\/\",\"name\":\"Care Geneva Aesthetics\",\"description\":\"Clinique de chirurgie plastique et de m\u00e9decine esth\u00e9tique \u00e0 Gen\u00e8ve qui offre des traitements avec un r\u00e9sultat naturel et durable dans le temps, en s&#039;appuyant sur des techniques s\u00fbres et \u00e0 la pointe de la recherche scientifique\",\"potentialAction\":[{\"@type\":\"SearchAction\",\"target\":{\"@type\":\"EntryPoint\",\"urlTemplate\":\"https:\/\/www.caregeneva.com\/en\/?s={search_term_string}\"},\"query-input\":{\"@type\":\"PropertyValueSpecification\",\"valueRequired\":true,\"valueName\":\"search_term_string\"}}],\"inLanguage\":\"en-US\"}]}<\/script>\n<!-- \/ Yoast SEO Premium plugin. -->","yoast_head_json":{"title":"Hydrafacial | Care Geneva Aesthetics","description":"one of most effective treatments without surgery\/pain to deeply cleanse and moisturize the skin and restore radiance; immediate effect.","robots":{"index":"index","follow":"follow","max-snippet":"max-snippet:-1","max-image-preview":"max-image-preview:large","max-video-preview":"max-video-preview:-1"},"canonical":"https:\/\/www.caregeneva.com\/en\/hydrafacial\/","og_locale":"en_US","og_type":"article","og_title":"Hydrafacial","og_description":"one of most effective treatments without surgery\/pain to deeply cleanse and moisturize the skin and restore radiance; immediate effect.","og_url":"https:\/\/www.caregeneva.com\/en\/hydrafacial\/","og_site_name":"Care Geneva Aesthetics","article_modified_time":"2023-08-25T08:20:48+00:00","twitter_card":"summary_large_image","twitter_misc":{"Est. reading time":"4 minutes"},"schema":{"@context":"https:\/\/schema.org","@graph":[{"@type":"WebPage","@id":"https:\/\/www.caregeneva.com\/en\/hydrafacial\/","url":"https:\/\/www.caregeneva.com\/en\/hydrafacial\/","name":"Hydrafacial | Care Geneva Aesthetics","isPartOf":{"@id":"https:\/\/www.caregeneva.com\/en\/#website"},"datePublished":"2023-08-23T16:47:58+00:00","dateModified":"2023-08-25T08:20:48+00:00","description":"one of most effective treatments without surgery\/pain to deeply cleanse and moisturize the skin and restore radiance; immediate effect.","breadcrumb":{"@id":"https:\/\/www.caregeneva.com\/en\/hydrafacial\/#breadcrumb"},"inLanguage":"en-US","potentialAction":[{"@type":"ReadAction","target":["https:\/\/www.caregeneva.com\/en\/hydrafacial\/"]}]},{"@type":"BreadcrumbList","@id":"https:\/\/www.caregeneva.com\/en\/hydrafacial\/#breadcrumb","itemListElement":[{"@type":"ListItem","position":1,"name":"Accueil","item":"https:\/\/www.caregeneva.com\/en\/"},{"@type":"ListItem","position":2,"name":"Hydrafacial"}]},{"@type":"WebSite","@id":"https:\/\/www.caregeneva.com\/en\/#website","url":"https:\/\/www.caregeneva.com\/en\/","name":"Care Geneva Aesthetics","description":"Clinique de chirurgie plastique et de m\u00e9decine esth\u00e9tique \u00e0 Gen\u00e8ve qui offre des traitements avec un r\u00e9sultat naturel et durable dans le temps, en s&#039;appuyant sur des techniques s\u00fbres et \u00e0 la pointe de la recherche scientifique","potentialAction":[{"@type":"SearchAction","target":{"@type":"EntryPoint","urlTemplate":"https:\/\/www.caregeneva.com\/en\/?s={search_term_string}"},"query-input":{"@type":"PropertyValueSpecification","valueRequired":true,"valueName":"search_term_string"}}],"inLanguage":"en-US"}]}},"_links":{"self":[{"href":"https:\/\/www.caregeneva.com\/en\/wp-json\/wp\/v2\/pages\/6057","targetHints":{"allow":["GET"]}}],"collection":[{"href":"https:\/\/www.caregeneva.com\/en\/wp-json\/wp\/v2\/pages"}],"about":[{"href":"https:\/\/www.caregeneva.com\/en\/wp-json\/wp\/v2\/types\/page"}],"author":[{"embeddable":true,"href":"https:\/\/www.caregeneva.com\/en\/wp-json\/wp\/v2\/users\/4"}],"replies":[{"embeddable":true,"href":"https:\/\/www.caregeneva.com\/en\/wp-json\/wp\/v2\/comments?post=6057"}],"version-history":[{"count":0,"href":"https:\/\/www.caregeneva.com\/en\/wp-json\/wp\/v2\/pages\/6057\/revisions"}],"wp:attachment":[{"href":"https:\/\/www.caregeneva.com\/en\/wp-json\/wp\/v2\/media?parent=6057"}],"curies":[{"name":"wp","href":"https:\/\/api.w.org\/{rel}","templated":true}]}}