{"id":609,"date":"2016-03-08T11:40:18","date_gmt":"2016-03-08T10:40:18","guid":{"rendered":"http:\/\/www.caregeneva.com\/?page_id=609&#038;lang=en"},"modified":"2021-08-17T13:55:23","modified_gmt":"2021-08-17T12:55:23","slug":"macrolane","status":"publish","type":"page","link":"https:\/\/www.caregeneva.com\/en\/macrolane\/","title":{"rendered":"Hyaluronic acid injection for buttock augmentation"},"content":{"rendered":"<section class=\"av_textblock_section \"  itemscope=\"itemscope\" itemtype=\"https:\/\/schema.org\/CreativeWork\" ><div class='avia_textblock  '   itemprop=\"text\" ><p>Buttock augmentation Geneva with hyaluronic acid has taken off in recent years. We have more and more requests from patients about this treatment. There are several possible techniques. The injection of hyaluronic acid has many advantages.<\/p>\n<h2>Buttock augmentation Geneva by injection of hyaluronic acid<\/h2>\n<p>With the withdrawal of Macrolane from the market, we had no alternative to offer in the a buttock augmentation by injection of hyaluronic acid to our patients. Hyacorp now offers a very interesting alternative to Macrolane.<\/p>\n<p>It is a non-surgical technique. When a patient does not have enough fat for lipofilling this technique can be proposed. We use the range of Hyacorp products which allow us to adapt to the different needs of our patients. It is an injection treatment in the subcutaneous layers of the buttock. We can therefore adapt precisely to the needs of patients, by injecting the desired amount and treating the contour of the gluteal region in a very personalized manner. The session generally lasts less than an hour. We prepare our patients for maximum comfort during treatment. Local anesthesia is offered. In general we see our patients at 1 month to assess if the result is sufficient. But, we can also do a touch-up at that time.<\/p>\n<h3 id=\"tw-target-text\" class=\"tw-data-text tw-text-large tw-ta\" dir=\"ltr\" data-placeholder=\"Translation\"><span lang=\"en\">FAQ<\/span><\/h3>\n<p class=\"tw-data-text tw-text-large tw-ta\" dir=\"ltr\" data-placeholder=\"Translation\"><span lang=\"en\"><strong>How long does the effect last?<\/strong> In general, you can expect a stable result for about 18 months. At the end of this period, we review our patents for a touch-up.<\/span><\/p>\n<p class=\"tw-data-text tw-text-large tw-ta\" dir=\"ltr\" data-placeholder=\"Translation\"><span lang=\"en\"><strong>How are the consequences of the buttock injection?<\/strong> Patients resume their normal lives. We recommend stopping sports activity for two weeks. Pain is very well tolerated, usual painkillers can be prescribed, but often patients do not take it. <\/span><\/p>\n<p class=\"tw-data-text tw-text-large tw-ta\" dir=\"ltr\" data-placeholder=\"Translation\"><span lang=\"en\"><strong>When do I see the result ?<\/strong> The result is immediate, we see the patient again after a month for a possible touch-up. What are the risks ? Pains, hematomas, infections are fortunately very rare. In very rare cases, you may have an allergy or a granuloma that requires specific treatment. Is it the same <\/span><\/p>\n<p class=\"tw-data-text tw-text-large tw-ta\" dir=\"ltr\" data-placeholder=\"Translation\"><span lang=\"en\"><strong>What are the risks ?<\/strong> Pains, hematomas, infections are fortunately very rare. In very rare cases, you may have an allergy or a granuloma that requires specific treatment. <\/span><\/p>\n<p class=\"tw-data-text tw-text-large tw-ta\" dir=\"ltr\" data-placeholder=\"Translation\"><span lang=\"en\"><strong>Is it the same hyaluronic acid that we inject into the face?<\/strong> Hyacorp body contouring are specific hyaluronic acids for the body and not the face. It is a hyaluronic acid whose chemical parameters (cohesiveness and viscosity for example) are not suitable for the face or the tissues are thinner, but perfectly for the body where the epidermis and the subcutaneous tissue are more thick. In addition, the Hyacorp range is available in several products which gives us even more possibilities to adapt to the specific needs of each patient. Indeed, to treat small pits in the buttock, we will use Hyacop body contouring MLF1 and to treat volume, we will rather use Hyacorp body contouring MLF2. <\/span><\/p>\n<p class=\"tw-data-text tw-text-large tw-ta\" dir=\"ltr\" data-placeholder=\"Translation\"><span lang=\"en\"><strong>What are the alternatives to this treatment?<\/strong> Lipofilling is an alternative. But for that, you need to have enough fat to take and this is a treatment that requires general anesthesia. Some plastic artists also offer gluteal implants. We do not practice this technique which seems to have a significant rate of complications in the medium and long term. <\/span><\/p>\n<p class=\"tw-data-text tw-text-large tw-ta\" dir=\"ltr\" data-placeholder=\"Translation\"><span lang=\"en\"><strong>Can hyaluronic acid be injected into the breasts?<\/strong> It is not advisable to inject hyaluronic acid into the breasts, as this can interfere with the search for pathological lesions, such as cancers. On the other hand, it is entirely possible to offer <a href=\"https:\/\/www.caregeneva.com\/en\/plastic-surgery-geneva\/geneva-breast-procedures\/breast-lipofilling\/\">lipofilling<\/a> in this indication.<\/span><\/p>\n<\/div><\/section>\n","protected":false},"excerpt":{"rendered":"","protected":false},"author":4,"featured_media":0,"parent":0,"menu_order":0,"comment_status":"closed","ping_status":"closed","template":"","meta":{"footnotes":""},"class_list":["post-609","page","type-page","status-publish","hentry"],"yoast_head":"<!-- This site is optimized with the Yoast SEO Premium plugin v24.4 (Yoast SEO v24.4) - https:\/\/yoast.com\/wordpress\/plugins\/seo\/ -->\n<title>Buttock augmentation Geneva with Hyaluronic acid injection<\/title>\n<meta name=\"description\" content=\"Macrolane\u00ae is an injectable hyaluronic acid that is used in several procedures like buttock augmentation Geneva and to enlarge the breasts.\" \/>\n<meta name=\"robots\" content=\"noindex, follow\" \/>\n<meta property=\"og:locale\" content=\"en_US\" \/>\n<meta property=\"og:type\" content=\"article\" \/>\n<meta property=\"og:title\" content=\"Hyaluronic acid injection for buttock augmentation\" \/>\n<meta property=\"og:description\" content=\"Macrolane\u00ae is an injectable hyaluronic acid that is used in several procedures like buttock augmentation Geneva and to enlarge the breasts.\" \/>\n<meta property=\"og:url\" content=\"https:\/\/www.caregeneva.com\/en\/geneva-body-procedures__trashed\/macrolane\/\" \/>\n<meta property=\"og:site_name\" content=\"Care Geneva Aesthetics\" \/>\n<meta property=\"article:modified_time\" content=\"2021-08-17T12:55:23+00:00\" \/>\n<meta name=\"twitter:card\" content=\"summary_large_image\" \/>\n<meta name=\"twitter:label1\" content=\"Est. reading time\" \/>\n\t<meta name=\"twitter:data1\" content=\"3 minutes\" \/>\n<script type=\"application\/ld+json\" class=\"yoast-schema-graph\">{\"@context\":\"https:\/\/schema.org\",\"@graph\":[{\"@type\":\"WebPage\",\"@id\":\"https:\/\/www.caregeneva.com\/en\/geneva-body-procedures__trashed\/macrolane\/\",\"url\":\"https:\/\/www.caregeneva.com\/en\/geneva-body-procedures__trashed\/macrolane\/\",\"name\":\"Buttock augmentation Geneva with Hyaluronic acid injection\",\"isPartOf\":{\"@id\":\"https:\/\/www.caregeneva.com\/en\/#website\"},\"datePublished\":\"2016-03-08T10:40:18+00:00\",\"dateModified\":\"2021-08-17T12:55:23+00:00\",\"description\":\"Macrolane\u00ae is an injectable hyaluronic acid that is used in several procedures like buttock augmentation Geneva and to enlarge the breasts.\",\"breadcrumb\":{\"@id\":\"https:\/\/www.caregeneva.com\/en\/geneva-body-procedures__trashed\/macrolane\/#breadcrumb\"},\"inLanguage\":\"en-US\",\"potentialAction\":[{\"@type\":\"ReadAction\",\"target\":[\"https:\/\/www.caregeneva.com\/en\/geneva-body-procedures__trashed\/macrolane\/\"]}]},{\"@type\":\"BreadcrumbList\",\"@id\":\"https:\/\/www.caregeneva.com\/en\/geneva-body-procedures__trashed\/macrolane\/#breadcrumb\",\"itemListElement\":[{\"@type\":\"ListItem\",\"position\":1,\"name\":\"Accueil\",\"item\":\"https:\/\/www.caregeneva.com\/en\/\"},{\"@type\":\"ListItem\",\"position\":2,\"name\":\"Hyaluronic acid injection for buttock augmentation\"}]},{\"@type\":\"WebSite\",\"@id\":\"https:\/\/www.caregeneva.com\/en\/#website\",\"url\":\"https:\/\/www.caregeneva.com\/en\/\",\"name\":\"Care Geneva Aesthetics\",\"description\":\"Clinique de chirurgie plastique et de m\u00e9decine esth\u00e9tique \u00e0 Gen\u00e8ve qui offre des traitements avec un r\u00e9sultat naturel et durable dans le temps, en s&#039;appuyant sur des techniques s\u00fbres et \u00e0 la pointe de la recherche scientifique\",\"potentialAction\":[{\"@type\":\"SearchAction\",\"target\":{\"@type\":\"EntryPoint\",\"urlTemplate\":\"https:\/\/www.caregeneva.com\/en\/?s={search_term_string}\"},\"query-input\":{\"@type\":\"PropertyValueSpecification\",\"valueRequired\":true,\"valueName\":\"search_term_string\"}}],\"inLanguage\":\"en-US\"}]}<\/script>\n<!-- \/ Yoast SEO Premium plugin. -->","yoast_head_json":{"title":"Buttock augmentation Geneva with Hyaluronic acid injection","description":"Macrolane\u00ae is an injectable hyaluronic acid that is used in several procedures like buttock augmentation Geneva and to enlarge the breasts.","robots":{"index":"noindex","follow":"follow"},"og_locale":"en_US","og_type":"article","og_title":"Hyaluronic acid injection for buttock augmentation","og_description":"Macrolane\u00ae is an injectable hyaluronic acid that is used in several procedures like buttock augmentation Geneva and to enlarge the breasts.","og_url":"https:\/\/www.caregeneva.com\/en\/geneva-body-procedures__trashed\/macrolane\/","og_site_name":"Care Geneva Aesthetics","article_modified_time":"2021-08-17T12:55:23+00:00","twitter_card":"summary_large_image","twitter_misc":{"Est. reading time":"3 minutes"},"schema":{"@context":"https:\/\/schema.org","@graph":[{"@type":"WebPage","@id":"https:\/\/www.caregeneva.com\/en\/geneva-body-procedures__trashed\/macrolane\/","url":"https:\/\/www.caregeneva.com\/en\/geneva-body-procedures__trashed\/macrolane\/","name":"Buttock augmentation Geneva with Hyaluronic acid injection","isPartOf":{"@id":"https:\/\/www.caregeneva.com\/en\/#website"},"datePublished":"2016-03-08T10:40:18+00:00","dateModified":"2021-08-17T12:55:23+00:00","description":"Macrolane\u00ae is an injectable hyaluronic acid that is used in several procedures like buttock augmentation Geneva and to enlarge the breasts.","breadcrumb":{"@id":"https:\/\/www.caregeneva.com\/en\/geneva-body-procedures__trashed\/macrolane\/#breadcrumb"},"inLanguage":"en-US","potentialAction":[{"@type":"ReadAction","target":["https:\/\/www.caregeneva.com\/en\/geneva-body-procedures__trashed\/macrolane\/"]}]},{"@type":"BreadcrumbList","@id":"https:\/\/www.caregeneva.com\/en\/geneva-body-procedures__trashed\/macrolane\/#breadcrumb","itemListElement":[{"@type":"ListItem","position":1,"name":"Accueil","item":"https:\/\/www.caregeneva.com\/en\/"},{"@type":"ListItem","position":2,"name":"Hyaluronic acid injection for buttock augmentation"}]},{"@type":"WebSite","@id":"https:\/\/www.caregeneva.com\/en\/#website","url":"https:\/\/www.caregeneva.com\/en\/","name":"Care Geneva Aesthetics","description":"Clinique de chirurgie plastique et de m\u00e9decine esth\u00e9tique \u00e0 Gen\u00e8ve qui offre des traitements avec un r\u00e9sultat naturel et durable dans le temps, en s&#039;appuyant sur des techniques s\u00fbres et \u00e0 la pointe de la recherche scientifique","potentialAction":[{"@type":"SearchAction","target":{"@type":"EntryPoint","urlTemplate":"https:\/\/www.caregeneva.com\/en\/?s={search_term_string}"},"query-input":{"@type":"PropertyValueSpecification","valueRequired":true,"valueName":"search_term_string"}}],"inLanguage":"en-US"}]}},"_links":{"self":[{"href":"https:\/\/www.caregeneva.com\/en\/wp-json\/wp\/v2\/pages\/609","targetHints":{"allow":["GET"]}}],"collection":[{"href":"https:\/\/www.caregeneva.com\/en\/wp-json\/wp\/v2\/pages"}],"about":[{"href":"https:\/\/www.caregeneva.com\/en\/wp-json\/wp\/v2\/types\/page"}],"author":[{"embeddable":true,"href":"https:\/\/www.caregeneva.com\/en\/wp-json\/wp\/v2\/users\/4"}],"replies":[{"embeddable":true,"href":"https:\/\/www.caregeneva.com\/en\/wp-json\/wp\/v2\/comments?post=609"}],"version-history":[{"count":1,"href":"https:\/\/www.caregeneva.com\/en\/wp-json\/wp\/v2\/pages\/609\/revisions"}],"predecessor-version":[{"id":7392,"href":"https:\/\/www.caregeneva.com\/en\/wp-json\/wp\/v2\/pages\/609\/revisions\/7392"}],"wp:attachment":[{"href":"https:\/\/www.caregeneva.com\/en\/wp-json\/wp\/v2\/media?parent=609"}],"curies":[{"name":"wp","href":"https:\/\/api.w.org\/{rel}","templated":true}]}}