{"id":612,"date":"2016-03-08T11:41:30","date_gmt":"2016-03-08T10:41:30","guid":{"rendered":"http:\/\/www.caregeneva.com\/?page_id=612&#038;lang=en"},"modified":"2025-01-30T10:01:52","modified_gmt":"2025-01-30T09:01:52","slug":"breast-reduction","status":"publish","type":"page","link":"https:\/\/www.caregeneva.com\/en\/breast-reduction\/","title":{"rendered":"Breast Reduction"},"content":{"rendered":"<section class=\"av_textblock_section \"  itemscope=\"itemscope\" itemtype=\"https:\/\/schema.org\/CreativeWork\" ><div class='avia_textblock  '   itemprop=\"text\" ><h1>Care Geneva Breast Reduction Surgery<\/h1>\n<p>The breast is intimately associated with femininity, sensuality and self-esteem.<\/p>\n<p>Partial or total excision of a breast is difficult to endure, as it feels like mutilation, a loss of self-worth and femininity. It may lead to feelings of guilt, shame, fear of abandonment and anxiety over possible recurrence.<\/p>\n<p>Breast reconstruction makes it possible to return to a normal body image. It is a form of surgery that should be offered to all patients who must undergo a partial or total mastectomy. It is also important to know that breast reconstruction is covered by health insurance.<\/p>\n<h3>Learn more<\/h3>\n<p>There are several techniques for breast reconstruction, depending on one\u2019s wishes, the patient\u2019s body type and the condition of the mammary tissue.<\/p>\n<p>Through cooperation between the breast specialist and the plastic surgeon, breast reconstruction may be planned at the same time as the mastectomy, in some cases.<\/p>\n<p>There is no evidence that breast reconstruction increases the risk of recurrence. Early detection of a recurrence is not affected by the reconstruction.<\/p>\n<p><center>\u00a0<\/center><\/p>\n<hr \/>\n<\/div><\/section>\n<div class=\"flex_column av_one_full  flex_column_div av-zero-column-padding first  avia-builder-el-1  el_after_av_textblock  avia-builder-el-last  column-top-margin\" style='border-radius:0px; '><section class=\"av_textblock_section \"  itemscope=\"itemscope\" itemtype=\"https:\/\/schema.org\/CreativeWork\" ><div class='avia_textblock  '   itemprop=\"text\" ><hr \/>\n<h3>Photo Gallery<\/h3>\n<\/div><\/section><br \/>\n<section class=\"av_textblock_section \"  itemscope=\"itemscope\" itemtype=\"https:\/\/schema.org\/CreativeWork\" ><div class='avia_textblock  '   itemprop=\"text\" >\n<\/div><\/section><\/p><\/div>\n","protected":false},"excerpt":{"rendered":"","protected":false},"author":4,"featured_media":0,"parent":0,"menu_order":0,"comment_status":"closed","ping_status":"closed","template":"","meta":{"footnotes":""},"class_list":["post-612","page","type-page","status-publish","hentry"],"yoast_head":"<!-- This site is optimized with the Yoast SEO Premium plugin v24.4 (Yoast SEO v24.4) - https:\/\/yoast.com\/wordpress\/plugins\/seo\/ -->\n<title>Breast Reduction Geneva | Breast Reduction Surgery | CareGeneva<\/title>\n<meta name=\"description\" content=\"Breast reduction surgery in Geneva, Switzerland. Care Geneva has the best plastic surgeon that specialises in breast procedures, Dr. Navid Alizadeh.\" \/>\n<meta name=\"robots\" content=\"index, follow, max-snippet:-1, max-image-preview:large, max-video-preview:-1\" \/>\n<link rel=\"canonical\" href=\"https:\/\/www.caregeneva.com\/en\/breast-reduction\/\" \/>\n<meta property=\"og:locale\" content=\"en_US\" \/>\n<meta property=\"og:type\" content=\"article\" \/>\n<meta property=\"og:title\" content=\"Breast Reduction\" \/>\n<meta property=\"og:description\" content=\"Breast reduction surgery in Geneva, Switzerland. Care Geneva has the best plastic surgeon that specialises in breast procedures, Dr. Navid Alizadeh.\" \/>\n<meta property=\"og:url\" content=\"https:\/\/www.caregeneva.com\/en\/breast-reduction\/\" \/>\n<meta property=\"og:site_name\" content=\"Care Geneva Aesthetics\" \/>\n<meta property=\"article:modified_time\" content=\"2025-01-30T09:01:52+00:00\" \/>\n<meta name=\"twitter:card\" content=\"summary_large_image\" \/>\n<meta name=\"twitter:label1\" content=\"Est. reading time\" \/>\n\t<meta name=\"twitter:data1\" content=\"2 minutes\" \/>\n<script type=\"application\/ld+json\" class=\"yoast-schema-graph\">{\"@context\":\"https:\/\/schema.org\",\"@graph\":[{\"@type\":\"WebPage\",\"@id\":\"https:\/\/www.caregeneva.com\/en\/breast-reduction\/\",\"url\":\"https:\/\/www.caregeneva.com\/en\/breast-reduction\/\",\"name\":\"Breast Reduction Geneva | Breast Reduction Surgery | CareGeneva\",\"isPartOf\":{\"@id\":\"https:\/\/www.caregeneva.com\/en\/#website\"},\"datePublished\":\"2016-03-08T10:41:30+00:00\",\"dateModified\":\"2025-01-30T09:01:52+00:00\",\"description\":\"Breast reduction surgery in Geneva, Switzerland. Care Geneva has the best plastic surgeon that specialises in breast procedures, Dr. Navid Alizadeh.\",\"breadcrumb\":{\"@id\":\"https:\/\/www.caregeneva.com\/en\/breast-reduction\/#breadcrumb\"},\"inLanguage\":\"en-US\",\"potentialAction\":[{\"@type\":\"ReadAction\",\"target\":[\"https:\/\/www.caregeneva.com\/en\/breast-reduction\/\"]}]},{\"@type\":\"BreadcrumbList\",\"@id\":\"https:\/\/www.caregeneva.com\/en\/breast-reduction\/#breadcrumb\",\"itemListElement\":[{\"@type\":\"ListItem\",\"position\":1,\"name\":\"Accueil\",\"item\":\"https:\/\/www.caregeneva.com\/en\/\"},{\"@type\":\"ListItem\",\"position\":2,\"name\":\"Breast Reduction\"}]},{\"@type\":\"WebSite\",\"@id\":\"https:\/\/www.caregeneva.com\/en\/#website\",\"url\":\"https:\/\/www.caregeneva.com\/en\/\",\"name\":\"Care Geneva Aesthetics\",\"description\":\"Clinique de chirurgie plastique et de m\u00e9decine esth\u00e9tique \u00e0 Gen\u00e8ve qui offre des traitements avec un r\u00e9sultat naturel et durable dans le temps, en s&#039;appuyant sur des techniques s\u00fbres et \u00e0 la pointe de la recherche scientifique\",\"potentialAction\":[{\"@type\":\"SearchAction\",\"target\":{\"@type\":\"EntryPoint\",\"urlTemplate\":\"https:\/\/www.caregeneva.com\/en\/?s={search_term_string}\"},\"query-input\":{\"@type\":\"PropertyValueSpecification\",\"valueRequired\":true,\"valueName\":\"search_term_string\"}}],\"inLanguage\":\"en-US\"}]}<\/script>\n<!-- \/ Yoast SEO Premium plugin. -->","yoast_head_json":{"title":"Breast Reduction Geneva | Breast Reduction Surgery | CareGeneva","description":"Breast reduction surgery in Geneva, Switzerland. Care Geneva has the best plastic surgeon that specialises in breast procedures, Dr. Navid Alizadeh.","robots":{"index":"index","follow":"follow","max-snippet":"max-snippet:-1","max-image-preview":"max-image-preview:large","max-video-preview":"max-video-preview:-1"},"canonical":"https:\/\/www.caregeneva.com\/en\/breast-reduction\/","og_locale":"en_US","og_type":"article","og_title":"Breast Reduction","og_description":"Breast reduction surgery in Geneva, Switzerland. Care Geneva has the best plastic surgeon that specialises in breast procedures, Dr. Navid Alizadeh.","og_url":"https:\/\/www.caregeneva.com\/en\/breast-reduction\/","og_site_name":"Care Geneva Aesthetics","article_modified_time":"2025-01-30T09:01:52+00:00","twitter_card":"summary_large_image","twitter_misc":{"Est. reading time":"2 minutes"},"schema":{"@context":"https:\/\/schema.org","@graph":[{"@type":"WebPage","@id":"https:\/\/www.caregeneva.com\/en\/breast-reduction\/","url":"https:\/\/www.caregeneva.com\/en\/breast-reduction\/","name":"Breast Reduction Geneva | Breast Reduction Surgery | CareGeneva","isPartOf":{"@id":"https:\/\/www.caregeneva.com\/en\/#website"},"datePublished":"2016-03-08T10:41:30+00:00","dateModified":"2025-01-30T09:01:52+00:00","description":"Breast reduction surgery in Geneva, Switzerland. Care Geneva has the best plastic surgeon that specialises in breast procedures, Dr. Navid Alizadeh.","breadcrumb":{"@id":"https:\/\/www.caregeneva.com\/en\/breast-reduction\/#breadcrumb"},"inLanguage":"en-US","potentialAction":[{"@type":"ReadAction","target":["https:\/\/www.caregeneva.com\/en\/breast-reduction\/"]}]},{"@type":"BreadcrumbList","@id":"https:\/\/www.caregeneva.com\/en\/breast-reduction\/#breadcrumb","itemListElement":[{"@type":"ListItem","position":1,"name":"Accueil","item":"https:\/\/www.caregeneva.com\/en\/"},{"@type":"ListItem","position":2,"name":"Breast Reduction"}]},{"@type":"WebSite","@id":"https:\/\/www.caregeneva.com\/en\/#website","url":"https:\/\/www.caregeneva.com\/en\/","name":"Care Geneva Aesthetics","description":"Clinique de chirurgie plastique et de m\u00e9decine esth\u00e9tique \u00e0 Gen\u00e8ve qui offre des traitements avec un r\u00e9sultat naturel et durable dans le temps, en s&#039;appuyant sur des techniques s\u00fbres et \u00e0 la pointe de la recherche scientifique","potentialAction":[{"@type":"SearchAction","target":{"@type":"EntryPoint","urlTemplate":"https:\/\/www.caregeneva.com\/en\/?s={search_term_string}"},"query-input":{"@type":"PropertyValueSpecification","valueRequired":true,"valueName":"search_term_string"}}],"inLanguage":"en-US"}]}},"_links":{"self":[{"href":"https:\/\/www.caregeneva.com\/en\/wp-json\/wp\/v2\/pages\/612","targetHints":{"allow":["GET"]}}],"collection":[{"href":"https:\/\/www.caregeneva.com\/en\/wp-json\/wp\/v2\/pages"}],"about":[{"href":"https:\/\/www.caregeneva.com\/en\/wp-json\/wp\/v2\/types\/page"}],"author":[{"embeddable":true,"href":"https:\/\/www.caregeneva.com\/en\/wp-json\/wp\/v2\/users\/4"}],"replies":[{"embeddable":true,"href":"https:\/\/www.caregeneva.com\/en\/wp-json\/wp\/v2\/comments?post=612"}],"version-history":[{"count":2,"href":"https:\/\/www.caregeneva.com\/en\/wp-json\/wp\/v2\/pages\/612\/revisions"}],"predecessor-version":[{"id":7370,"href":"https:\/\/www.caregeneva.com\/en\/wp-json\/wp\/v2\/pages\/612\/revisions\/7370"}],"wp:attachment":[{"href":"https:\/\/www.caregeneva.com\/en\/wp-json\/wp\/v2\/media?parent=612"}],"curies":[{"name":"wp","href":"https:\/\/api.w.org\/{rel}","templated":true}]}}