{"id":623,"date":"2016-03-08T11:48:41","date_gmt":"2016-03-08T10:48:41","guid":{"rendered":"http:\/\/www.caregeneva.com\/?page_id=623&#038;lang=en"},"modified":"2025-02-10T12:11:56","modified_gmt":"2025-02-10T11:11:56","slug":"liposuction","status":"publish","type":"page","link":"https:\/\/www.caregeneva.com\/en\/liposuction\/","title":{"rendered":"Liposuction"},"content":{"rendered":"<section class=\"av_textblock_section \"  itemscope=\"itemscope\" itemtype=\"https:\/\/schema.org\/CreativeWork\" ><div class='avia_textblock  '   itemprop=\"text\" ><h2>Liposuction or Liposculpture<\/h2>\n<p>Liposuction or its synonymous liposculpture is a technic that enables to drastically and permanently eliminate excess of localized fat that generally does not go away despite a healthy diet and physical exercise.<\/p>\n<p>Provided that these fat cells are unable to regenerate, thanks to liposuction there will not be a recurrence of\u00a0 fat excess after.<\/p>\n<p>In most cases, liposuction is performed on an outpatient basis under local anesthesia. Depending on the situation and the importance of the areas being treated, it may be performed under general anesthesia.<\/p>\n<p>Liposculpture can be performed in association with <a href=\"https:\/\/www.caregeneva.com\/plastique-chirurgie-esthetique-medecine-traitements\/procedures-de-mammaires-de-geneve\/lipofilling-mammaire\/\">lipofilling<\/a>. IN the below video we describe this combined technique as an alternative to <a href=\"https:\/\/www.caregeneva.com\/plastique-chirurgie-esthetique-medecine-traitements\/procedures-de-mammaires-de-geneve\/augmentation-mammaire\/\">breast augmentation<\/a>:<\/p>\n<div class='avia-iframe-wrap'><iframe loading=\"lazy\" title=\"Lipofilling mammaire \u00e0 Gen\u00e8ve, Dr Navid ALIZADEH, www.caregeneva.com\" width=\"1500\" height=\"844\" src=\"https:\/\/www.youtube.com\/embed\/fopux3rOijk?feature=oembed\" frameborder=\"0\" allow=\"accelerometer; autoplay; clipboard-write; encrypted-media; gyroscope; picture-in-picture; web-share\" referrerpolicy=\"strict-origin-when-cross-origin\" allowfullscreen><\/iframe><\/div>\n<hr \/>\n<\/div><\/section>\n<div class=\"flex_column av_one_full  flex_column_div av-zero-column-padding first  avia-builder-el-1  el_after_av_textblock  el_before_av_one_full  column-top-margin\" style='border-radius:0px; '><section class=\"av_textblock_section \"  itemscope=\"itemscope\" itemtype=\"https:\/\/schema.org\/CreativeWork\" ><div class='avia_textblock  '   itemprop=\"text\" ><h3>Learn more about Liposuction<\/h3>\n<p>Liposuction is applied to a large number of areas of the body. For example &#8220;saddlebags&#8221;, hips, abdomen, thighs, knees, calves, ankles, arms, face and neck (double chin, oval of the face).<\/p>\n<p>To do this, a blunt cannula is introduced under the skin, from 4 mm incisions. This cannula is perforated at its distal end and connected to a closed circuit. Then, negative pressure is induced in the circuit. Thus, the excess fat cells are sucked in a harmonious and non-traumatic manner.<\/p>\n<p>Sometimes bruising (bruising) and edema (swelling) appear in the areas treated. In addition, the pain is variable and in most cases controlled by conventional analgesics. Finally, we will advise you to wear an elastic compression sleeve is recommended for 2 to 4 weeks to avoid swelling and allow faster recovery.<\/p>\n<p>You can resume normal activity from 4 to 7 days depending on the size, the number of areas treated and the type of professional activity. Moreover, you can resume sports activity from the third week after the operation.<\/p>\n<h4>Our technique of choice: PAL (power assisted liposuction):<\/h4>\n<p>PAL is the most frequently used liposuction technique. Indeed, this technique makes it possible to facilitate the intervention. It is also a safe technique with reproducible results. Unlike other techniques, PAL minimizes the risk associated with the surgical technique.<\/p>\n<h3><\/h3>\n<h4>High definition liposuction or high definition liposuction<\/h4>\n<p>High definition liposuction makes the figure more athletic. Indeed, this technique highlights the relief of certain muscles. It is called &#8220;high definition liposuction&#8221; in French. It is an evolution of the PAL technique (see above). Hence, This new technique allows to go a little further in the search for precision and emblematic details of a slender and healthy body. Thus, the abdomen, shoulders, arms and pectoral area are most often treated in men. A chocolate bar, a well-defined deltoid, a protruding biceps, this is what we are trying to achieve. Finally, we can consider high definition liposuction if you have good skin quality,<\/p>\n<h4>What is Cellulite?<\/h4>\n<p>Cellulite is the uneven and unsightly appearance of the skin that usually appears with age. Its main causes are thinning of the skin and increased fatty deposits. First, the fibrous spans between the fatty lobules have connections to the skin. Second, the increase in fatty deposits induces a distension of the spans. Thus, the irregular hollow and bumpy appearance of the skin appears. In addition, thinning of the dermis aggravates this phenomenon. finally, its fibrous bands are mainly present in the buttocks and thighs.<\/p>\n<p>Unfortunately, cellulite remains difficult to treat. This is because liposuction decreases fatty deposits, but has no effect on thinning the dermis. However, one can improve results with lymphatic drainage. In case of excess skin, a buttocks or thigh lift may be considered. In any case, it is useful to combine these treatments with dietary hygiene and regular physical exercise. Finally, other treatments such as endermology or mesotherapy have not proven their effectiveness over time and only temporarily improve the appearance of the skin.<\/p>\n<h4>FAQ<\/h4>\n<p><strong>&#8211; Can we regain fat mass after liposuction?<\/strong> If you keep a more or less stable weight, you should not gain fat in the treated areas.<\/p>\n<p><strong>&#8211; Can we lose weight with liposuction?<\/strong> The goal of liposuction is not to lose weight but to beautify the figure. Indeed, weight loss is an indirect consequence of this technique.<\/p>\n<p><strong>&#8211; What happens 10 or 15 years after a liposuction?<\/strong> With age, the skin becomes thinner and irregularities can appear in the event of poorly practiced or too aggressive liposuction. Therefore, it is necessary to anticipate this problem by a rigorous technique.<\/p>\n<div id=\"accordion1\" class=\"accordionfaq arrow\"><\/div>\n<\/div><\/section><\/div>\n<div class=\"flex_column av_one_full  flex_column_div av-zero-column-padding first  avia-builder-el-3  el_after_av_one_full  avia-builder-el-last  column-top-margin\" style='border-radius:0px; '><section class=\"av_textblock_section \"  itemscope=\"itemscope\" itemtype=\"https:\/\/schema.org\/CreativeWork\" ><div class='avia_textblock  '   itemprop=\"text\" ><hr \/>\n<h3>Photo Gallery<\/h3>\n<\/div><\/section><br \/>\n<section class=\"av_textblock_section \"  itemscope=\"itemscope\" itemtype=\"https:\/\/schema.org\/CreativeWork\" ><div class='avia_textblock  '   itemprop=\"text\" >\n<\/div><\/section><\/p><\/div>\n","protected":false},"excerpt":{"rendered":"","protected":false},"author":4,"featured_media":0,"parent":0,"menu_order":0,"comment_status":"closed","ping_status":"closed","template":"","meta":{"footnotes":""},"class_list":["post-623","page","type-page","status-publish","hentry"],"yoast_head":"<!-- This site is optimized with the Yoast SEO Premium plugin v24.4 (Yoast SEO v24.4) - https:\/\/yoast.com\/wordpress\/plugins\/seo\/ -->\n<title>Liposuction Geneva Switzerland | Liposculpture Geneva | CareGeneva<\/title>\n<meta name=\"description\" content=\"Liposuction under local anesthesia, liposculpture, high definition liposuction, more than 18 years experience at Care Geneva Aesthetics\" \/>\n<meta name=\"robots\" content=\"index, follow, max-snippet:-1, max-image-preview:large, max-video-preview:-1\" \/>\n<link rel=\"canonical\" href=\"https:\/\/www.caregeneva.com\/en\/liposuction\/\" \/>\n<meta property=\"og:locale\" content=\"en_US\" \/>\n<meta property=\"og:type\" content=\"article\" \/>\n<meta property=\"og:title\" content=\"Liposuction\" \/>\n<meta property=\"og:description\" content=\"Liposuction under local anesthesia, liposculpture, high definition liposuction, more than 18 years experience at Care Geneva Aesthetics\" \/>\n<meta property=\"og:url\" content=\"https:\/\/www.caregeneva.com\/en\/liposuction\/\" \/>\n<meta property=\"og:site_name\" content=\"Care Geneva Aesthetics\" \/>\n<meta property=\"article:modified_time\" content=\"2025-02-10T11:11:56+00:00\" \/>\n<meta name=\"twitter:card\" content=\"summary_large_image\" \/>\n<meta name=\"twitter:label1\" content=\"Est. reading time\" \/>\n\t<meta name=\"twitter:data1\" content=\"5 minutes\" \/>\n<script type=\"application\/ld+json\" class=\"yoast-schema-graph\">{\"@context\":\"https:\/\/schema.org\",\"@graph\":[{\"@type\":\"WebPage\",\"@id\":\"https:\/\/www.caregeneva.com\/en\/liposuction\/\",\"url\":\"https:\/\/www.caregeneva.com\/en\/liposuction\/\",\"name\":\"Liposuction Geneva Switzerland | Liposculpture Geneva | CareGeneva\",\"isPartOf\":{\"@id\":\"https:\/\/www.caregeneva.com\/en\/#website\"},\"datePublished\":\"2016-03-08T10:48:41+00:00\",\"dateModified\":\"2025-02-10T11:11:56+00:00\",\"description\":\"Liposuction under local anesthesia, liposculpture, high definition liposuction, more than 18 years experience at Care Geneva Aesthetics\",\"breadcrumb\":{\"@id\":\"https:\/\/www.caregeneva.com\/en\/liposuction\/#breadcrumb\"},\"inLanguage\":\"en-US\",\"potentialAction\":[{\"@type\":\"ReadAction\",\"target\":[\"https:\/\/www.caregeneva.com\/en\/liposuction\/\"]}]},{\"@type\":\"BreadcrumbList\",\"@id\":\"https:\/\/www.caregeneva.com\/en\/liposuction\/#breadcrumb\",\"itemListElement\":[{\"@type\":\"ListItem\",\"position\":1,\"name\":\"Accueil\",\"item\":\"https:\/\/www.caregeneva.com\/en\/\"},{\"@type\":\"ListItem\",\"position\":2,\"name\":\"Liposuction\"}]},{\"@type\":\"WebSite\",\"@id\":\"https:\/\/www.caregeneva.com\/en\/#website\",\"url\":\"https:\/\/www.caregeneva.com\/en\/\",\"name\":\"Care Geneva Aesthetics\",\"description\":\"Clinique de chirurgie plastique et de m\u00e9decine esth\u00e9tique \u00e0 Gen\u00e8ve qui offre des traitements avec un r\u00e9sultat naturel et durable dans le temps, en s&#039;appuyant sur des techniques s\u00fbres et \u00e0 la pointe de la recherche scientifique\",\"potentialAction\":[{\"@type\":\"SearchAction\",\"target\":{\"@type\":\"EntryPoint\",\"urlTemplate\":\"https:\/\/www.caregeneva.com\/en\/?s={search_term_string}\"},\"query-input\":{\"@type\":\"PropertyValueSpecification\",\"valueRequired\":true,\"valueName\":\"search_term_string\"}}],\"inLanguage\":\"en-US\"}]}<\/script>\n<!-- \/ Yoast SEO Premium plugin. -->","yoast_head_json":{"title":"Liposuction Geneva Switzerland | Liposculpture Geneva | CareGeneva","description":"Liposuction under local anesthesia, liposculpture, high definition liposuction, more than 18 years experience at Care Geneva Aesthetics","robots":{"index":"index","follow":"follow","max-snippet":"max-snippet:-1","max-image-preview":"max-image-preview:large","max-video-preview":"max-video-preview:-1"},"canonical":"https:\/\/www.caregeneva.com\/en\/liposuction\/","og_locale":"en_US","og_type":"article","og_title":"Liposuction","og_description":"Liposuction under local anesthesia, liposculpture, high definition liposuction, more than 18 years experience at Care Geneva Aesthetics","og_url":"https:\/\/www.caregeneva.com\/en\/liposuction\/","og_site_name":"Care Geneva Aesthetics","article_modified_time":"2025-02-10T11:11:56+00:00","twitter_card":"summary_large_image","twitter_misc":{"Est. reading time":"5 minutes"},"schema":{"@context":"https:\/\/schema.org","@graph":[{"@type":"WebPage","@id":"https:\/\/www.caregeneva.com\/en\/liposuction\/","url":"https:\/\/www.caregeneva.com\/en\/liposuction\/","name":"Liposuction Geneva Switzerland | Liposculpture Geneva | CareGeneva","isPartOf":{"@id":"https:\/\/www.caregeneva.com\/en\/#website"},"datePublished":"2016-03-08T10:48:41+00:00","dateModified":"2025-02-10T11:11:56+00:00","description":"Liposuction under local anesthesia, liposculpture, high definition liposuction, more than 18 years experience at Care Geneva Aesthetics","breadcrumb":{"@id":"https:\/\/www.caregeneva.com\/en\/liposuction\/#breadcrumb"},"inLanguage":"en-US","potentialAction":[{"@type":"ReadAction","target":["https:\/\/www.caregeneva.com\/en\/liposuction\/"]}]},{"@type":"BreadcrumbList","@id":"https:\/\/www.caregeneva.com\/en\/liposuction\/#breadcrumb","itemListElement":[{"@type":"ListItem","position":1,"name":"Accueil","item":"https:\/\/www.caregeneva.com\/en\/"},{"@type":"ListItem","position":2,"name":"Liposuction"}]},{"@type":"WebSite","@id":"https:\/\/www.caregeneva.com\/en\/#website","url":"https:\/\/www.caregeneva.com\/en\/","name":"Care Geneva Aesthetics","description":"Clinique de chirurgie plastique et de m\u00e9decine esth\u00e9tique \u00e0 Gen\u00e8ve qui offre des traitements avec un r\u00e9sultat naturel et durable dans le temps, en s&#039;appuyant sur des techniques s\u00fbres et \u00e0 la pointe de la recherche scientifique","potentialAction":[{"@type":"SearchAction","target":{"@type":"EntryPoint","urlTemplate":"https:\/\/www.caregeneva.com\/en\/?s={search_term_string}"},"query-input":{"@type":"PropertyValueSpecification","valueRequired":true,"valueName":"search_term_string"}}],"inLanguage":"en-US"}]}},"_links":{"self":[{"href":"https:\/\/www.caregeneva.com\/en\/wp-json\/wp\/v2\/pages\/623","targetHints":{"allow":["GET"]}}],"collection":[{"href":"https:\/\/www.caregeneva.com\/en\/wp-json\/wp\/v2\/pages"}],"about":[{"href":"https:\/\/www.caregeneva.com\/en\/wp-json\/wp\/v2\/types\/page"}],"author":[{"embeddable":true,"href":"https:\/\/www.caregeneva.com\/en\/wp-json\/wp\/v2\/users\/4"}],"replies":[{"embeddable":true,"href":"https:\/\/www.caregeneva.com\/en\/wp-json\/wp\/v2\/comments?post=623"}],"version-history":[{"count":2,"href":"https:\/\/www.caregeneva.com\/en\/wp-json\/wp\/v2\/pages\/623\/revisions"}],"predecessor-version":[{"id":7453,"href":"https:\/\/www.caregeneva.com\/en\/wp-json\/wp\/v2\/pages\/623\/revisions\/7453"}],"wp:attachment":[{"href":"https:\/\/www.caregeneva.com\/en\/wp-json\/wp\/v2\/media?parent=623"}],"curies":[{"name":"wp","href":"https:\/\/api.w.org\/{rel}","templated":true}]}}