{"id":631,"date":"2016-03-08T11:50:31","date_gmt":"2016-03-08T10:50:31","guid":{"rendered":"http:\/\/www.caregeneva.com\/?page_id=631&#038;lang=en"},"modified":"2025-02-10T12:17:04","modified_gmt":"2025-02-10T11:17:04","slug":"tummy-tuck","status":"publish","type":"page","link":"https:\/\/www.caregeneva.com\/en\/tummy-tuck\/","title":{"rendered":"Tummy Tuck"},"content":{"rendered":"<section class=\"av_textblock_section \"  itemscope=\"itemscope\" itemtype=\"https:\/\/schema.org\/CreativeWork\" ><div class='avia_textblock  '   itemprop=\"text\" ><h1>Care Geneva Tummy Tuck<\/h1>\n<p>For simple excess fat with good skin and muscular tonicity, liposuction can correct the problem.<\/p>\n<p>However, when there is excess skin, significant skin lesions, noticeable distension, many stretch marks or even scars, isolated liposuction would not be sufficient, and we would have to resort to abdominoplasty.<\/p>\n<p>The goal of such a surgery is to remove the most damaged skin (distension, scars or stretch marks), generally found below the belly button, and to tighten the surrounding healthy skin. Scarring is minimal. The first scar is located along the bikini line and extends slightly to the sides. The second scar, located around the belly button, is nearly invisible.<\/p>\n<h3>Learn more about Abdominoplasty<\/h3>\n<p>Liposuction and the treatment of muscle lesions on the abdominal wall, stretched by weight gain or possibly pregnancy (diastasis, hernia), may sometimes be performed at the same time. It can be associated with a <a href=\"https:\/\/www.caregeneva.com\/en\/liposuction\/\">liposuction<\/a> to improve the result.<\/p>\n<p>The surgery takes 1.5 to 2 hours, and a short hospital stay may be advised.<\/p>\n<p>A minor correction in the lower abdomen is known as a miniabdominoplasty. This operation takes 1 hour and is performed with local anaesthesia and intravenous sedation. It may be done on an outpatient basis.<\/p>\n<p>Following the surgery, patients are advised to wear a support belt for a length of time, depending on the type of surgery they underwent. They should also expect to stop working for 2 to 4 weeks. Sports activities may be continued 6 weeks after the operation.<\/p>\n<div id=\"accordion1\" class=\"accordionfaq arrow\"><\/div>\n<\/div><\/section>\n<div class=\"flex_column av_one_full  flex_column_div av-zero-column-padding first  avia-builder-el-1  el_after_av_textblock  avia-builder-el-last  column-top-margin\" style='border-radius:0px; '><section class=\"av_textblock_section \"  itemscope=\"itemscope\" itemtype=\"https:\/\/schema.org\/CreativeWork\" ><div class='avia_textblock  '   itemprop=\"text\" ><hr \/>\n<h3>Photo Gallery<\/h3>\n<\/div><\/section><br \/>\n<section class=\"av_textblock_section \"  itemscope=\"itemscope\" itemtype=\"https:\/\/schema.org\/CreativeWork\" ><div class='avia_textblock  '   itemprop=\"text\" >\n<\/div><\/section><\/p><\/div>\n","protected":false},"excerpt":{"rendered":"","protected":false},"author":4,"featured_media":0,"parent":0,"menu_order":0,"comment_status":"closed","ping_status":"closed","template":"","meta":{"footnotes":""},"class_list":["post-631","page","type-page","status-publish","hentry"],"yoast_head":"<!-- This site is optimized with the Yoast SEO Premium plugin v24.4 (Yoast SEO v24.4) - https:\/\/yoast.com\/wordpress\/plugins\/seo\/ -->\n<title>Abdominoplasty Geneva | Tummy Tuck Switzerland | Care Geneva<\/title>\n<meta name=\"description\" content=\"Liposuction will help anyone sculpt their bodies the way they want it to. Care Geneva specialises in tummy tuck and other procedures, like abdominoplasty.\" \/>\n<meta name=\"robots\" content=\"index, follow, max-snippet:-1, max-image-preview:large, max-video-preview:-1\" \/>\n<link rel=\"canonical\" href=\"https:\/\/www.caregeneva.com\/en\/tummy-tuck\/\" \/>\n<meta property=\"og:locale\" content=\"en_US\" \/>\n<meta property=\"og:type\" content=\"article\" \/>\n<meta property=\"og:title\" content=\"Tummy Tuck\" \/>\n<meta property=\"og:description\" content=\"Liposuction will help anyone sculpt their bodies the way they want it to. Care Geneva specialises in tummy tuck and other procedures, like abdominoplasty.\" \/>\n<meta property=\"og:url\" content=\"https:\/\/www.caregeneva.com\/en\/tummy-tuck\/\" \/>\n<meta property=\"og:site_name\" content=\"Care Geneva Aesthetics\" \/>\n<meta property=\"article:modified_time\" content=\"2025-02-10T11:17:04+00:00\" \/>\n<meta name=\"twitter:card\" content=\"summary_large_image\" \/>\n<meta name=\"twitter:label1\" content=\"Est. reading time\" \/>\n\t<meta name=\"twitter:data1\" content=\"3 minutes\" \/>\n<script type=\"application\/ld+json\" class=\"yoast-schema-graph\">{\"@context\":\"https:\/\/schema.org\",\"@graph\":[{\"@type\":\"WebPage\",\"@id\":\"https:\/\/www.caregeneva.com\/en\/tummy-tuck\/\",\"url\":\"https:\/\/www.caregeneva.com\/en\/tummy-tuck\/\",\"name\":\"Abdominoplasty Geneva | Tummy Tuck Switzerland | Care Geneva\",\"isPartOf\":{\"@id\":\"https:\/\/www.caregeneva.com\/en\/#website\"},\"datePublished\":\"2016-03-08T10:50:31+00:00\",\"dateModified\":\"2025-02-10T11:17:04+00:00\",\"description\":\"Liposuction will help anyone sculpt their bodies the way they want it to. Care Geneva specialises in tummy tuck and other procedures, like abdominoplasty.\",\"breadcrumb\":{\"@id\":\"https:\/\/www.caregeneva.com\/en\/tummy-tuck\/#breadcrumb\"},\"inLanguage\":\"en-US\",\"potentialAction\":[{\"@type\":\"ReadAction\",\"target\":[\"https:\/\/www.caregeneva.com\/en\/tummy-tuck\/\"]}]},{\"@type\":\"BreadcrumbList\",\"@id\":\"https:\/\/www.caregeneva.com\/en\/tummy-tuck\/#breadcrumb\",\"itemListElement\":[{\"@type\":\"ListItem\",\"position\":1,\"name\":\"Accueil\",\"item\":\"https:\/\/www.caregeneva.com\/en\/\"},{\"@type\":\"ListItem\",\"position\":2,\"name\":\"Tummy Tuck\"}]},{\"@type\":\"WebSite\",\"@id\":\"https:\/\/www.caregeneva.com\/en\/#website\",\"url\":\"https:\/\/www.caregeneva.com\/en\/\",\"name\":\"Care Geneva Aesthetics\",\"description\":\"Clinique de chirurgie plastique et de m\u00e9decine esth\u00e9tique \u00e0 Gen\u00e8ve qui offre des traitements avec un r\u00e9sultat naturel et durable dans le temps, en s&#039;appuyant sur des techniques s\u00fbres et \u00e0 la pointe de la recherche scientifique\",\"potentialAction\":[{\"@type\":\"SearchAction\",\"target\":{\"@type\":\"EntryPoint\",\"urlTemplate\":\"https:\/\/www.caregeneva.com\/en\/?s={search_term_string}\"},\"query-input\":{\"@type\":\"PropertyValueSpecification\",\"valueRequired\":true,\"valueName\":\"search_term_string\"}}],\"inLanguage\":\"en-US\"}]}<\/script>\n<!-- \/ Yoast SEO Premium plugin. -->","yoast_head_json":{"title":"Abdominoplasty Geneva | Tummy Tuck Switzerland | Care Geneva","description":"Liposuction will help anyone sculpt their bodies the way they want it to. Care Geneva specialises in tummy tuck and other procedures, like abdominoplasty.","robots":{"index":"index","follow":"follow","max-snippet":"max-snippet:-1","max-image-preview":"max-image-preview:large","max-video-preview":"max-video-preview:-1"},"canonical":"https:\/\/www.caregeneva.com\/en\/tummy-tuck\/","og_locale":"en_US","og_type":"article","og_title":"Tummy Tuck","og_description":"Liposuction will help anyone sculpt their bodies the way they want it to. Care Geneva specialises in tummy tuck and other procedures, like abdominoplasty.","og_url":"https:\/\/www.caregeneva.com\/en\/tummy-tuck\/","og_site_name":"Care Geneva Aesthetics","article_modified_time":"2025-02-10T11:17:04+00:00","twitter_card":"summary_large_image","twitter_misc":{"Est. reading time":"3 minutes"},"schema":{"@context":"https:\/\/schema.org","@graph":[{"@type":"WebPage","@id":"https:\/\/www.caregeneva.com\/en\/tummy-tuck\/","url":"https:\/\/www.caregeneva.com\/en\/tummy-tuck\/","name":"Abdominoplasty Geneva | Tummy Tuck Switzerland | Care Geneva","isPartOf":{"@id":"https:\/\/www.caregeneva.com\/en\/#website"},"datePublished":"2016-03-08T10:50:31+00:00","dateModified":"2025-02-10T11:17:04+00:00","description":"Liposuction will help anyone sculpt their bodies the way they want it to. Care Geneva specialises in tummy tuck and other procedures, like abdominoplasty.","breadcrumb":{"@id":"https:\/\/www.caregeneva.com\/en\/tummy-tuck\/#breadcrumb"},"inLanguage":"en-US","potentialAction":[{"@type":"ReadAction","target":["https:\/\/www.caregeneva.com\/en\/tummy-tuck\/"]}]},{"@type":"BreadcrumbList","@id":"https:\/\/www.caregeneva.com\/en\/tummy-tuck\/#breadcrumb","itemListElement":[{"@type":"ListItem","position":1,"name":"Accueil","item":"https:\/\/www.caregeneva.com\/en\/"},{"@type":"ListItem","position":2,"name":"Tummy Tuck"}]},{"@type":"WebSite","@id":"https:\/\/www.caregeneva.com\/en\/#website","url":"https:\/\/www.caregeneva.com\/en\/","name":"Care Geneva Aesthetics","description":"Clinique de chirurgie plastique et de m\u00e9decine esth\u00e9tique \u00e0 Gen\u00e8ve qui offre des traitements avec un r\u00e9sultat naturel et durable dans le temps, en s&#039;appuyant sur des techniques s\u00fbres et \u00e0 la pointe de la recherche scientifique","potentialAction":[{"@type":"SearchAction","target":{"@type":"EntryPoint","urlTemplate":"https:\/\/www.caregeneva.com\/en\/?s={search_term_string}"},"query-input":{"@type":"PropertyValueSpecification","valueRequired":true,"valueName":"search_term_string"}}],"inLanguage":"en-US"}]}},"_links":{"self":[{"href":"https:\/\/www.caregeneva.com\/en\/wp-json\/wp\/v2\/pages\/631","targetHints":{"allow":["GET"]}}],"collection":[{"href":"https:\/\/www.caregeneva.com\/en\/wp-json\/wp\/v2\/pages"}],"about":[{"href":"https:\/\/www.caregeneva.com\/en\/wp-json\/wp\/v2\/types\/page"}],"author":[{"embeddable":true,"href":"https:\/\/www.caregeneva.com\/en\/wp-json\/wp\/v2\/users\/4"}],"replies":[{"embeddable":true,"href":"https:\/\/www.caregeneva.com\/en\/wp-json\/wp\/v2\/comments?post=631"}],"version-history":[{"count":2,"href":"https:\/\/www.caregeneva.com\/en\/wp-json\/wp\/v2\/pages\/631\/revisions"}],"predecessor-version":[{"id":7461,"href":"https:\/\/www.caregeneva.com\/en\/wp-json\/wp\/v2\/pages\/631\/revisions\/7461"}],"wp:attachment":[{"href":"https:\/\/www.caregeneva.com\/en\/wp-json\/wp\/v2\/media?parent=631"}],"curies":[{"name":"wp","href":"https:\/\/api.w.org\/{rel}","templated":true}]}}