{"id":639,"date":"2016-03-08T11:55:07","date_gmt":"2016-03-08T10:55:07","guid":{"rendered":"http:\/\/www.caregeneva.com\/?page_id=639&#038;lang=en"},"modified":"2021-08-17T14:34:13","modified_gmt":"2021-08-17T13:34:13","slug":"ear-surgery","status":"publish","type":"page","link":"https:\/\/www.caregeneva.com\/en\/ear-surgery\/","title":{"rendered":"Ear Surgery"},"content":{"rendered":"<div class=\"flex_column av_one_full  flex_column_div av-zero-column-padding first  avia-builder-el-0  el_before_av_one_full  avia-builder-el-first  \" style='border-radius:0px; '><section class=\"av_textblock_section \"  itemscope=\"itemscope\" itemtype=\"https:\/\/schema.org\/CreativeWork\" ><div class='avia_textblock  '   itemprop=\"text\" ><h2>Otoplasty Geneva Surgery<\/h2>\n<p>Otoplasty Geneva procedure aims to permanently correct protruding ears by reshaping the cartilage, so as to obtain ears &#8220;glued together&#8221;, symmetrical, size and natural aspect, thereby ending the teasing could cause psychological problems, conflicts social or academic.<\/p>\n<p>Otoplasty can be performed in adults or adolescents, but most of the time, the correction is proposed as a child, where it can be performed from the age of 7.<\/p>\n<h3>Learn more<\/h3>\n<p>Usually the procedure is done in one day of hospitalization (day surgery). It takes about 1 hour and is often performed under local anesthesia.<\/p>\n<p>The cartilage remodeling is through an incision behind the ear, which allows to hide the scar.<\/p>\n<p>Postoperative pain is usually moderate. The first large bandage is removed on the 2nd postoperative day and replaced by a band of contention that will be worn day and night for 2-4 weeks.<\/p>\n<p><a href=\"https:\/\/www.caregeneva.com\/en\/complications-in-plastic-surgery\/\">Complications are rare<\/a>, but others include hematoma flag that must be drained, infections, which usually respond to antibiotic treatment, and skin pain.<\/p>\n<div id=\"accordion1\" class=\"accordionfaq arrow\"><\/div>\n<\/div><\/section><\/div><div class=\"flex_column av_one_full  flex_column_div av-zero-column-padding first  avia-builder-el-2  el_after_av_one_full  avia-builder-el-last  column-top-margin\" style='border-radius:0px; '><section class=\"av_textblock_section \"  itemscope=\"itemscope\" itemtype=\"https:\/\/schema.org\/CreativeWork\" ><div class='avia_textblock  '   itemprop=\"text\" ><hr \/>\n<h3>Photo Gallery<\/h3>\n<\/div><\/section><br \/>\n<section class=\"av_textblock_section \"  itemscope=\"itemscope\" itemtype=\"https:\/\/schema.org\/CreativeWork\" ><div class='avia_textblock  '   itemprop=\"text\" >\n<\/div><\/section><\/p><\/div><\/p>\n","protected":false},"excerpt":{"rendered":"","protected":false},"author":4,"featured_media":0,"parent":0,"menu_order":0,"comment_status":"closed","ping_status":"closed","template":"","meta":{"footnotes":""},"class_list":["post-639","page","type-page","status-publish","hentry"],"yoast_head":"<!-- This site is optimized with the Yoast SEO Premium plugin v24.4 (Yoast SEO v24.4) - https:\/\/yoast.com\/wordpress\/plugins\/seo\/ -->\n<title>Otoplasty Geneva | Ear Surgery Geneva | Ear Correction Surgery<\/title>\n<meta name=\"description\" content=\"Ear surgery (or Otoplasty Geneva) in Switzerland at Care Geneva cosmetic surgery clinic, aims to bring normality to the shape of the ears.\" \/>\n<meta name=\"robots\" content=\"index, follow, max-snippet:-1, max-image-preview:large, max-video-preview:-1\" \/>\n<link rel=\"canonical\" href=\"https:\/\/www.caregeneva.com\/en\/geneva-face-procedures__trashed\/ear-surgery\/\" \/>\n<meta property=\"og:locale\" content=\"en_US\" \/>\n<meta property=\"og:type\" content=\"article\" \/>\n<meta property=\"og:title\" content=\"Ear Surgery\" \/>\n<meta property=\"og:description\" content=\"Ear surgery (or Otoplasty Geneva) in Switzerland at Care Geneva cosmetic surgery clinic, aims to bring normality to the shape of the ears.\" \/>\n<meta property=\"og:url\" content=\"https:\/\/www.caregeneva.com\/en\/geneva-face-procedures__trashed\/ear-surgery\/\" \/>\n<meta property=\"og:site_name\" content=\"Care Geneva Aesthetics\" \/>\n<meta property=\"article:modified_time\" content=\"2021-08-17T13:34:13+00:00\" \/>\n<meta name=\"twitter:card\" content=\"summary_large_image\" \/>\n<meta name=\"twitter:label1\" content=\"Est. reading time\" \/>\n\t<meta name=\"twitter:data1\" content=\"2 minutes\" \/>\n<script type=\"application\/ld+json\" class=\"yoast-schema-graph\">{\"@context\":\"https:\/\/schema.org\",\"@graph\":[{\"@type\":\"WebPage\",\"@id\":\"https:\/\/www.caregeneva.com\/en\/geneva-face-procedures__trashed\/ear-surgery\/\",\"url\":\"https:\/\/www.caregeneva.com\/en\/geneva-face-procedures__trashed\/ear-surgery\/\",\"name\":\"Otoplasty Geneva | Ear Surgery Geneva | Ear Correction Surgery\",\"isPartOf\":{\"@id\":\"https:\/\/www.caregeneva.com\/en\/#website\"},\"datePublished\":\"2016-03-08T10:55:07+00:00\",\"dateModified\":\"2021-08-17T13:34:13+00:00\",\"description\":\"Ear surgery (or Otoplasty Geneva) in Switzerland at Care Geneva cosmetic surgery clinic, aims to bring normality to the shape of the ears.\",\"breadcrumb\":{\"@id\":\"https:\/\/www.caregeneva.com\/en\/geneva-face-procedures__trashed\/ear-surgery\/#breadcrumb\"},\"inLanguage\":\"en-US\",\"potentialAction\":[{\"@type\":\"ReadAction\",\"target\":[\"https:\/\/www.caregeneva.com\/en\/geneva-face-procedures__trashed\/ear-surgery\/\"]}]},{\"@type\":\"BreadcrumbList\",\"@id\":\"https:\/\/www.caregeneva.com\/en\/geneva-face-procedures__trashed\/ear-surgery\/#breadcrumb\",\"itemListElement\":[{\"@type\":\"ListItem\",\"position\":1,\"name\":\"Accueil\",\"item\":\"https:\/\/www.caregeneva.com\/en\/\"},{\"@type\":\"ListItem\",\"position\":2,\"name\":\"Ear Surgery\"}]},{\"@type\":\"WebSite\",\"@id\":\"https:\/\/www.caregeneva.com\/en\/#website\",\"url\":\"https:\/\/www.caregeneva.com\/en\/\",\"name\":\"Care Geneva Aesthetics\",\"description\":\"Clinique de chirurgie plastique et de m\u00e9decine esth\u00e9tique \u00e0 Gen\u00e8ve qui offre des traitements avec un r\u00e9sultat naturel et durable dans le temps, en s&#039;appuyant sur des techniques s\u00fbres et \u00e0 la pointe de la recherche scientifique\",\"potentialAction\":[{\"@type\":\"SearchAction\",\"target\":{\"@type\":\"EntryPoint\",\"urlTemplate\":\"https:\/\/www.caregeneva.com\/en\/?s={search_term_string}\"},\"query-input\":{\"@type\":\"PropertyValueSpecification\",\"valueRequired\":true,\"valueName\":\"search_term_string\"}}],\"inLanguage\":\"en-US\"}]}<\/script>\n<!-- \/ Yoast SEO Premium plugin. -->","yoast_head_json":{"title":"Otoplasty Geneva | Ear Surgery Geneva | Ear Correction Surgery","description":"Ear surgery (or Otoplasty Geneva) in Switzerland at Care Geneva cosmetic surgery clinic, aims to bring normality to the shape of the ears.","robots":{"index":"index","follow":"follow","max-snippet":"max-snippet:-1","max-image-preview":"max-image-preview:large","max-video-preview":"max-video-preview:-1"},"canonical":"https:\/\/www.caregeneva.com\/en\/geneva-face-procedures__trashed\/ear-surgery\/","og_locale":"en_US","og_type":"article","og_title":"Ear Surgery","og_description":"Ear surgery (or Otoplasty Geneva) in Switzerland at Care Geneva cosmetic surgery clinic, aims to bring normality to the shape of the ears.","og_url":"https:\/\/www.caregeneva.com\/en\/geneva-face-procedures__trashed\/ear-surgery\/","og_site_name":"Care Geneva Aesthetics","article_modified_time":"2021-08-17T13:34:13+00:00","twitter_card":"summary_large_image","twitter_misc":{"Est. reading time":"2 minutes"},"schema":{"@context":"https:\/\/schema.org","@graph":[{"@type":"WebPage","@id":"https:\/\/www.caregeneva.com\/en\/geneva-face-procedures__trashed\/ear-surgery\/","url":"https:\/\/www.caregeneva.com\/en\/geneva-face-procedures__trashed\/ear-surgery\/","name":"Otoplasty Geneva | Ear Surgery Geneva | Ear Correction Surgery","isPartOf":{"@id":"https:\/\/www.caregeneva.com\/en\/#website"},"datePublished":"2016-03-08T10:55:07+00:00","dateModified":"2021-08-17T13:34:13+00:00","description":"Ear surgery (or Otoplasty Geneva) in Switzerland at Care Geneva cosmetic surgery clinic, aims to bring normality to the shape of the ears.","breadcrumb":{"@id":"https:\/\/www.caregeneva.com\/en\/geneva-face-procedures__trashed\/ear-surgery\/#breadcrumb"},"inLanguage":"en-US","potentialAction":[{"@type":"ReadAction","target":["https:\/\/www.caregeneva.com\/en\/geneva-face-procedures__trashed\/ear-surgery\/"]}]},{"@type":"BreadcrumbList","@id":"https:\/\/www.caregeneva.com\/en\/geneva-face-procedures__trashed\/ear-surgery\/#breadcrumb","itemListElement":[{"@type":"ListItem","position":1,"name":"Accueil","item":"https:\/\/www.caregeneva.com\/en\/"},{"@type":"ListItem","position":2,"name":"Ear Surgery"}]},{"@type":"WebSite","@id":"https:\/\/www.caregeneva.com\/en\/#website","url":"https:\/\/www.caregeneva.com\/en\/","name":"Care Geneva Aesthetics","description":"Clinique de chirurgie plastique et de m\u00e9decine esth\u00e9tique \u00e0 Gen\u00e8ve qui offre des traitements avec un r\u00e9sultat naturel et durable dans le temps, en s&#039;appuyant sur des techniques s\u00fbres et \u00e0 la pointe de la recherche scientifique","potentialAction":[{"@type":"SearchAction","target":{"@type":"EntryPoint","urlTemplate":"https:\/\/www.caregeneva.com\/en\/?s={search_term_string}"},"query-input":{"@type":"PropertyValueSpecification","valueRequired":true,"valueName":"search_term_string"}}],"inLanguage":"en-US"}]}},"_links":{"self":[{"href":"https:\/\/www.caregeneva.com\/en\/wp-json\/wp\/v2\/pages\/639","targetHints":{"allow":["GET"]}}],"collection":[{"href":"https:\/\/www.caregeneva.com\/en\/wp-json\/wp\/v2\/pages"}],"about":[{"href":"https:\/\/www.caregeneva.com\/en\/wp-json\/wp\/v2\/types\/page"}],"author":[{"embeddable":true,"href":"https:\/\/www.caregeneva.com\/en\/wp-json\/wp\/v2\/users\/4"}],"replies":[{"embeddable":true,"href":"https:\/\/www.caregeneva.com\/en\/wp-json\/wp\/v2\/comments?post=639"}],"version-history":[{"count":1,"href":"https:\/\/www.caregeneva.com\/en\/wp-json\/wp\/v2\/pages\/639\/revisions"}],"predecessor-version":[{"id":7383,"href":"https:\/\/www.caregeneva.com\/en\/wp-json\/wp\/v2\/pages\/639\/revisions\/7383"}],"wp:attachment":[{"href":"https:\/\/www.caregeneva.com\/en\/wp-json\/wp\/v2\/media?parent=639"}],"curies":[{"name":"wp","href":"https:\/\/api.w.org\/{rel}","templated":true}]}}