{"id":642,"date":"2016-03-08T11:57:26","date_gmt":"2016-03-08T10:57:26","guid":{"rendered":"http:\/\/www.caregeneva.com\/?page_id=642&#038;lang=en"},"modified":"2025-01-30T13:08:52","modified_gmt":"2025-01-30T12:08:52","slug":"microneedling","status":"publish","type":"page","link":"https:\/\/www.caregeneva.com\/en\/microneedling\/","title":{"rendered":"Microneedling"},"content":{"rendered":"<section class=\"av_textblock_section \"  itemscope=\"itemscope\" itemtype=\"https:\/\/schema.org\/CreativeWork\" ><div class='avia_textblock  '   itemprop=\"text\" ><h1>Microneedling Geneva<\/h1>\n<p>Microneedeling is a technique that helps revitalize the face. This is the small injection quantity of product in the thickness of the superficial dermis (the technique is called topping). We only use products based on hyaluronic acid which have CE marking and FDA (USA).<\/p>\n<p>In general, 3 sessions spaced a few weeks to get a result. This is an improvement in skin texture, a reduction or erasing wrinkles, the skin becomes more radiant, firmer, thicker and better hydrated.<\/p>\n<p>Following the injection, you may have redness at the injection point which persists a few hours, bruising are rare and disappear within a few days.<\/p>\n<p>There must also be a control between six months and a year, for a new session of mesotherapy.<\/p>\n<hr \/>\n<p><center><\/center><\/p>\n<\/div><\/section>\n","protected":false},"excerpt":{"rendered":"","protected":false},"author":4,"featured_media":0,"parent":0,"menu_order":0,"comment_status":"closed","ping_status":"closed","template":"","meta":{"footnotes":""},"class_list":["post-642","page","type-page","status-publish","hentry"],"yoast_head":"<!-- This site is optimized with the Yoast SEO Premium plugin v24.4 (Yoast SEO v24.4) - https:\/\/yoast.com\/wordpress\/plugins\/seo\/ -->\n<title>Mesotherapy in Geneva, Switzerland | Face Treatments Geneva<\/title>\n<meta name=\"description\" content=\"Mesotherapy in Geneva, Switzerland at Care Geneva clinic. Various aesthetic treatments for the face to revitalize the skin. Aesthetic medicine Geneva.\" \/>\n<meta name=\"robots\" content=\"index, follow, max-snippet:-1, max-image-preview:large, max-video-preview:-1\" \/>\n<link rel=\"canonical\" href=\"https:\/\/www.caregeneva.com\/en\/microneedling\/\" \/>\n<meta property=\"og:locale\" content=\"en_US\" \/>\n<meta property=\"og:type\" content=\"article\" \/>\n<meta property=\"og:title\" content=\"Microneedling\" \/>\n<meta property=\"og:description\" content=\"Mesotherapy in Geneva, Switzerland at Care Geneva clinic. Various aesthetic treatments for the face to revitalize the skin. Aesthetic medicine Geneva.\" \/>\n<meta property=\"og:url\" content=\"https:\/\/www.caregeneva.com\/en\/microneedling\/\" \/>\n<meta property=\"og:site_name\" content=\"Care Geneva Aesthetics\" \/>\n<meta property=\"article:modified_time\" content=\"2025-01-30T12:08:52+00:00\" \/>\n<meta name=\"twitter:card\" content=\"summary_large_image\" \/>\n<meta name=\"twitter:label1\" content=\"Est. reading time\" \/>\n\t<meta name=\"twitter:data1\" content=\"2 minutes\" \/>\n<script type=\"application\/ld+json\" class=\"yoast-schema-graph\">{\"@context\":\"https:\/\/schema.org\",\"@graph\":[{\"@type\":\"WebPage\",\"@id\":\"https:\/\/www.caregeneva.com\/en\/microneedling\/\",\"url\":\"https:\/\/www.caregeneva.com\/en\/microneedling\/\",\"name\":\"Mesotherapy in Geneva, Switzerland | Face Treatments Geneva\",\"isPartOf\":{\"@id\":\"https:\/\/www.caregeneva.com\/en\/#website\"},\"datePublished\":\"2016-03-08T10:57:26+00:00\",\"dateModified\":\"2025-01-30T12:08:52+00:00\",\"description\":\"Mesotherapy in Geneva, Switzerland at Care Geneva clinic. Various aesthetic treatments for the face to revitalize the skin. Aesthetic medicine Geneva.\",\"breadcrumb\":{\"@id\":\"https:\/\/www.caregeneva.com\/en\/microneedling\/#breadcrumb\"},\"inLanguage\":\"en-US\",\"potentialAction\":[{\"@type\":\"ReadAction\",\"target\":[\"https:\/\/www.caregeneva.com\/en\/microneedling\/\"]}]},{\"@type\":\"BreadcrumbList\",\"@id\":\"https:\/\/www.caregeneva.com\/en\/microneedling\/#breadcrumb\",\"itemListElement\":[{\"@type\":\"ListItem\",\"position\":1,\"name\":\"Accueil\",\"item\":\"https:\/\/www.caregeneva.com\/en\/\"},{\"@type\":\"ListItem\",\"position\":2,\"name\":\"Microneedling\"}]},{\"@type\":\"WebSite\",\"@id\":\"https:\/\/www.caregeneva.com\/en\/#website\",\"url\":\"https:\/\/www.caregeneva.com\/en\/\",\"name\":\"Care Geneva Aesthetics\",\"description\":\"Clinique de chirurgie plastique et de m\u00e9decine esth\u00e9tique \u00e0 Gen\u00e8ve qui offre des traitements avec un r\u00e9sultat naturel et durable dans le temps, en s&#039;appuyant sur des techniques s\u00fbres et \u00e0 la pointe de la recherche scientifique\",\"potentialAction\":[{\"@type\":\"SearchAction\",\"target\":{\"@type\":\"EntryPoint\",\"urlTemplate\":\"https:\/\/www.caregeneva.com\/en\/?s={search_term_string}\"},\"query-input\":{\"@type\":\"PropertyValueSpecification\",\"valueRequired\":true,\"valueName\":\"search_term_string\"}}],\"inLanguage\":\"en-US\"}]}<\/script>\n<!-- \/ Yoast SEO Premium plugin. -->","yoast_head_json":{"title":"Mesotherapy in Geneva, Switzerland | Face Treatments Geneva","description":"Mesotherapy in Geneva, Switzerland at Care Geneva clinic. Various aesthetic treatments for the face to revitalize the skin. Aesthetic medicine Geneva.","robots":{"index":"index","follow":"follow","max-snippet":"max-snippet:-1","max-image-preview":"max-image-preview:large","max-video-preview":"max-video-preview:-1"},"canonical":"https:\/\/www.caregeneva.com\/en\/microneedling\/","og_locale":"en_US","og_type":"article","og_title":"Microneedling","og_description":"Mesotherapy in Geneva, Switzerland at Care Geneva clinic. Various aesthetic treatments for the face to revitalize the skin. Aesthetic medicine Geneva.","og_url":"https:\/\/www.caregeneva.com\/en\/microneedling\/","og_site_name":"Care Geneva Aesthetics","article_modified_time":"2025-01-30T12:08:52+00:00","twitter_card":"summary_large_image","twitter_misc":{"Est. reading time":"2 minutes"},"schema":{"@context":"https:\/\/schema.org","@graph":[{"@type":"WebPage","@id":"https:\/\/www.caregeneva.com\/en\/microneedling\/","url":"https:\/\/www.caregeneva.com\/en\/microneedling\/","name":"Mesotherapy in Geneva, Switzerland | Face Treatments Geneva","isPartOf":{"@id":"https:\/\/www.caregeneva.com\/en\/#website"},"datePublished":"2016-03-08T10:57:26+00:00","dateModified":"2025-01-30T12:08:52+00:00","description":"Mesotherapy in Geneva, Switzerland at Care Geneva clinic. Various aesthetic treatments for the face to revitalize the skin. Aesthetic medicine Geneva.","breadcrumb":{"@id":"https:\/\/www.caregeneva.com\/en\/microneedling\/#breadcrumb"},"inLanguage":"en-US","potentialAction":[{"@type":"ReadAction","target":["https:\/\/www.caregeneva.com\/en\/microneedling\/"]}]},{"@type":"BreadcrumbList","@id":"https:\/\/www.caregeneva.com\/en\/microneedling\/#breadcrumb","itemListElement":[{"@type":"ListItem","position":1,"name":"Accueil","item":"https:\/\/www.caregeneva.com\/en\/"},{"@type":"ListItem","position":2,"name":"Microneedling"}]},{"@type":"WebSite","@id":"https:\/\/www.caregeneva.com\/en\/#website","url":"https:\/\/www.caregeneva.com\/en\/","name":"Care Geneva Aesthetics","description":"Clinique de chirurgie plastique et de m\u00e9decine esth\u00e9tique \u00e0 Gen\u00e8ve qui offre des traitements avec un r\u00e9sultat naturel et durable dans le temps, en s&#039;appuyant sur des techniques s\u00fbres et \u00e0 la pointe de la recherche scientifique","potentialAction":[{"@type":"SearchAction","target":{"@type":"EntryPoint","urlTemplate":"https:\/\/www.caregeneva.com\/en\/?s={search_term_string}"},"query-input":{"@type":"PropertyValueSpecification","valueRequired":true,"valueName":"search_term_string"}}],"inLanguage":"en-US"}]}},"_links":{"self":[{"href":"https:\/\/www.caregeneva.com\/en\/wp-json\/wp\/v2\/pages\/642","targetHints":{"allow":["GET"]}}],"collection":[{"href":"https:\/\/www.caregeneva.com\/en\/wp-json\/wp\/v2\/pages"}],"about":[{"href":"https:\/\/www.caregeneva.com\/en\/wp-json\/wp\/v2\/types\/page"}],"author":[{"embeddable":true,"href":"https:\/\/www.caregeneva.com\/en\/wp-json\/wp\/v2\/users\/4"}],"replies":[{"embeddable":true,"href":"https:\/\/www.caregeneva.com\/en\/wp-json\/wp\/v2\/comments?post=642"}],"version-history":[{"count":2,"href":"https:\/\/www.caregeneva.com\/en\/wp-json\/wp\/v2\/pages\/642\/revisions"}],"predecessor-version":[{"id":7441,"href":"https:\/\/www.caregeneva.com\/en\/wp-json\/wp\/v2\/pages\/642\/revisions\/7441"}],"wp:attachment":[{"href":"https:\/\/www.caregeneva.com\/en\/wp-json\/wp\/v2\/media?parent=642"}],"curies":[{"name":"wp","href":"https:\/\/api.w.org\/{rel}","templated":true}]}}