{"id":6508,"date":"2024-05-12T06:53:20","date_gmt":"2024-05-12T05:53:20","guid":{"rendered":"https:\/\/www.caregeneva.com\/?page_id=6508"},"modified":"2025-01-30T11:21:15","modified_gmt":"2025-01-30T10:21:15","slug":"changing-breast-implants","status":"publish","type":"page","link":"https:\/\/www.caregeneva.com\/en\/changing-breast-implants\/","title":{"rendered":"Replacing breast implants"},"content":{"rendered":"<div class=\"flex_column av_one_full  flex_column_div av-zero-column-padding first  avia-builder-el-0  el_before_av_one_full  avia-builder-el-first  \" style='border-radius:0px; '><section class=\"av_textblock_section \"  itemscope=\"itemscope\" itemtype=\"https:\/\/schema.org\/CreativeWork\" ><div class='avia_textblock  '   itemprop=\"text\" ><h1 style=\"text-align: center;\">Changing breast implants<\/h1>\n<\/div><\/section><\/div><div class=\"flex_column av_one_full  flex_column_div av-zero-column-padding first  avia-builder-el-2  el_after_av_one_full  el_before_av_textblock  column-top-margin\" style='border-radius:0px; '><section class=\"av_textblock_section \"  itemscope=\"itemscope\" itemtype=\"https:\/\/schema.org\/CreativeWork\" ><div class='avia_textblock  '   itemprop=\"text\" ><h1 style=\"text-align: center;\"><\/h1>\n<p>After a breast augmentation you might need to change your breast implants. The reason may be a change in your breast shape following pregnancy, a change in weight or the natural aging of your figure. The appearance of a periprosthetic capsulitis or a rupture of the prostheses are other situations which require a change of breast prostheses.<\/p>\n<p>In certain cases, this intervention may be covered by your health insurance, particularly in the event of a shell or prosthetic rupture. A pre-operative consultation with a plastic surgeon allows you to assess your problem. An ultrasound can guide the surgeon in\u00a0the diagnosis.<\/p>\n<p>The change of breast prosthesis can be associated with a complementary intervention to improve the aesthetic result. A breast pexy (or breast lift) can be performed at the same time. In other cases, a breast lipofilling may be performed. The goal is to obtain the most natural aesthetic result.<\/p>\n<\/div><\/section><\/div><section class=\"av_textblock_section \"  itemscope=\"itemscope\" itemtype=\"https:\/\/schema.org\/CreativeWork\" ><div class='avia_textblock  '   itemprop=\"text\" ><h3>FAQs<\/h3>\n<p>&#8211; How do I know if I have a ruptured breast prosthesis? If in doubt, come and consult us. We will examine you and request a breast ultrasound which will allow us to make the diagnosis. Other examinations, notably an MRI, may be carried out in case of doubt.<\/p>\n<p>&#8211; How do I know if I have a case? In the event of a shell, you will feel an induration of the implant compared to the other side. Sometimes you may feel unusual pain. If in doubt, a consultation with your plastic surgeon is advisable. He will examine you and order a breast ultrasound which will make the diagnosis. Other examinations, notably an MRI, may be carried out in case of doubt.<\/p>\n<p>-After how many years may I need changing breast implants? There is no one right answer to this question. A consultation every 1-2 years with your surgeon is desirable. If you have no symptoms, are happy with the shape and volume of your breast and have regular consultations with your plastic surgeon, there is no reason to change the prostheses.<\/p>\n<p>&#8211; Does my health insurance cover changing breast prostheses? Yes, in general, in the event of a rupture or periprosthetic shell.<\/p>\n<p>&#8211; What should I do if I no longer want breast prostheses? You have several options. If you have enough breast tissue, in some cases the prostheses can be removed. In other situations, a breast pexy can also be considered to improve the aesthetic result. Finally, if you don&#8217;t have enough, we can discuss breast lipofilling. It is best to discuss alternatives with your plastic surgeon.<\/p>\n<\/div><\/section><\/p>\n<div class=\"flex_column av_one_full  flex_column_div av-zero-column-padding first  avia-builder-el-5  el_after_av_textblock  avia-builder-el-last  column-top-margin\" style='border-radius:0px; '><p><section class=\"av_textblock_section \"  itemscope=\"itemscope\" itemtype=\"https:\/\/schema.org\/CreativeWork\" ><div class='avia_textblock  '   itemprop=\"text\" ><p>Change of breast implants after periprosthetic capsulitis (photo of before and after the procedure)<\/p>\n<\/div><\/section><br \/>\n<div  class='avia-gallery  avia-gallery-1 avia_lazyload avia-gallery-animate avia_animate_when_visible  avia-builder-el-7  el_after_av_textblock  avia-builder-el-last '  itemprop=\"image\" itemscope=\"itemscope\" itemtype=\"https:\/\/schema.org\/ImageObject\" ><div class='avia-gallery-thumb'> <a href=\"https:\/\/www.caregeneva.com\/wp-content\/uploads\/2017\/10\/changement-proth\u00e8se4-1030x737.jpg\" data-srcset=\"https:\/\/www.caregeneva.com\/wp-content\/uploads\/2017\/10\/changement-proth\u00e8se4-1030x737.jpg 1030w, https:\/\/www.caregeneva.com\/wp-content\/uploads\/2017\/10\/changement-proth\u00e8se4-300x215.jpg 300w, https:\/\/www.caregeneva.com\/wp-content\/uploads\/2017\/10\/changement-proth\u00e8se4-768x549.jpg 768w, https:\/\/www.caregeneva.com\/wp-content\/uploads\/2017\/10\/changement-proth\u00e8se4.jpg 1500w, https:\/\/www.caregeneva.com\/wp-content\/uploads\/2017\/10\/changement-proth\u00e8se4-260x185.jpg 260w, https:\/\/www.caregeneva.com\/wp-content\/uploads\/2017\/10\/changement-proth\u00e8se4-705x504.jpg 705w, https:\/\/www.caregeneva.com\/wp-content\/uploads\/2017\/10\/changement-proth\u00e8se4-450x322.jpg 450w\" data-sizes=\"(max-width: 1030px) 100vw, 1030px\" data-rel='gallery-1' data-prev-img='https:\/\/www.caregeneva.com\/wp-content\/uploads\/2017\/10\/changement-proth\u00e8se4-495x400.jpg' class='first_thumb lightbox ' data-onclick='1' title='Before '  itemprop=\"thumbnailUrl\"  ><img decoding=\"async\" class=\"wp-image-2653 avia-img-lazy-loading-not-2653\"  data-avia-tooltip='Before ' src=\"https:\/\/www.caregeneva.com\/wp-content\/uploads\/2017\/10\/changement-proth\u00e8se4-495x400.jpg\" width=\"495\" height=\"400\"  title='changement-proth\u00e8se4' alt='' srcset=\"https:\/\/www.caregeneva.com\/wp-content\/uploads\/2017\/10\/changement-proth\u00e8se4-495x400.jpg 495w, https:\/\/www.caregeneva.com\/wp-content\/uploads\/2017\/10\/changement-proth\u00e8se4-845x684.jpg 845w\" sizes=\"(max-width: 495px) 100vw, 495px\" \/><\/a> <a href=\"https:\/\/www.caregeneva.com\/wp-content\/uploads\/2017\/10\/changement-proth\u00e8se5-1030x869.jpg\" data-srcset=\"https:\/\/www.caregeneva.com\/wp-content\/uploads\/2017\/10\/changement-proth\u00e8se5-1030x869.jpg 1030w, https:\/\/www.caregeneva.com\/wp-content\/uploads\/2017\/10\/changement-proth\u00e8se5-300x253.jpg 300w, https:\/\/www.caregeneva.com\/wp-content\/uploads\/2017\/10\/changement-proth\u00e8se5-768x648.jpg 768w, https:\/\/www.caregeneva.com\/wp-content\/uploads\/2017\/10\/changement-proth\u00e8se5.jpg 1500w, https:\/\/www.caregeneva.com\/wp-content\/uploads\/2017\/10\/changement-proth\u00e8se5-705x595.jpg 705w, https:\/\/www.caregeneva.com\/wp-content\/uploads\/2017\/10\/changement-proth\u00e8se5-450x380.jpg 450w\" data-sizes=\"(max-width: 1030px) 100vw, 1030px\" data-rel='gallery-1' data-prev-img='https:\/\/www.caregeneva.com\/wp-content\/uploads\/2017\/10\/changement-proth\u00e8se5-495x400.jpg' class='lightbox ' data-onclick='2' title='After'  itemprop=\"thumbnailUrl\"  ><img decoding=\"async\" class=\"wp-image-2654 avia-img-lazy-loading-not-2654\"  data-avia-tooltip='After' src=\"https:\/\/www.caregeneva.com\/wp-content\/uploads\/2017\/10\/changement-proth\u00e8se5-495x400.jpg\" width=\"495\" height=\"400\"  title='changement-proth\u00e8se5' alt='' srcset=\"https:\/\/www.caregeneva.com\/wp-content\/uploads\/2017\/10\/changement-proth\u00e8se5-495x400.jpg 495w, https:\/\/www.caregeneva.com\/wp-content\/uploads\/2017\/10\/changement-proth\u00e8se5-845x684.jpg 845w\" sizes=\"(max-width: 495px) 100vw, 495px\" \/><\/a> <a href=\"https:\/\/www.caregeneva.com\/wp-content\/uploads\/2017\/10\/changement-proth\u00e8se2-980x1030.jpg\" data-srcset=\"https:\/\/www.caregeneva.com\/wp-content\/uploads\/2017\/10\/changement-proth\u00e8se2-980x1030.jpg 980w, https:\/\/www.caregeneva.com\/wp-content\/uploads\/2017\/10\/changement-proth\u00e8se2-285x300.jpg 285w, https:\/\/www.caregeneva.com\/wp-content\/uploads\/2017\/10\/changement-proth\u00e8se2-768x807.jpg 768w, https:\/\/www.caregeneva.com\/wp-content\/uploads\/2017\/10\/changement-proth\u00e8se2.jpg 1427w, https:\/\/www.caregeneva.com\/wp-content\/uploads\/2017\/10\/changement-proth\u00e8se2-671x705.jpg 671w, https:\/\/www.caregeneva.com\/wp-content\/uploads\/2017\/10\/changement-proth\u00e8se2-450x473.jpg 450w\" data-sizes=\"(max-width: 980px) 100vw, 980px\" data-rel='gallery-1' data-prev-img='https:\/\/www.caregeneva.com\/wp-content\/uploads\/2017\/10\/changement-proth\u00e8se2-495x400.jpg' class='lightbox ' data-onclick='3' title='Before '  itemprop=\"thumbnailUrl\"  ><img decoding=\"async\" class=\"wp-image-2651 avia-img-lazy-loading-not-2651\"  data-avia-tooltip='Before ' src=\"https:\/\/www.caregeneva.com\/wp-content\/uploads\/2017\/10\/changement-proth\u00e8se2-495x400.jpg\" width=\"495\" height=\"400\"  title='changement-proth\u00e8se2' alt='' srcset=\"https:\/\/www.caregeneva.com\/wp-content\/uploads\/2017\/10\/changement-proth\u00e8se2-495x400.jpg 495w, https:\/\/www.caregeneva.com\/wp-content\/uploads\/2017\/10\/changement-proth\u00e8se2-845x684.jpg 845w\" sizes=\"(max-width: 495px) 100vw, 495px\" \/><\/a> <a href=\"https:\/\/www.caregeneva.com\/wp-content\/uploads\/2017\/10\/changement-proth\u00e8se3-1030x978.jpg\" data-srcset=\"https:\/\/www.caregeneva.com\/wp-content\/uploads\/2017\/10\/changement-proth\u00e8se3-1030x978.jpg 1030w, https:\/\/www.caregeneva.com\/wp-content\/uploads\/2017\/10\/changement-proth\u00e8se3-300x285.jpg 300w, https:\/\/www.caregeneva.com\/wp-content\/uploads\/2017\/10\/changement-proth\u00e8se3-768x729.jpg 768w, https:\/\/www.caregeneva.com\/wp-content\/uploads\/2017\/10\/changement-proth\u00e8se3.jpg 1500w, https:\/\/www.caregeneva.com\/wp-content\/uploads\/2017\/10\/changement-proth\u00e8se3-705x669.jpg 705w, https:\/\/www.caregeneva.com\/wp-content\/uploads\/2017\/10\/changement-proth\u00e8se3-450x427.jpg 450w\" data-sizes=\"(max-width: 1030px) 100vw, 1030px\" data-rel='gallery-1' data-prev-img='https:\/\/www.caregeneva.com\/wp-content\/uploads\/2017\/10\/changement-proth\u00e8se3-495x400.jpg' class='lightbox ' data-onclick='4' title='After'  itemprop=\"thumbnailUrl\"  ><img decoding=\"async\" class=\"wp-image-2652 avia-img-lazy-loading-not-2652\"  data-avia-tooltip='After' src=\"https:\/\/www.caregeneva.com\/wp-content\/uploads\/2017\/10\/changement-proth\u00e8se3-495x400.jpg\" width=\"495\" height=\"400\"  title='changement-proth\u00e8se3' alt='' srcset=\"https:\/\/www.caregeneva.com\/wp-content\/uploads\/2017\/10\/changement-proth\u00e8se3-495x400.jpg 495w, https:\/\/www.caregeneva.com\/wp-content\/uploads\/2017\/10\/changement-proth\u00e8se3-845x684.jpg 845w\" sizes=\"(max-width: 495px) 100vw, 495px\" \/><\/a> <a href=\"https:\/\/www.caregeneva.com\/wp-content\/uploads\/2017\/10\/changement-proth\u00e8se1-1027x1030.jpg\" data-srcset=\"https:\/\/www.caregeneva.com\/wp-content\/uploads\/2017\/10\/changement-proth\u00e8se1-1027x1030.jpg 1027w, https:\/\/www.caregeneva.com\/wp-content\/uploads\/2017\/10\/changement-proth\u00e8se1-80x80.jpg 80w, https:\/\/www.caregeneva.com\/wp-content\/uploads\/2017\/10\/changement-proth\u00e8se1-300x300.jpg 300w, https:\/\/www.caregeneva.com\/wp-content\/uploads\/2017\/10\/changement-proth\u00e8se1-768x770.jpg 768w, https:\/\/www.caregeneva.com\/wp-content\/uploads\/2017\/10\/changement-proth\u00e8se1-36x36.jpg 36w, https:\/\/www.caregeneva.com\/wp-content\/uploads\/2017\/10\/changement-proth\u00e8se1-180x180.jpg 180w, https:\/\/www.caregeneva.com\/wp-content\/uploads\/2017\/10\/changement-proth\u00e8se1.jpg 1496w, https:\/\/www.caregeneva.com\/wp-content\/uploads\/2017\/10\/changement-proth\u00e8se1-703x705.jpg 703w, https:\/\/www.caregeneva.com\/wp-content\/uploads\/2017\/10\/changement-proth\u00e8se1-120x120.jpg 120w, https:\/\/www.caregeneva.com\/wp-content\/uploads\/2017\/10\/changement-proth\u00e8se1-450x451.jpg 450w\" data-sizes=\"(max-width: 1027px) 100vw, 1027px\" data-rel='gallery-1' data-prev-img='https:\/\/www.caregeneva.com\/wp-content\/uploads\/2017\/10\/changement-proth\u00e8se1-495x400.jpg' class='lightbox ' data-onclick='5' title='Before'  itemprop=\"thumbnailUrl\"  ><img decoding=\"async\" class=\"wp-image-2650 avia-img-lazy-loading-not-2650\"  data-avia-tooltip='Before' src=\"https:\/\/www.caregeneva.com\/wp-content\/uploads\/2017\/10\/changement-proth\u00e8se1-495x400.jpg\" width=\"495\" height=\"400\"  title='changement-proth\u00e8se1' alt='' srcset=\"https:\/\/www.caregeneva.com\/wp-content\/uploads\/2017\/10\/changement-proth\u00e8se1-495x400.jpg 495w, https:\/\/www.caregeneva.com\/wp-content\/uploads\/2017\/10\/changement-proth\u00e8se1-845x684.jpg 845w\" sizes=\"(max-width: 495px) 100vw, 495px\" \/><\/a> <a href=\"https:\/\/www.caregeneva.com\/wp-content\/uploads\/2017\/10\/changement-proth\u00e8se1-2-1030x962.jpg\" data-srcset=\"https:\/\/www.caregeneva.com\/wp-content\/uploads\/2017\/10\/changement-proth\u00e8se1-2-1030x962.jpg 1030w, https:\/\/www.caregeneva.com\/wp-content\/uploads\/2017\/10\/changement-proth\u00e8se1-2-300x280.jpg 300w, https:\/\/www.caregeneva.com\/wp-content\/uploads\/2017\/10\/changement-proth\u00e8se1-2-768x717.jpg 768w, https:\/\/www.caregeneva.com\/wp-content\/uploads\/2017\/10\/changement-proth\u00e8se1-2.jpg 1500w, https:\/\/www.caregeneva.com\/wp-content\/uploads\/2017\/10\/changement-proth\u00e8se1-2-705x658.jpg 705w, https:\/\/www.caregeneva.com\/wp-content\/uploads\/2017\/10\/changement-proth\u00e8se1-2-450x420.jpg 450w\" data-sizes=\"(max-width: 1030px) 100vw, 1030px\" data-rel='gallery-1' data-prev-img='https:\/\/www.caregeneva.com\/wp-content\/uploads\/2017\/10\/changement-proth\u00e8se1-2-495x400.jpg' class='lightbox ' data-onclick='6' title='After'  itemprop=\"thumbnailUrl\"  ><img decoding=\"async\" class=\"wp-image-6512 avia-img-lazy-loading-not-6512\"  data-avia-tooltip='After' src=\"https:\/\/www.caregeneva.com\/wp-content\/uploads\/2017\/10\/changement-proth\u00e8se1-2-495x400.jpg\" width=\"495\" height=\"400\"  title='changement-proth\u00e8se1 (2)' alt='' srcset=\"https:\/\/www.caregeneva.com\/wp-content\/uploads\/2017\/10\/changement-proth\u00e8se1-2-495x400.jpg 495w, https:\/\/www.caregeneva.com\/wp-content\/uploads\/2017\/10\/changement-proth\u00e8se1-2-845x684.jpg 845w\" sizes=\"(max-width: 495px) 100vw, 495px\" \/><\/a><\/div><\/div><\/p><\/div>\n","protected":false},"excerpt":{"rendered":"","protected":false},"author":4,"featured_media":0,"parent":0,"menu_order":0,"comment_status":"closed","ping_status":"closed","template":"","meta":{"footnotes":""},"class_list":["post-6508","page","type-page","status-publish","hentry"],"yoast_head":"<!-- This site is optimized with the Yoast SEO Premium plugin v24.4 (Yoast SEO v24.4) - https:\/\/yoast.com\/wordpress\/plugins\/seo\/ -->\n<title>Changing breast implants<\/title>\n<meta name=\"description\" content=\"Changing breast implants, following pregnancy, change in weight, breast implant capsulitis, rupture of breast implant\" \/>\n<meta name=\"robots\" content=\"index, follow, max-snippet:-1, max-image-preview:large, max-video-preview:-1\" \/>\n<link rel=\"canonical\" href=\"https:\/\/www.caregeneva.com\/en\/changing-breast-implants\/\" \/>\n<meta property=\"og:locale\" content=\"en_US\" \/>\n<meta property=\"og:type\" content=\"article\" \/>\n<meta property=\"og:title\" content=\"Replacing breast implants\" \/>\n<meta property=\"og:description\" content=\"Changing breast implants, following pregnancy, change in weight, breast implant capsulitis, rupture of breast implant\" \/>\n<meta property=\"og:url\" content=\"https:\/\/www.caregeneva.com\/en\/changing-breast-implants\/\" \/>\n<meta property=\"og:site_name\" content=\"Care Geneva Aesthetics\" \/>\n<meta property=\"article:modified_time\" content=\"2025-01-30T10:21:15+00:00\" \/>\n<meta name=\"twitter:card\" content=\"summary_large_image\" \/>\n<meta name=\"twitter:label1\" content=\"Est. reading time\" \/>\n\t<meta name=\"twitter:data1\" content=\"4 minutes\" \/>\n<script type=\"application\/ld+json\" class=\"yoast-schema-graph\">{\"@context\":\"https:\/\/schema.org\",\"@graph\":[{\"@type\":\"WebPage\",\"@id\":\"https:\/\/www.caregeneva.com\/en\/changing-breast-implants\/\",\"url\":\"https:\/\/www.caregeneva.com\/en\/changing-breast-implants\/\",\"name\":\"Changing breast implants\",\"isPartOf\":{\"@id\":\"https:\/\/www.caregeneva.com\/en\/#website\"},\"datePublished\":\"2024-05-12T05:53:20+00:00\",\"dateModified\":\"2025-01-30T10:21:15+00:00\",\"description\":\"Changing breast implants, following pregnancy, change in weight, breast implant capsulitis, rupture of breast implant\",\"breadcrumb\":{\"@id\":\"https:\/\/www.caregeneva.com\/en\/changing-breast-implants\/#breadcrumb\"},\"inLanguage\":\"en-US\",\"potentialAction\":[{\"@type\":\"ReadAction\",\"target\":[\"https:\/\/www.caregeneva.com\/en\/changing-breast-implants\/\"]}]},{\"@type\":\"BreadcrumbList\",\"@id\":\"https:\/\/www.caregeneva.com\/en\/changing-breast-implants\/#breadcrumb\",\"itemListElement\":[{\"@type\":\"ListItem\",\"position\":1,\"name\":\"Accueil\",\"item\":\"https:\/\/www.caregeneva.com\/en\/\"},{\"@type\":\"ListItem\",\"position\":2,\"name\":\"Replacing breast implants\"}]},{\"@type\":\"WebSite\",\"@id\":\"https:\/\/www.caregeneva.com\/en\/#website\",\"url\":\"https:\/\/www.caregeneva.com\/en\/\",\"name\":\"Care Geneva Aesthetics\",\"description\":\"Clinique de chirurgie plastique et de m\u00e9decine esth\u00e9tique \u00e0 Gen\u00e8ve qui offre des traitements avec un r\u00e9sultat naturel et durable dans le temps, en s&#039;appuyant sur des techniques s\u00fbres et \u00e0 la pointe de la recherche scientifique\",\"potentialAction\":[{\"@type\":\"SearchAction\",\"target\":{\"@type\":\"EntryPoint\",\"urlTemplate\":\"https:\/\/www.caregeneva.com\/en\/?s={search_term_string}\"},\"query-input\":{\"@type\":\"PropertyValueSpecification\",\"valueRequired\":true,\"valueName\":\"search_term_string\"}}],\"inLanguage\":\"en-US\"}]}<\/script>\n<!-- \/ Yoast SEO Premium plugin. -->","yoast_head_json":{"title":"Changing breast implants","description":"Changing breast implants, following pregnancy, change in weight, breast implant capsulitis, rupture of breast implant","robots":{"index":"index","follow":"follow","max-snippet":"max-snippet:-1","max-image-preview":"max-image-preview:large","max-video-preview":"max-video-preview:-1"},"canonical":"https:\/\/www.caregeneva.com\/en\/changing-breast-implants\/","og_locale":"en_US","og_type":"article","og_title":"Replacing breast implants","og_description":"Changing breast implants, following pregnancy, change in weight, breast implant capsulitis, rupture of breast implant","og_url":"https:\/\/www.caregeneva.com\/en\/changing-breast-implants\/","og_site_name":"Care Geneva Aesthetics","article_modified_time":"2025-01-30T10:21:15+00:00","twitter_card":"summary_large_image","twitter_misc":{"Est. reading time":"4 minutes"},"schema":{"@context":"https:\/\/schema.org","@graph":[{"@type":"WebPage","@id":"https:\/\/www.caregeneva.com\/en\/changing-breast-implants\/","url":"https:\/\/www.caregeneva.com\/en\/changing-breast-implants\/","name":"Changing breast implants","isPartOf":{"@id":"https:\/\/www.caregeneva.com\/en\/#website"},"datePublished":"2024-05-12T05:53:20+00:00","dateModified":"2025-01-30T10:21:15+00:00","description":"Changing breast implants, following pregnancy, change in weight, breast implant capsulitis, rupture of breast implant","breadcrumb":{"@id":"https:\/\/www.caregeneva.com\/en\/changing-breast-implants\/#breadcrumb"},"inLanguage":"en-US","potentialAction":[{"@type":"ReadAction","target":["https:\/\/www.caregeneva.com\/en\/changing-breast-implants\/"]}]},{"@type":"BreadcrumbList","@id":"https:\/\/www.caregeneva.com\/en\/changing-breast-implants\/#breadcrumb","itemListElement":[{"@type":"ListItem","position":1,"name":"Accueil","item":"https:\/\/www.caregeneva.com\/en\/"},{"@type":"ListItem","position":2,"name":"Replacing breast implants"}]},{"@type":"WebSite","@id":"https:\/\/www.caregeneva.com\/en\/#website","url":"https:\/\/www.caregeneva.com\/en\/","name":"Care Geneva Aesthetics","description":"Clinique de chirurgie plastique et de m\u00e9decine esth\u00e9tique \u00e0 Gen\u00e8ve qui offre des traitements avec un r\u00e9sultat naturel et durable dans le temps, en s&#039;appuyant sur des techniques s\u00fbres et \u00e0 la pointe de la recherche scientifique","potentialAction":[{"@type":"SearchAction","target":{"@type":"EntryPoint","urlTemplate":"https:\/\/www.caregeneva.com\/en\/?s={search_term_string}"},"query-input":{"@type":"PropertyValueSpecification","valueRequired":true,"valueName":"search_term_string"}}],"inLanguage":"en-US"}]}},"_links":{"self":[{"href":"https:\/\/www.caregeneva.com\/en\/wp-json\/wp\/v2\/pages\/6508","targetHints":{"allow":["GET"]}}],"collection":[{"href":"https:\/\/www.caregeneva.com\/en\/wp-json\/wp\/v2\/pages"}],"about":[{"href":"https:\/\/www.caregeneva.com\/en\/wp-json\/wp\/v2\/types\/page"}],"author":[{"embeddable":true,"href":"https:\/\/www.caregeneva.com\/en\/wp-json\/wp\/v2\/users\/4"}],"replies":[{"embeddable":true,"href":"https:\/\/www.caregeneva.com\/en\/wp-json\/wp\/v2\/comments?post=6508"}],"version-history":[{"count":2,"href":"https:\/\/www.caregeneva.com\/en\/wp-json\/wp\/v2\/pages\/6508\/revisions"}],"predecessor-version":[{"id":7372,"href":"https:\/\/www.caregeneva.com\/en\/wp-json\/wp\/v2\/pages\/6508\/revisions\/7372"}],"wp:attachment":[{"href":"https:\/\/www.caregeneva.com\/en\/wp-json\/wp\/v2\/media?parent=6508"}],"curies":[{"name":"wp","href":"https:\/\/api.w.org\/{rel}","templated":true}]}}