{"id":651,"date":"2016-03-08T12:03:17","date_gmt":"2016-03-08T11:03:17","guid":{"rendered":"http:\/\/www.caregeneva.com\/?page_id=651&#038;lang=en"},"modified":"2025-01-30T11:34:08","modified_gmt":"2025-01-30T10:34:08","slug":"peels","status":"publish","type":"page","link":"https:\/\/www.caregeneva.com\/en\/peels\/","title":{"rendered":"Peels"},"content":{"rendered":"<section class=\"av_textblock_section \"  itemscope=\"itemscope\" itemtype=\"https:\/\/schema.org\/CreativeWork\" ><div class='avia_textblock  '   itemprop=\"text\" ><h2>Peels<\/h2>\n<p>Peels stimulate cellular activity to increase the elasticity of the tissues, but will also reduce age spots, refine skin texture, fade acne scars, smooth fine lines and wrinkles and improve skin complexion.<\/p>\n<p>There are 4 types of skin peeling according to skin involvement: superficial peels, which do not cause downtime; depigmenting peels, which cause mild scaling for 2 days, medium peels, responsible for scaling 5 days, and deep peels, much more aggressive.<\/p>\n<p>The session lasts half an hour. This treatment requires preparation of the skin and skin care at home.<\/p>\n<h3>Learn more about peels<\/h3>\n<p>Destroying the most superficial skin layers in a controlled manner is the aim of peels.\u00a0 It is interesting to know that the cell cycle is about a month in young adults 20 years and two months in an adult 60 years. By accelerating the cell cycle, one can improve the quality of the skin. Furthermore, there is a biological action of these treatments. Indeed, it appears that the skin stimulation resulting allows the synthesis of proteins, including collagen which contributes to improving the quality of the skin.<\/p>\n<p>So you can see an improvement in some of the following skin problems: skin pores, loss of skin vitality, loss of radiance, loss of muscle tone, rough skin, fine and dynamic wrinkles, scars, including acne.<\/p>\n<p>None of the treatments mentioned above solves all problems and each has advantages and disadvantages. In our practice, peels allow us to obtain satisfactory results with little risk of complications.<\/p>\n<p>Please check below videos for more information.<\/p>\n<div id=\"accordion1\" class=\"accordionfaq arrow\"><\/div>\n<\/div><\/section>\n<div class=\"flex_column av_one_full  flex_column_div av-zero-column-padding first  avia-builder-el-1  el_after_av_textblock  avia-builder-el-last  column-top-margin\" style='border-radius:0px; '><section class=\"av_textblock_section \"  itemscope=\"itemscope\" itemtype=\"https:\/\/schema.org\/CreativeWork\" ><div class='avia_textblock  '   itemprop=\"text\" ><hr \/>\n<h3>Photo Gallery<\/h3>\n<\/div><\/section><br \/>\n<section class=\"av_textblock_section \"  itemscope=\"itemscope\" itemtype=\"https:\/\/schema.org\/CreativeWork\" ><div class='avia_textblock  '   itemprop=\"text\" >\n<\/div><\/section><\/p><\/div>\n","protected":false},"excerpt":{"rendered":"","protected":false},"author":4,"featured_media":0,"parent":0,"menu_order":0,"comment_status":"closed","ping_status":"closed","template":"","meta":{"footnotes":""},"class_list":["post-651","page","type-page","status-publish","hentry"],"yoast_head":"<!-- This site is optimized with the Yoast SEO Premium plugin v24.4 (Yoast SEO v24.4) - https:\/\/yoast.com\/wordpress\/plugins\/seo\/ -->\n<title>Peels Geneva | Cosmetic Peels Switzerland | Care Geneva<\/title>\n<meta name=\"description\" content=\"Peels Geneva: Cosmetic surgery that includes skin peels. Peeling the skin helps it rejuvenate and regain its young look and feel.\" \/>\n<meta name=\"robots\" content=\"index, follow, max-snippet:-1, max-image-preview:large, max-video-preview:-1\" \/>\n<link rel=\"canonical\" href=\"https:\/\/www.caregeneva.com\/en\/peels\/\" \/>\n<meta property=\"og:locale\" content=\"en_US\" \/>\n<meta property=\"og:type\" content=\"article\" \/>\n<meta property=\"og:title\" content=\"Peels\" \/>\n<meta property=\"og:description\" content=\"Peels Geneva: Cosmetic surgery that includes skin peels. Peeling the skin helps it rejuvenate and regain its young look and feel.\" \/>\n<meta property=\"og:url\" content=\"https:\/\/www.caregeneva.com\/en\/peels\/\" \/>\n<meta property=\"og:site_name\" content=\"Care Geneva Aesthetics\" \/>\n<meta property=\"article:modified_time\" content=\"2025-01-30T10:34:08+00:00\" \/>\n<meta name=\"twitter:card\" content=\"summary_large_image\" \/>\n<meta name=\"twitter:label1\" content=\"Est. reading time\" \/>\n\t<meta name=\"twitter:data1\" content=\"3 minutes\" \/>\n<script type=\"application\/ld+json\" class=\"yoast-schema-graph\">{\"@context\":\"https:\/\/schema.org\",\"@graph\":[{\"@type\":\"WebPage\",\"@id\":\"https:\/\/www.caregeneva.com\/en\/peels\/\",\"url\":\"https:\/\/www.caregeneva.com\/en\/peels\/\",\"name\":\"Peels Geneva | Cosmetic Peels Switzerland | Care Geneva\",\"isPartOf\":{\"@id\":\"https:\/\/www.caregeneva.com\/en\/#website\"},\"datePublished\":\"2016-03-08T11:03:17+00:00\",\"dateModified\":\"2025-01-30T10:34:08+00:00\",\"description\":\"Peels Geneva: Cosmetic surgery that includes skin peels. Peeling the skin helps it rejuvenate and regain its young look and feel.\",\"breadcrumb\":{\"@id\":\"https:\/\/www.caregeneva.com\/en\/peels\/#breadcrumb\"},\"inLanguage\":\"en-US\",\"potentialAction\":[{\"@type\":\"ReadAction\",\"target\":[\"https:\/\/www.caregeneva.com\/en\/peels\/\"]}]},{\"@type\":\"BreadcrumbList\",\"@id\":\"https:\/\/www.caregeneva.com\/en\/peels\/#breadcrumb\",\"itemListElement\":[{\"@type\":\"ListItem\",\"position\":1,\"name\":\"Accueil\",\"item\":\"https:\/\/www.caregeneva.com\/en\/\"},{\"@type\":\"ListItem\",\"position\":2,\"name\":\"Peels\"}]},{\"@type\":\"WebSite\",\"@id\":\"https:\/\/www.caregeneva.com\/en\/#website\",\"url\":\"https:\/\/www.caregeneva.com\/en\/\",\"name\":\"Care Geneva Aesthetics\",\"description\":\"Clinique de chirurgie plastique et de m\u00e9decine esth\u00e9tique \u00e0 Gen\u00e8ve qui offre des traitements avec un r\u00e9sultat naturel et durable dans le temps, en s&#039;appuyant sur des techniques s\u00fbres et \u00e0 la pointe de la recherche scientifique\",\"potentialAction\":[{\"@type\":\"SearchAction\",\"target\":{\"@type\":\"EntryPoint\",\"urlTemplate\":\"https:\/\/www.caregeneva.com\/en\/?s={search_term_string}\"},\"query-input\":{\"@type\":\"PropertyValueSpecification\",\"valueRequired\":true,\"valueName\":\"search_term_string\"}}],\"inLanguage\":\"en-US\"}]}<\/script>\n<!-- \/ Yoast SEO Premium plugin. -->","yoast_head_json":{"title":"Peels Geneva | Cosmetic Peels Switzerland | Care Geneva","description":"Peels Geneva: Cosmetic surgery that includes skin peels. Peeling the skin helps it rejuvenate and regain its young look and feel.","robots":{"index":"index","follow":"follow","max-snippet":"max-snippet:-1","max-image-preview":"max-image-preview:large","max-video-preview":"max-video-preview:-1"},"canonical":"https:\/\/www.caregeneva.com\/en\/peels\/","og_locale":"en_US","og_type":"article","og_title":"Peels","og_description":"Peels Geneva: Cosmetic surgery that includes skin peels. Peeling the skin helps it rejuvenate and regain its young look and feel.","og_url":"https:\/\/www.caregeneva.com\/en\/peels\/","og_site_name":"Care Geneva Aesthetics","article_modified_time":"2025-01-30T10:34:08+00:00","twitter_card":"summary_large_image","twitter_misc":{"Est. reading time":"3 minutes"},"schema":{"@context":"https:\/\/schema.org","@graph":[{"@type":"WebPage","@id":"https:\/\/www.caregeneva.com\/en\/peels\/","url":"https:\/\/www.caregeneva.com\/en\/peels\/","name":"Peels Geneva | Cosmetic Peels Switzerland | Care Geneva","isPartOf":{"@id":"https:\/\/www.caregeneva.com\/en\/#website"},"datePublished":"2016-03-08T11:03:17+00:00","dateModified":"2025-01-30T10:34:08+00:00","description":"Peels Geneva: Cosmetic surgery that includes skin peels. Peeling the skin helps it rejuvenate and regain its young look and feel.","breadcrumb":{"@id":"https:\/\/www.caregeneva.com\/en\/peels\/#breadcrumb"},"inLanguage":"en-US","potentialAction":[{"@type":"ReadAction","target":["https:\/\/www.caregeneva.com\/en\/peels\/"]}]},{"@type":"BreadcrumbList","@id":"https:\/\/www.caregeneva.com\/en\/peels\/#breadcrumb","itemListElement":[{"@type":"ListItem","position":1,"name":"Accueil","item":"https:\/\/www.caregeneva.com\/en\/"},{"@type":"ListItem","position":2,"name":"Peels"}]},{"@type":"WebSite","@id":"https:\/\/www.caregeneva.com\/en\/#website","url":"https:\/\/www.caregeneva.com\/en\/","name":"Care Geneva Aesthetics","description":"Clinique de chirurgie plastique et de m\u00e9decine esth\u00e9tique \u00e0 Gen\u00e8ve qui offre des traitements avec un r\u00e9sultat naturel et durable dans le temps, en s&#039;appuyant sur des techniques s\u00fbres et \u00e0 la pointe de la recherche scientifique","potentialAction":[{"@type":"SearchAction","target":{"@type":"EntryPoint","urlTemplate":"https:\/\/www.caregeneva.com\/en\/?s={search_term_string}"},"query-input":{"@type":"PropertyValueSpecification","valueRequired":true,"valueName":"search_term_string"}}],"inLanguage":"en-US"}]}},"_links":{"self":[{"href":"https:\/\/www.caregeneva.com\/en\/wp-json\/wp\/v2\/pages\/651","targetHints":{"allow":["GET"]}}],"collection":[{"href":"https:\/\/www.caregeneva.com\/en\/wp-json\/wp\/v2\/pages"}],"about":[{"href":"https:\/\/www.caregeneva.com\/en\/wp-json\/wp\/v2\/types\/page"}],"author":[{"embeddable":true,"href":"https:\/\/www.caregeneva.com\/en\/wp-json\/wp\/v2\/users\/4"}],"replies":[{"embeddable":true,"href":"https:\/\/www.caregeneva.com\/en\/wp-json\/wp\/v2\/comments?post=651"}],"version-history":[{"count":2,"href":"https:\/\/www.caregeneva.com\/en\/wp-json\/wp\/v2\/pages\/651\/revisions"}],"predecessor-version":[{"id":7398,"href":"https:\/\/www.caregeneva.com\/en\/wp-json\/wp\/v2\/pages\/651\/revisions\/7398"}],"wp:attachment":[{"href":"https:\/\/www.caregeneva.com\/en\/wp-json\/wp\/v2\/media?parent=651"}],"curies":[{"name":"wp","href":"https:\/\/api.w.org\/{rel}","templated":true}]}}