{"id":7002,"date":"2024-05-28T12:30:54","date_gmt":"2024-05-28T11:30:54","guid":{"rendered":"https:\/\/www.caregeneva.com\/?page_id=7002"},"modified":"2024-05-28T12:33:43","modified_gmt":"2024-05-28T11:33:43","slug":"hyperhidrosis-botulinium-toxin","status":"publish","type":"page","link":"https:\/\/www.caregeneva.com\/en\/hyperhidrosis-botulinium-toxin\/","title":{"rendered":"Hyperhidrosis with botulinium toxin"},"content":{"rendered":"<div class=\"flex_column av_one_full  flex_column_div av-zero-column-padding first  avia-builder-el-0  el_before_av_hr  avia-builder-el-first  \" style='border-radius:0px; '><section class=\"av_textblock_section \"  itemscope=\"itemscope\" itemtype=\"https:\/\/schema.org\/CreativeWork\" ><div class='avia_textblock  '   itemprop=\"text\" ><h1 style=\"text-align: center;\">Botulinum toxin injection for hyperhidrosis<\/h1>\n<\/div><\/section><br \/>\n<section class=\"av_textblock_section \"  itemscope=\"itemscope\" itemtype=\"https:\/\/schema.org\/CreativeWork\" ><div class='avia_textblock  '   itemprop=\"text\" ><p>Botulinum toxin injections for the treatment of hyperhidrosis are an effective treatment option when other treatments have not produced satisfactory results. These injections work by temporarily blocking the chemical signals in the nerves that stimulate the sweat glands.<\/p>\n<p>Botulinum toxin type A injections are a safe, quick, and relatively long-lasting method for treating symptomatic excessive underarm sweating in specific areas such as the armpits, palms of the hands, and soles of the feet.<\/p>\n<p>In the literature, patients report high satisfaction, improved emotional and physical well-being, reduced activity limitations, and increased comfort.<\/p>\n<\/div><\/section><\/p><\/div><div   class='hr hr-default   avia-builder-el-3  el_after_av_one_full  el_before_av_one_full '><span class='hr-inner ' ><span class='hr-inner-style'><\/span><\/span><\/div><\/p>\n<div class=\"flex_column av_one_full  flex_column_div av-zero-column-padding first  avia-builder-el-4  el_after_av_hr  el_before_av_hr  \" style='border-radius:0px; '><section class=\"av_textblock_section \"  itemscope=\"itemscope\" itemtype=\"https:\/\/schema.org\/CreativeWork\" ><div class='avia_textblock  '   itemprop=\"text\" ><h2>How is botulinum toxin injection carried out in hyperhidrosis?<\/h2>\n<p>The Geneva botulinum toxin treatment consists of a series of injections, usually not very painful, using a fine needle. The duration of the treatment is a few minutes. Patients can resume their activities normally after the injections. 10 minutes before the injection, we apply an anesthetic cream to improve patient comfort. We also mix the neurotoxin with a local anesthetic which further improves comfort during the injection.<\/p>\n<p>Results are visible between the third and seventh day. You are seen again in consultation after two weeks. A \u201ctouch-up\u201d can be offered at this time to perfect the result. After four to six months, the effect fades and the session must be repeated.<\/p>\n<h2>And the side effects?<\/h2>\n<p>Side effects are rare: pain, redness or bruising may occur in the injected area. The doctor with his experience will make sure to avoid these latter inconveniences as much as possible.\u00a0 Allergies are exceptional.<\/p>\n<\/div><\/section><\/div><div   class='hr hr-default   avia-builder-el-6  el_after_av_one_full  el_before_av_one_full '><span class='hr-inner ' ><span class='hr-inner-style'><\/span><\/span><\/div><\/p>\n<div class=\"flex_column av_one_full  flex_column_div av-zero-column-padding first  avia-builder-el-7  el_after_av_hr  el_before_av_hr  \" style='border-radius:0px; '><section class=\"av_textblock_section \"  itemscope=\"itemscope\" itemtype=\"https:\/\/schema.org\/CreativeWork\" ><div class='avia_textblock  '   itemprop=\"text\" ><h2>FAQ<\/h2>\n<h4>What mechanism of action?<\/h4>\n<p>The toxin inhibits the release of acetylcholine from the sympathetic nerves that innervate the eccrine sweat glands, thereby preventing overstimulation and excessive sweating.<\/p>\n<h4>How long does the effect last?<\/h4>\n<p>The effects of botulinum toxin last on average about six to nine months.- Axillary Hyperhidrosis: Botulinum toxin injections are particularly useful for underarm sweating.<\/p>\n<h4>Palmar and Plantar Hyperhidrosis?<\/h4>\n<p>Although most commonly used for axillary hyperhidrosis, botulinum toxin injections can also be effective in treating excessive sweating of the palms and soles of the feet.<\/p>\n<h4>Who is the ideal candidate?<\/h4>\n<p>Patients who have failed or have an intolerance to topical antiperspirants (such as aluminum chloride) may benefit from botulinum toxin injections.<\/p>\n<h4>How is botulinum toxin injected in the treatment of hyperhidrosisAdministration?<\/h4>\n<p>Dermatologists, neurologists, or pediatricians may administer botulinum toxin type A for severe primary hyperhidrosis of the armpits in patients ages 12 and older.<\/p>\n<h4>Why does the effect of botulinum toxin injection last longer in some people compared to others?<\/h4>\n<p>The effect on the face lasts 4 &#8211; 6 months. The duration depends on several factors including the dose of botulinum toxin Geneva and the &#8220;expressivity&#8221; of the patient are among the most important factors. When it comes to dose, there is an optimal dose. If you inject more than this dose, the effect will not be stronger and will not last longer. This dose varies from one patient to another. It is the doctor&#8217;s experience that will determine this optimal dose. Furthermore, the more expressive a patient is, the less the effect of botulinum toxin will last over time. Finally, tolerance to the appearance of the first signs of a reduction in the effect of botulinum toxin varies from one individual to another. Some wait longer than others to consult.<\/p>\n<h4>What is the difference between the different toxins\u00a0(Botox,\u00a0Vistabel,\u00a0Dysport\u00a0and\u00a0Xeomin)?<\/h4>\n<p>The differences are not significant for patients.\u00a0Indeed, a good doctor can achieve optimal effect with any of the\u00a0products we have mentioned.\u00a0However, differences exist, for example, we know that the diffusion of\u00a0Dysport\u00a0is greater in tissues.\u00a0Some doctors prefer this effect and therefore use this product.<\/p>\n<h4>How long does the effect of botulinum toxin last?<\/h4>\n<p>After the injection, a plateau is reached approximately 1 week. This plateau lasts between 4-6 months. The duration of the plateau varies from one individual to another. The factors that influence the duration are multiple and not all of them are known. We know, for example, that the more expressive a person is, the shorter the duration. A healthy lifestyle would increase the duration. Stress and smoking seem to shorten the duration.<\/p>\n<p>Remember to consult a healthcare professional to determine the most suitable treatment approach for each patient. Botulinum toxin injections offer a valuable option for managing hyperhidrosis, improving patients&#8217; quality of life and reducing the impact of excessive sweating.<\/p>\n<\/div><\/section><\/div><div   class='hr hr-default   avia-builder-el-9  el_after_av_one_full  avia-builder-el-last '><span class='hr-inner ' ><span class='hr-inner-style'><\/span><\/span><\/div><\/p>\n","protected":false},"excerpt":{"rendered":"","protected":false},"author":4,"featured_media":0,"parent":0,"menu_order":0,"comment_status":"closed","ping_status":"closed","template":"","meta":{"footnotes":""},"class_list":["post-7002","page","type-page","status-publish","hentry"],"yoast_head":"<!-- This site is optimized with the Yoast SEO Premium plugin v24.4 (Yoast SEO v24.4) - https:\/\/yoast.com\/wordpress\/plugins\/seo\/ -->\n<title>Hyperhidrosis botulinum toxin<\/title>\n<meta name=\"description\" content=\"Botulinum toxin injection for the treatment of hyperhidrosis is very effective, the effect lasts 6 months or more.\" \/>\n<meta name=\"robots\" content=\"index, follow, max-snippet:-1, max-image-preview:large, max-video-preview:-1\" \/>\n<link rel=\"canonical\" href=\"https:\/\/www.caregeneva.com\/en\/hyperhidrosis-botulinium-toxin\/\" \/>\n<meta property=\"og:locale\" content=\"en_US\" \/>\n<meta property=\"og:type\" content=\"article\" \/>\n<meta property=\"og:title\" content=\"Hyperhidrosis with botulinium toxin\" \/>\n<meta property=\"og:description\" content=\"Botulinum toxin injection for the treatment of hyperhidrosis is very effective, the effect lasts 6 months or more.\" \/>\n<meta property=\"og:url\" content=\"https:\/\/www.caregeneva.com\/en\/hyperhidrosis-botulinium-toxin\/\" \/>\n<meta property=\"og:site_name\" content=\"Care Geneva Aesthetics\" \/>\n<meta property=\"article:modified_time\" content=\"2024-05-28T11:33:43+00:00\" \/>\n<meta name=\"twitter:card\" content=\"summary_large_image\" \/>\n<meta name=\"twitter:label1\" content=\"Est. reading time\" \/>\n\t<meta name=\"twitter:data1\" content=\"6 minutes\" \/>\n<script type=\"application\/ld+json\" class=\"yoast-schema-graph\">{\"@context\":\"https:\/\/schema.org\",\"@graph\":[{\"@type\":\"WebPage\",\"@id\":\"https:\/\/www.caregeneva.com\/en\/hyperhidrosis-botulinium-toxin\/\",\"url\":\"https:\/\/www.caregeneva.com\/en\/hyperhidrosis-botulinium-toxin\/\",\"name\":\"Hyperhidrosis botulinum toxin\",\"isPartOf\":{\"@id\":\"https:\/\/www.caregeneva.com\/en\/#website\"},\"datePublished\":\"2024-05-28T11:30:54+00:00\",\"dateModified\":\"2024-05-28T11:33:43+00:00\",\"description\":\"Botulinum toxin injection for the treatment of hyperhidrosis is very effective, the effect lasts 6 months or more.\",\"breadcrumb\":{\"@id\":\"https:\/\/www.caregeneva.com\/en\/hyperhidrosis-botulinium-toxin\/#breadcrumb\"},\"inLanguage\":\"en-US\",\"potentialAction\":[{\"@type\":\"ReadAction\",\"target\":[\"https:\/\/www.caregeneva.com\/en\/hyperhidrosis-botulinium-toxin\/\"]}]},{\"@type\":\"BreadcrumbList\",\"@id\":\"https:\/\/www.caregeneva.com\/en\/hyperhidrosis-botulinium-toxin\/#breadcrumb\",\"itemListElement\":[{\"@type\":\"ListItem\",\"position\":1,\"name\":\"Accueil\",\"item\":\"https:\/\/www.caregeneva.com\/en\/\"},{\"@type\":\"ListItem\",\"position\":2,\"name\":\"Hyperhidrosis with botulinium toxin\"}]},{\"@type\":\"WebSite\",\"@id\":\"https:\/\/www.caregeneva.com\/en\/#website\",\"url\":\"https:\/\/www.caregeneva.com\/en\/\",\"name\":\"Care Geneva Aesthetics\",\"description\":\"Clinique de chirurgie plastique et de m\u00e9decine esth\u00e9tique \u00e0 Gen\u00e8ve qui offre des traitements avec un r\u00e9sultat naturel et durable dans le temps, en s&#039;appuyant sur des techniques s\u00fbres et \u00e0 la pointe de la recherche scientifique\",\"potentialAction\":[{\"@type\":\"SearchAction\",\"target\":{\"@type\":\"EntryPoint\",\"urlTemplate\":\"https:\/\/www.caregeneva.com\/en\/?s={search_term_string}\"},\"query-input\":{\"@type\":\"PropertyValueSpecification\",\"valueRequired\":true,\"valueName\":\"search_term_string\"}}],\"inLanguage\":\"en-US\"}]}<\/script>\n<!-- \/ Yoast SEO Premium plugin. -->","yoast_head_json":{"title":"Hyperhidrosis botulinum toxin","description":"Botulinum toxin injection for the treatment of hyperhidrosis is very effective, the effect lasts 6 months or more.","robots":{"index":"index","follow":"follow","max-snippet":"max-snippet:-1","max-image-preview":"max-image-preview:large","max-video-preview":"max-video-preview:-1"},"canonical":"https:\/\/www.caregeneva.com\/en\/hyperhidrosis-botulinium-toxin\/","og_locale":"en_US","og_type":"article","og_title":"Hyperhidrosis with botulinium toxin","og_description":"Botulinum toxin injection for the treatment of hyperhidrosis is very effective, the effect lasts 6 months or more.","og_url":"https:\/\/www.caregeneva.com\/en\/hyperhidrosis-botulinium-toxin\/","og_site_name":"Care Geneva Aesthetics","article_modified_time":"2024-05-28T11:33:43+00:00","twitter_card":"summary_large_image","twitter_misc":{"Est. reading time":"6 minutes"},"schema":{"@context":"https:\/\/schema.org","@graph":[{"@type":"WebPage","@id":"https:\/\/www.caregeneva.com\/en\/hyperhidrosis-botulinium-toxin\/","url":"https:\/\/www.caregeneva.com\/en\/hyperhidrosis-botulinium-toxin\/","name":"Hyperhidrosis botulinum toxin","isPartOf":{"@id":"https:\/\/www.caregeneva.com\/en\/#website"},"datePublished":"2024-05-28T11:30:54+00:00","dateModified":"2024-05-28T11:33:43+00:00","description":"Botulinum toxin injection for the treatment of hyperhidrosis is very effective, the effect lasts 6 months or more.","breadcrumb":{"@id":"https:\/\/www.caregeneva.com\/en\/hyperhidrosis-botulinium-toxin\/#breadcrumb"},"inLanguage":"en-US","potentialAction":[{"@type":"ReadAction","target":["https:\/\/www.caregeneva.com\/en\/hyperhidrosis-botulinium-toxin\/"]}]},{"@type":"BreadcrumbList","@id":"https:\/\/www.caregeneva.com\/en\/hyperhidrosis-botulinium-toxin\/#breadcrumb","itemListElement":[{"@type":"ListItem","position":1,"name":"Accueil","item":"https:\/\/www.caregeneva.com\/en\/"},{"@type":"ListItem","position":2,"name":"Hyperhidrosis with botulinium toxin"}]},{"@type":"WebSite","@id":"https:\/\/www.caregeneva.com\/en\/#website","url":"https:\/\/www.caregeneva.com\/en\/","name":"Care Geneva Aesthetics","description":"Clinique de chirurgie plastique et de m\u00e9decine esth\u00e9tique \u00e0 Gen\u00e8ve qui offre des traitements avec un r\u00e9sultat naturel et durable dans le temps, en s&#039;appuyant sur des techniques s\u00fbres et \u00e0 la pointe de la recherche scientifique","potentialAction":[{"@type":"SearchAction","target":{"@type":"EntryPoint","urlTemplate":"https:\/\/www.caregeneva.com\/en\/?s={search_term_string}"},"query-input":{"@type":"PropertyValueSpecification","valueRequired":true,"valueName":"search_term_string"}}],"inLanguage":"en-US"}]}},"_links":{"self":[{"href":"https:\/\/www.caregeneva.com\/en\/wp-json\/wp\/v2\/pages\/7002","targetHints":{"allow":["GET"]}}],"collection":[{"href":"https:\/\/www.caregeneva.com\/en\/wp-json\/wp\/v2\/pages"}],"about":[{"href":"https:\/\/www.caregeneva.com\/en\/wp-json\/wp\/v2\/types\/page"}],"author":[{"embeddable":true,"href":"https:\/\/www.caregeneva.com\/en\/wp-json\/wp\/v2\/users\/4"}],"replies":[{"embeddable":true,"href":"https:\/\/www.caregeneva.com\/en\/wp-json\/wp\/v2\/comments?post=7002"}],"version-history":[{"count":0,"href":"https:\/\/www.caregeneva.com\/en\/wp-json\/wp\/v2\/pages\/7002\/revisions"}],"wp:attachment":[{"href":"https:\/\/www.caregeneva.com\/en\/wp-json\/wp\/v2\/media?parent=7002"}],"curies":[{"name":"wp","href":"https:\/\/api.w.org\/{rel}","templated":true}]}}