{"id":7434,"date":"2025-01-30T13:03:28","date_gmt":"2025-01-30T12:03:28","guid":{"rendered":"https:\/\/www.caregeneva.com\/?page_id=7434"},"modified":"2025-01-30T13:06:12","modified_gmt":"2025-01-30T12:06:12","slug":"fat-transfer-buttock","status":"publish","type":"page","link":"https:\/\/www.caregeneva.com\/en\/fat-transfer-buttock\/","title":{"rendered":"Fat transfer buttock Geneva"},"content":{"rendered":"<div class=\"flex_column av_one_full  flex_column_div av-zero-column-padding first  avia-builder-el-0  el_before_av_one_full  avia-builder-el-first  \" style='border-radius:0px; '><section class=\"av_textblock_section \"  itemscope=\"itemscope\" itemtype=\"https:\/\/schema.org\/CreativeWork\" ><div class='avia_textblock  '   itemprop=\"text\" ><h2><strong>Buttock fat transfer Geneva<\/strong><\/h2>\n<p>The principle of lipofilling or lipomodeling is to use fat harvested by liposuction which will then allow for:<\/p>\n<ul>\n<li>Restoration of volumes and enhancement of the face, lips, cheekbones, chin, hollows under the eyes<\/li>\n<li>Filling and attenuation of facial wrinkles: nasolabial fold, frown lines<\/li>\n<li>Increase in volume of the breasts or buttocks<\/li>\n<\/ul>\n<p><strong>Our video on lipofilling of the buttocks<\/strong><\/p>\n<p>Learn more about buttock lipofilling<\/p>\n<p>This technique can also be used for the following indications:<\/p>\n<ul>\n<li>Filling a tissue depression following trauma<\/li>\n<li>Correction of irregularities following poorly conducted liposuction<\/li>\n<li>Correction of fat wasting after triple therapy in HIV+ patients<\/li>\n<li>A thorough clinical and photographic study of the corrections to be made on youthful photographs, compared to the current state, will be conducted beforehand.<\/li>\n<\/ul>\n<p>Lipofilling is usually performed under local anesthesia (with or without an intravenous tranquilizer &#8211; vigilant anesthesia) on an outpatient basis.<\/p>\n<p>The removal of fatty tissue is done through a micro-incision in a discreet area where there was a reserve or even an excess of fatty tissue.<\/p>\n<p>The reinjection of fatty tissue is done through 1mm incisions using micro-cannulas. Since this involves actual grafting of living cells, the lipofilling technique allows for durable filling.<\/p>\n<p>The duration of the procedure can vary from 30 minutes to 2 hours depending on the case. Pain is generally minimal.<\/p>\n<p>Physical recovery is usually quick due to the light and superficial nature of the procedure.<\/p>\n<p>A portion of the injected fat will resorb, and the final result can only be appreciated after 2-3 months. In some cases, for significant augmentation, one or two liposculpture sessions can be planned in advance to achieve a satisfactory result.<\/p>\n<\/div><\/section><\/div><div class=\"flex_column av_one_full  flex_column_div av-zero-column-padding first  avia-builder-el-2  el_after_av_one_full  avia-builder-el-last  column-top-margin\" style='border-radius:0px; '><section class=\"av_textblock_section \"  itemscope=\"itemscope\" itemtype=\"https:\/\/schema.org\/CreativeWork\" ><div class='avia_textblock  '   itemprop=\"text\" ><h3>Photo Gallery<\/h3>\n<\/div><\/section><br \/>\n<section class=\"av_textblock_section \"  itemscope=\"itemscope\" itemtype=\"https:\/\/schema.org\/CreativeWork\" ><div class='avia_textblock  '   itemprop=\"text\" >\n<\/div><\/section><\/p><\/div><\/p>\n","protected":false},"excerpt":{"rendered":"","protected":false},"author":4,"featured_media":0,"parent":0,"menu_order":0,"comment_status":"closed","ping_status":"closed","template":"","meta":{"footnotes":""},"class_list":["post-7434","page","type-page","status-publish","hentry"],"yoast_head":"<!-- This site is optimized with the Yoast SEO Premium plugin v24.4 (Yoast SEO v24.4) - https:\/\/yoast.com\/wordpress\/plugins\/seo\/ -->\n<title>Fat transfer buttocks<\/title>\n<meta name=\"description\" content=\"Fat transfer for buttocks is a natural way to enhance the buttock area without scars and with a permanent result\" \/>\n<meta name=\"robots\" content=\"index, follow, max-snippet:-1, max-image-preview:large, max-video-preview:-1\" \/>\n<link rel=\"canonical\" href=\"https:\/\/www.caregeneva.com\/en\/fat-transfer-buttock\/\" \/>\n<meta property=\"og:locale\" content=\"en_US\" \/>\n<meta property=\"og:type\" content=\"article\" \/>\n<meta property=\"og:title\" content=\"Fat transfer buttock Geneva\" \/>\n<meta property=\"og:description\" content=\"Fat transfer for buttocks is a natural way to enhance the buttock area without scars and with a permanent result\" \/>\n<meta property=\"og:url\" content=\"https:\/\/www.caregeneva.com\/en\/fat-transfer-buttock\/\" \/>\n<meta property=\"og:site_name\" content=\"Care Geneva Aesthetics\" \/>\n<meta property=\"article:modified_time\" content=\"2025-01-30T12:06:12+00:00\" \/>\n<meta name=\"twitter:card\" content=\"summary_large_image\" \/>\n<meta name=\"twitter:label1\" content=\"Est. reading time\" \/>\n\t<meta name=\"twitter:data1\" content=\"3 minutes\" \/>\n<script type=\"application\/ld+json\" class=\"yoast-schema-graph\">{\"@context\":\"https:\/\/schema.org\",\"@graph\":[{\"@type\":\"WebPage\",\"@id\":\"https:\/\/www.caregeneva.com\/en\/fat-transfer-buttock\/\",\"url\":\"https:\/\/www.caregeneva.com\/en\/fat-transfer-buttock\/\",\"name\":\"Fat transfer buttocks\",\"isPartOf\":{\"@id\":\"https:\/\/www.caregeneva.com\/en\/#website\"},\"datePublished\":\"2025-01-30T12:03:28+00:00\",\"dateModified\":\"2025-01-30T12:06:12+00:00\",\"description\":\"Fat transfer for buttocks is a natural way to enhance the buttock area without scars and with a permanent result\",\"breadcrumb\":{\"@id\":\"https:\/\/www.caregeneva.com\/en\/fat-transfer-buttock\/#breadcrumb\"},\"inLanguage\":\"en-US\",\"potentialAction\":[{\"@type\":\"ReadAction\",\"target\":[\"https:\/\/www.caregeneva.com\/en\/fat-transfer-buttock\/\"]}]},{\"@type\":\"BreadcrumbList\",\"@id\":\"https:\/\/www.caregeneva.com\/en\/fat-transfer-buttock\/#breadcrumb\",\"itemListElement\":[{\"@type\":\"ListItem\",\"position\":1,\"name\":\"Accueil\",\"item\":\"https:\/\/www.caregeneva.com\/en\/\"},{\"@type\":\"ListItem\",\"position\":2,\"name\":\"Fat transfer buttock Geneva\"}]},{\"@type\":\"WebSite\",\"@id\":\"https:\/\/www.caregeneva.com\/en\/#website\",\"url\":\"https:\/\/www.caregeneva.com\/en\/\",\"name\":\"Care Geneva Aesthetics\",\"description\":\"Clinique de chirurgie plastique et de m\u00e9decine esth\u00e9tique \u00e0 Gen\u00e8ve qui offre des traitements avec un r\u00e9sultat naturel et durable dans le temps, en s&#039;appuyant sur des techniques s\u00fbres et \u00e0 la pointe de la recherche scientifique\",\"potentialAction\":[{\"@type\":\"SearchAction\",\"target\":{\"@type\":\"EntryPoint\",\"urlTemplate\":\"https:\/\/www.caregeneva.com\/en\/?s={search_term_string}\"},\"query-input\":{\"@type\":\"PropertyValueSpecification\",\"valueRequired\":true,\"valueName\":\"search_term_string\"}}],\"inLanguage\":\"en-US\"}]}<\/script>\n<!-- \/ Yoast SEO Premium plugin. -->","yoast_head_json":{"title":"Fat transfer buttocks","description":"Fat transfer for buttocks is a natural way to enhance the buttock area without scars and with a permanent result","robots":{"index":"index","follow":"follow","max-snippet":"max-snippet:-1","max-image-preview":"max-image-preview:large","max-video-preview":"max-video-preview:-1"},"canonical":"https:\/\/www.caregeneva.com\/en\/fat-transfer-buttock\/","og_locale":"en_US","og_type":"article","og_title":"Fat transfer buttock Geneva","og_description":"Fat transfer for buttocks is a natural way to enhance the buttock area without scars and with a permanent result","og_url":"https:\/\/www.caregeneva.com\/en\/fat-transfer-buttock\/","og_site_name":"Care Geneva Aesthetics","article_modified_time":"2025-01-30T12:06:12+00:00","twitter_card":"summary_large_image","twitter_misc":{"Est. reading time":"3 minutes"},"schema":{"@context":"https:\/\/schema.org","@graph":[{"@type":"WebPage","@id":"https:\/\/www.caregeneva.com\/en\/fat-transfer-buttock\/","url":"https:\/\/www.caregeneva.com\/en\/fat-transfer-buttock\/","name":"Fat transfer buttocks","isPartOf":{"@id":"https:\/\/www.caregeneva.com\/en\/#website"},"datePublished":"2025-01-30T12:03:28+00:00","dateModified":"2025-01-30T12:06:12+00:00","description":"Fat transfer for buttocks is a natural way to enhance the buttock area without scars and with a permanent result","breadcrumb":{"@id":"https:\/\/www.caregeneva.com\/en\/fat-transfer-buttock\/#breadcrumb"},"inLanguage":"en-US","potentialAction":[{"@type":"ReadAction","target":["https:\/\/www.caregeneva.com\/en\/fat-transfer-buttock\/"]}]},{"@type":"BreadcrumbList","@id":"https:\/\/www.caregeneva.com\/en\/fat-transfer-buttock\/#breadcrumb","itemListElement":[{"@type":"ListItem","position":1,"name":"Accueil","item":"https:\/\/www.caregeneva.com\/en\/"},{"@type":"ListItem","position":2,"name":"Fat transfer buttock Geneva"}]},{"@type":"WebSite","@id":"https:\/\/www.caregeneva.com\/en\/#website","url":"https:\/\/www.caregeneva.com\/en\/","name":"Care Geneva Aesthetics","description":"Clinique de chirurgie plastique et de m\u00e9decine esth\u00e9tique \u00e0 Gen\u00e8ve qui offre des traitements avec un r\u00e9sultat naturel et durable dans le temps, en s&#039;appuyant sur des techniques s\u00fbres et \u00e0 la pointe de la recherche scientifique","potentialAction":[{"@type":"SearchAction","target":{"@type":"EntryPoint","urlTemplate":"https:\/\/www.caregeneva.com\/en\/?s={search_term_string}"},"query-input":{"@type":"PropertyValueSpecification","valueRequired":true,"valueName":"search_term_string"}}],"inLanguage":"en-US"}]}},"_links":{"self":[{"href":"https:\/\/www.caregeneva.com\/en\/wp-json\/wp\/v2\/pages\/7434","targetHints":{"allow":["GET"]}}],"collection":[{"href":"https:\/\/www.caregeneva.com\/en\/wp-json\/wp\/v2\/pages"}],"about":[{"href":"https:\/\/www.caregeneva.com\/en\/wp-json\/wp\/v2\/types\/page"}],"author":[{"embeddable":true,"href":"https:\/\/www.caregeneva.com\/en\/wp-json\/wp\/v2\/users\/4"}],"replies":[{"embeddable":true,"href":"https:\/\/www.caregeneva.com\/en\/wp-json\/wp\/v2\/comments?post=7434"}],"version-history":[{"count":4,"href":"https:\/\/www.caregeneva.com\/en\/wp-json\/wp\/v2\/pages\/7434\/revisions"}],"predecessor-version":[{"id":7445,"href":"https:\/\/www.caregeneva.com\/en\/wp-json\/wp\/v2\/pages\/7434\/revisions\/7445"}],"wp:attachment":[{"href":"https:\/\/www.caregeneva.com\/en\/wp-json\/wp\/v2\/media?parent=7434"}],"curies":[{"name":"wp","href":"https:\/\/api.w.org\/{rel}","templated":true}]}}